{"id":86283,"date":"2024-02-05T14:16:45","date_gmt":"2024-02-05T13:22:09","guid":{"rendered":"https:\/\/poppers-online.ch\/produkt\/xtrm-slinger-noir-petit-10ml\/"},"modified":"2024-02-05T14:22:09","modified_gmt":"2024-02-05T13:22:09","slug":"xtrm-slinger-noir-petit-10ml","status":"publish","type":"product","link":"https:\/\/poppers-online.ch\/fr\/produit\/xtrm-slinger-noir-petit-10ml\/","title":{"rendered":"XTRM Slinger Noir petit 10ml"},"content":{"rendered":"","protected":false},"excerpt":{"rendered":"<p><span style=\"font-weight: 400\">Le <strong>XTRM Slinger Black small 10ml<\/strong> est une autre solution aux probl\u00e8mes de tous les fans de poppers de la maison XTRM. Tu peux d\u00e9sormais t&rsquo;allonger confortablement dans le sling et avoir ton poppers \u00e0 port\u00e9e de main, sans devoir chercher et d\u00e9visser un flacon. Le XTRM Slinger se compose d&rsquo;un inhalateur, d&rsquo;un tuyau flexible pratique (100 cm) et d&rsquo;un support pour le biberon. Le support peut \u00eatre fix\u00e9 \u00e0 n&rsquo;importe quel sling, pied de chaise ou de table, cage, etc. (circonf\u00e9rence du tube jusqu&rsquo;\u00e0 50 mm). Le Slinger XTRM Black small est con\u00e7u pour tous les 10ml  <\/span><span style=\"font-weight: 400\">Les bouteilles de Lockerroom, Oxymoron et Shelbora sont adapt\u00e9es. D\u00e9couvre de nouvelles dimensions de plaisir avec le Slinger de XTRM et ton poppers pr\u00e9f\u00e9r\u00e9. Profite du confort d&rsquo;avoir toujours ton poppers \u00e0 port\u00e9e de main, sans avoir \u00e0 le chercher et \u00e0 le renverser. Apr\u00e8s ta session, tu dois revisser le flacon de poppers avec le bouchon original du fabricant.  <\/span><\/p>\n","protected":false},"featured_media":86277,"comment_status":"open","ping_status":"closed","template":"","meta":{"_acf_changed":false,"iawp_total_views":15,"_glsr_average":0,"_glsr_ranking":0,"_glsr_reviews":0},"product_brand":[],"product_cat":[149,1305],"product_tag":[],"class_list":{"0":"post-86283","1":"product","2":"type-product","3":"status-publish","4":"has-post-thumbnail","6":"product_cat-accessoires-poppers","7":"product_cat-holders","8":"pa_booster-cap-gewindegroesse-pour-taille-de-filetage-small","9":"pa_holder-groesse-pour-les-petits-flacons","11":"first","12":"instock","13":"taxable","14":"shipping-taxable","15":"purchasable","16":"product-type-simple"},"acf":[],"_links":{"self":[{"href":"https:\/\/poppers-online.ch\/fr\/wp-json\/wp\/v2\/product\/86283","targetHints":{"allow":["GET"]}}],"collection":[{"href":"https:\/\/poppers-online.ch\/fr\/wp-json\/wp\/v2\/product"}],"about":[{"href":"https:\/\/poppers-online.ch\/fr\/wp-json\/wp\/v2\/types\/product"}],"replies":[{"embeddable":true,"href":"https:\/\/poppers-online.ch\/fr\/wp-json\/wp\/v2\/comments?post=86283"}],"wp:featuredmedia":[{"embeddable":true,"href":"https:\/\/poppers-online.ch\/fr\/wp-json\/wp\/v2\/media\/86277"}],"wp:attachment":[{"href":"https:\/\/poppers-online.ch\/fr\/wp-json\/wp\/v2\/media?parent=86283"}],"wp:term":[{"taxonomy":"product_brand","embeddable":true,"href":"https:\/\/poppers-online.ch\/fr\/wp-json\/wp\/v2\/product_brand?post=86283"},{"taxonomy":"product_cat","embeddable":true,"href":"https:\/\/poppers-online.ch\/fr\/wp-json\/wp\/v2\/product_cat?post=86283"},{"taxonomy":"product_tag","embeddable":true,"href":"https:\/\/poppers-online.ch\/fr\/wp-json\/wp\/v2\/product_tag?post=86283"}],"curies":[{"name":"wp","href":"https:\/\/api.w.org\/{rel}","templated":true}]}}