{"id":86190,"date":"2024-02-04T20:11:17","date_gmt":"2024-02-04T19:11:17","guid":{"rendered":"https:\/\/poppers-online.ch\/produkt\/brutus-poppers-24ml\/"},"modified":"2024-12-14T19:00:29","modified_gmt":"2024-12-14T18:00:29","slug":"brutus-poppers-24ml","status":"publish","type":"product","link":"https:\/\/poppers-online.ch\/fr\/produit\/brutus-poppers-24ml\/","title":{"rendered":"Brutus Poppers 24ml"},"content":{"rendered":"","protected":false},"excerpt":{"rendered":"<p><span style=\"font-weight: 400;\"><strong>Brutus Poppers 24ml<\/strong> d&rsquo;Amsterdam est connu pour ses anneaux p\u00e9niens et ses extenseurs de balle excitants. Maintenant, le fabricant Brutus lance le poppers pour les gladiateurs et les bators. Si tu veux vivre des moments comme une b\u00eate d\u00e9sinhib\u00e9e, prends un sniff de Brutus Poppers. Le Brutus Poppers contient du pentylnitrite pur de qualit\u00e9 sup\u00e9rieure de force 6. La version 24 ml est conditionn\u00e9e dans une bouteille de poche en aluminium indestructible de 24 ml.<\/span><\/p>\n","protected":false},"featured_media":89618,"comment_status":"open","ping_status":"closed","template":"","meta":{"_acf_changed":false,"iawp_total_views":31,"_glsr_average":0,"_glsr_ranking":0,"_glsr_reviews":0},"product_brand":[],"product_cat":[1046,77],"product_tag":[1965],"class_list":{"0":"post-86190","1":"product","2":"type-product","3":"status-publish","4":"has-post-thumbnail","6":"product_cat-poppers","7":"product_cat-grands-flacons","8":"product_tag-brutus-poppers-24ml-fr","9":"pa_flaschenform-rond-petit","10":"pa_gewindegroesse-small","11":"pa_inhalt-24ml","12":"pa_inhaltsstoffe-nitrite-dalcool-isoamylique","13":"pa_staerke-91","15":"first","16":"instock","17":"taxable","18":"shipping-taxable","19":"purchasable","20":"product-type-simple"},"acf":[],"_links":{"self":[{"href":"https:\/\/poppers-online.ch\/fr\/wp-json\/wp\/v2\/product\/86190","targetHints":{"allow":["GET"]}}],"collection":[{"href":"https:\/\/poppers-online.ch\/fr\/wp-json\/wp\/v2\/product"}],"about":[{"href":"https:\/\/poppers-online.ch\/fr\/wp-json\/wp\/v2\/types\/product"}],"replies":[{"embeddable":true,"href":"https:\/\/poppers-online.ch\/fr\/wp-json\/wp\/v2\/comments?post=86190"}],"wp:featuredmedia":[{"embeddable":true,"href":"https:\/\/poppers-online.ch\/fr\/wp-json\/wp\/v2\/media\/89618"}],"wp:attachment":[{"href":"https:\/\/poppers-online.ch\/fr\/wp-json\/wp\/v2\/media?parent=86190"}],"wp:term":[{"taxonomy":"product_brand","embeddable":true,"href":"https:\/\/poppers-online.ch\/fr\/wp-json\/wp\/v2\/product_brand?post=86190"},{"taxonomy":"product_cat","embeddable":true,"href":"https:\/\/poppers-online.ch\/fr\/wp-json\/wp\/v2\/product_cat?post=86190"},{"taxonomy":"product_tag","embeddable":true,"href":"https:\/\/poppers-online.ch\/fr\/wp-json\/wp\/v2\/product_tag?post=86190"}],"curies":[{"name":"wp","href":"https:\/\/api.w.org\/{rel}","templated":true}]}}