{"id":86163,"date":"2024-02-04T19:42:57","date_gmt":"2024-02-04T18:42:57","guid":{"rendered":"https:\/\/poppers-online.ch\/?post_type=product&#038;p=86163"},"modified":"2025-10-23T12:41:14","modified_gmt":"2025-10-23T10:41:14","slug":"brutus-poppers-10ml","status":"publish","type":"product","link":"https:\/\/poppers-online.ch\/fr\/produit\/brutus-poppers-10ml\/","title":{"rendered":"Brutus Poppers 10ml"},"content":{"rendered":"","protected":false},"excerpt":{"rendered":"<p>Les <strong>Brutus Poppers 10ml<\/strong> d&rsquo;Amsterdam sont connus pour leurs excitants anneaux p\u00e9niens et \u00e9tireurs de testicules. Maintenant, le fabricant Brutus propose les poppers pour les gladiateurs et les masturbateurs. Si vous voulez vivre des moments comme une b\u00eate sans retenue, alors prenez une bouff\u00e9e de Brutus Poppers. Les Brutus Poppers contiennent du pentyle nitrite pur et de qualit\u00e9 sup\u00e9rieure d&rsquo;une force de 6. La version de 24ml est conditionn\u00e9e dans une bouteille en aluminium de poche indestructible de 24ml.<\/p>\n","protected":false},"featured_media":86242,"comment_status":"open","ping_status":"closed","template":"","meta":{"_acf_changed":false,"iawp_total_views":18,"_glsr_average":0,"_glsr_ranking":0,"_glsr_reviews":0},"product_brand":[],"product_cat":[78],"product_tag":[],"class_list":{"0":"post-86163","1":"product","2":"type-product","3":"status-publish","4":"has-post-thumbnail","6":"product_cat-petits-flacons","7":"pa_flaschenform-rond-petit","8":"pa_gewindegroesse-small","9":"pa_inhalt-10ml","10":"pa_inhaltsstoffe-nitrite-dalcool-isoamylique","11":"pa_staerke-91","13":"first","14":"instock","15":"taxable","16":"shipping-taxable","17":"purchasable","18":"product-type-simple"},"acf":[],"_links":{"self":[{"href":"https:\/\/poppers-online.ch\/fr\/wp-json\/wp\/v2\/product\/86163","targetHints":{"allow":["GET"]}}],"collection":[{"href":"https:\/\/poppers-online.ch\/fr\/wp-json\/wp\/v2\/product"}],"about":[{"href":"https:\/\/poppers-online.ch\/fr\/wp-json\/wp\/v2\/types\/product"}],"replies":[{"embeddable":true,"href":"https:\/\/poppers-online.ch\/fr\/wp-json\/wp\/v2\/comments?post=86163"}],"wp:featuredmedia":[{"embeddable":true,"href":"https:\/\/poppers-online.ch\/fr\/wp-json\/wp\/v2\/media\/86242"}],"wp:attachment":[{"href":"https:\/\/poppers-online.ch\/fr\/wp-json\/wp\/v2\/media?parent=86163"}],"wp:term":[{"taxonomy":"product_brand","embeddable":true,"href":"https:\/\/poppers-online.ch\/fr\/wp-json\/wp\/v2\/product_brand?post=86163"},{"taxonomy":"product_cat","embeddable":true,"href":"https:\/\/poppers-online.ch\/fr\/wp-json\/wp\/v2\/product_cat?post=86163"},{"taxonomy":"product_tag","embeddable":true,"href":"https:\/\/poppers-online.ch\/fr\/wp-json\/wp\/v2\/product_tag?post=86163"}],"curies":[{"name":"wp","href":"https:\/\/api.w.org\/{rel}","templated":true}]}}