{"id":86153,"date":"2024-02-04T19:07:11","date_gmt":"2024-02-04T18:07:11","guid":{"rendered":"https:\/\/poppers-online.ch\/?post_type=product&#038;p=86153"},"modified":"2025-10-23T12:39:06","modified_gmt":"2025-10-23T10:39:06","slug":"amsterdam-black-extra-strong-poppers-24ml","status":"publish","type":"product","link":"https:\/\/poppers-online.ch\/fr\/produit\/amsterdam-black-extra-strong-poppers-24ml\/","title":{"rendered":"Amsterdam Black Extra Strong Poppers 24ml"},"content":{"rendered":"","protected":false},"excerpt":{"rendered":"<p>Le <strong>Amsterdam Black Extra Strong Poppers 24ml<\/strong> est un produit de qualit\u00e9 \u00e0 base de nitrite de pentyle et la version noire et intense des poppers d&rsquo;Amsterdam. Les poppers d&rsquo;Amsterdam sont sur le march\u00e9 depuis aussi longtemps qu&rsquo;il y a des poppers. La famille Amsterdam se compose de diff\u00e9rents poppers d&rsquo;Amsterdam, tels que les Amsterdam Special Poppers, les v\u00e9ritables Amsterdam Poppers ou les New Amsterdam Poppers. La version noire et intense des poppers d&rsquo;Amsterdam t&#8217;emm\u00e8ne dans une aventure sexuelle et ne devrait certainement pas manquer dans ta collection de poppers. Essaie le Amsterdam Black Extra Strong Poppers lors de ta prochaine session intense.<\/p>\n","protected":false},"featured_media":86234,"comment_status":"open","ping_status":"closed","template":"","meta":{"_acf_changed":false,"iawp_total_views":0,"_glsr_average":0,"_glsr_ranking":0,"_glsr_reviews":0},"product_brand":[],"product_cat":[77],"product_tag":[1204],"class_list":{"0":"post-86153","1":"product","2":"type-product","3":"status-publish","4":"has-post-thumbnail","6":"product_cat-grands-flacons","7":"product_tag-amnesia-420-poppers-24ml-fr","8":"pa_flaschenform-ovale","9":"pa_gewindegroesse-small","10":"pa_inhalt-24ml","11":"pa_inhaltsstoffe-nitrite-de-pentyle","12":"pa_marke-amsterdam-poppers","13":"pa_staerke-90","15":"first","16":"instock","17":"taxable","18":"shipping-taxable","19":"purchasable","20":"product-type-simple"},"acf":[],"_links":{"self":[{"href":"https:\/\/poppers-online.ch\/fr\/wp-json\/wp\/v2\/product\/86153","targetHints":{"allow":["GET"]}}],"collection":[{"href":"https:\/\/poppers-online.ch\/fr\/wp-json\/wp\/v2\/product"}],"about":[{"href":"https:\/\/poppers-online.ch\/fr\/wp-json\/wp\/v2\/types\/product"}],"replies":[{"embeddable":true,"href":"https:\/\/poppers-online.ch\/fr\/wp-json\/wp\/v2\/comments?post=86153"}],"wp:featuredmedia":[{"embeddable":true,"href":"https:\/\/poppers-online.ch\/fr\/wp-json\/wp\/v2\/media\/86234"}],"wp:attachment":[{"href":"https:\/\/poppers-online.ch\/fr\/wp-json\/wp\/v2\/media?parent=86153"}],"wp:term":[{"taxonomy":"product_brand","embeddable":true,"href":"https:\/\/poppers-online.ch\/fr\/wp-json\/wp\/v2\/product_brand?post=86153"},{"taxonomy":"product_cat","embeddable":true,"href":"https:\/\/poppers-online.ch\/fr\/wp-json\/wp\/v2\/product_cat?post=86153"},{"taxonomy":"product_tag","embeddable":true,"href":"https:\/\/poppers-online.ch\/fr\/wp-json\/wp\/v2\/product_tag?post=86153"}],"curies":[{"name":"wp","href":"https:\/\/api.w.org\/{rel}","templated":true}]}}