{"id":85689,"date":"2024-01-31T17:10:29","date_gmt":"2024-01-31T16:10:29","guid":{"rendered":"https:\/\/poppers-online.ch\/?post_type=product&#038;p=85689"},"modified":"2024-10-15T23:20:51","modified_gmt":"2024-10-15T21:20:51","slug":"sport-fucker-poppers-24ml","status":"publish","type":"product","link":"https:\/\/poppers-online.ch\/fr\/produit\/sport-fucker-poppers-24ml\/","title":{"rendered":"Sport Fucker Poppers 24ml"},"content":{"rendered":"","protected":false},"excerpt":{"rendered":"<p>Sport Fucker est la marque tendance des Etats-Unis pour les cockrings et les ballstretchers en silicone de haute qualit\u00e9 : If Sex is your Sport we have got your Gear. Le<strong> Sport Fucker Poppers 24ml<\/strong> en nitrite de pentyle est destin\u00e9 \u00e0 tous ceux qui aiment la sueur, la salet\u00e9 et le sale. Une gorg\u00e9e de Sport Fucker Poppers fera de toi un sportif consentant et cochon.<\/p>\n","protected":false},"featured_media":89609,"comment_status":"open","ping_status":"closed","template":"","meta":{"_acf_changed":false,"iawp_total_views":7,"_glsr_average":0,"_glsr_ranking":0,"_glsr_reviews":0},"product_brand":[],"product_cat":[77],"product_tag":[],"class_list":{"0":"post-85689","1":"product","2":"type-product","3":"status-publish","4":"has-post-thumbnail","6":"product_cat-grands-flacons","7":"pa_flaschenform-ovale","8":"pa_gewindegroesse-small","9":"pa_inhalt-24ml","10":"pa_inhaltsstoffe-nitrite-dalcool-isoamylique","11":"pa_staerke-91","13":"first","14":"instock","15":"taxable","16":"shipping-taxable","17":"purchasable","18":"product-type-simple"},"acf":[],"_links":{"self":[{"href":"https:\/\/poppers-online.ch\/fr\/wp-json\/wp\/v2\/product\/85689","targetHints":{"allow":["GET"]}}],"collection":[{"href":"https:\/\/poppers-online.ch\/fr\/wp-json\/wp\/v2\/product"}],"about":[{"href":"https:\/\/poppers-online.ch\/fr\/wp-json\/wp\/v2\/types\/product"}],"replies":[{"embeddable":true,"href":"https:\/\/poppers-online.ch\/fr\/wp-json\/wp\/v2\/comments?post=85689"}],"wp:featuredmedia":[{"embeddable":true,"href":"https:\/\/poppers-online.ch\/fr\/wp-json\/wp\/v2\/media\/89609"}],"wp:attachment":[{"href":"https:\/\/poppers-online.ch\/fr\/wp-json\/wp\/v2\/media?parent=85689"}],"wp:term":[{"taxonomy":"product_brand","embeddable":true,"href":"https:\/\/poppers-online.ch\/fr\/wp-json\/wp\/v2\/product_brand?post=85689"},{"taxonomy":"product_cat","embeddable":true,"href":"https:\/\/poppers-online.ch\/fr\/wp-json\/wp\/v2\/product_cat?post=85689"},{"taxonomy":"product_tag","embeddable":true,"href":"https:\/\/poppers-online.ch\/fr\/wp-json\/wp\/v2\/product_tag?post=85689"}],"curies":[{"name":"wp","href":"https:\/\/api.w.org\/{rel}","templated":true}]}}