{"id":85537,"date":"2024-01-29T21:12:50","date_gmt":"2024-01-29T20:12:50","guid":{"rendered":"https:\/\/poppers-online.ch\/produkt\/mister-b-load-gel-lubrifiant-100-ml\/"},"modified":"2024-01-29T21:15:05","modified_gmt":"2024-01-29T20:15:05","slug":"mister-b-load-gel-lubrifiant-100-ml","status":"publish","type":"product","link":"https:\/\/poppers-online.ch\/fr\/produit\/mister-b-load-gel-lubrifiant-100-ml\/","title":{"rendered":"Mister B LOAD gel lubrifiant 100 ml"},"content":{"rendered":"","protected":false},"excerpt":{"rendered":"<p><strong>Le gel lubrifiant Mister B LOAD 100 ml<\/strong> est un fantastique gel lubrifiant blanc et cr\u00e9meux qui ressemble \u00e0 ton propre sperme ! Mister B LOAD est un lubrifiant hybride, un m\u00e9lange parfait de gels absorb\u00e9s par l&rsquo;eau et de gels absorb\u00e9s par le silicone. L&rsquo;huile de silicone contenue dans Mister B Load garantit qu&rsquo;il reste soyeux et durable, et la partie \u00e0 base de lessive qu&rsquo;il est plus facile \u00e0 laver. Le gel est 100% s\u00fbr pour les pr\u00e9servatifs et peut \u00eatre utilis\u00e9 avec tous les jouets, y compris le silicone, le latex, le verre, le m\u00e9tal, le caoutchouc, le n\u00e9opr\u00e8ne, le tissu et plus encore. Il ne tache pas et laisse ta peau bien douce. C&rsquo;est pourquoi Mister B Load est un gel qui convient \u00e0 tout, que ce soit pour s&rsquo;amuser avec ton partenaire, pour jouer avec des jouets ou pour s&rsquo;amuser avec soi-m\u00eame. L&rsquo;utilisation d&rsquo;un bon gel lubrifiant comme Mister B LOAD est presque obligatoire pour les jeux anaux. Il r\u00e9duit la douleur lors de l&rsquo;insertion et emp\u00eache les Kdondom de se d\u00e9chirer. C&rsquo;est justement le look \u00ab\u00a0sperme\u00a0\u00bb qui te donne l&rsquo;impression de porter toi-m\u00eame ton sexe \u00e0 un autre niveau.<\/p>\n<p>Mister B LOAD n&rsquo;a pas \u00e9t\u00e9 test\u00e9 sur les animaux, mais un grand nombre de PIGS l&rsquo;ont d\u00e9j\u00e0 largement essay\u00e9. Tout compte fait, Mister LOAD est un lubrifiant 1A.<br \/>\nDisponible en flacons de 100 ml et 250 ml avec un bouchon \u00e0 charni\u00e8re pratique.<\/p>\n<p><strong>Ingr\u00e9dients :<\/strong> Aqua (eau), Glycerin, Propylene Glycol, Cyclomethicone, Sodium Acrylate \/ Acryloyldimethyl Taurate, Dimethiconol, Isohexadecane, Polsysorbate 80, Hydroxyethylcellulose, Phenoxyethanol, Ethylhexylglycerin, CI77897, CI19140<\/p>\n","protected":false},"featured_media":85533,"comment_status":"closed","ping_status":"closed","template":"","meta":{"_acf_changed":false,"iawp_total_views":4,"_glsr_average":0,"_glsr_ranking":0,"_glsr_reviews":0},"product_brand":[],"product_cat":[2067,166],"product_tag":[1953],"class_list":{"0":"post-85537","1":"product","2":"type-product","3":"status-publish","4":"has-post-thumbnail","6":"product_cat-lubrifiant","7":"product_cat-droguerie","8":"product_tag-mister-b-load-gel-lubrifiant-100-ml","10":"first","11":"instock","12":"taxable","13":"shipping-taxable","14":"purchasable","15":"product-type-simple"},"acf":[],"_links":{"self":[{"href":"https:\/\/poppers-online.ch\/fr\/wp-json\/wp\/v2\/product\/85537","targetHints":{"allow":["GET"]}}],"collection":[{"href":"https:\/\/poppers-online.ch\/fr\/wp-json\/wp\/v2\/product"}],"about":[{"href":"https:\/\/poppers-online.ch\/fr\/wp-json\/wp\/v2\/types\/product"}],"replies":[{"embeddable":true,"href":"https:\/\/poppers-online.ch\/fr\/wp-json\/wp\/v2\/comments?post=85537"}],"wp:featuredmedia":[{"embeddable":true,"href":"https:\/\/poppers-online.ch\/fr\/wp-json\/wp\/v2\/media\/85533"}],"wp:attachment":[{"href":"https:\/\/poppers-online.ch\/fr\/wp-json\/wp\/v2\/media?parent=85537"}],"wp:term":[{"taxonomy":"product_brand","embeddable":true,"href":"https:\/\/poppers-online.ch\/fr\/wp-json\/wp\/v2\/product_brand?post=85537"},{"taxonomy":"product_cat","embeddable":true,"href":"https:\/\/poppers-online.ch\/fr\/wp-json\/wp\/v2\/product_cat?post=85537"},{"taxonomy":"product_tag","embeddable":true,"href":"https:\/\/poppers-online.ch\/fr\/wp-json\/wp\/v2\/product_tag?post=85537"}],"curies":[{"name":"wp","href":"https:\/\/api.w.org\/{rel}","templated":true}]}}