{"id":85504,"date":"2024-01-29T20:31:27","date_gmt":"2024-01-29T19:32:47","guid":{"rendered":"https:\/\/poppers-online.ch\/produkt\/mister-b-lube-extreme-gel-lubrifiant-a-base-deau-30-ml\/"},"modified":"2024-01-29T20:32:47","modified_gmt":"2024-01-29T19:32:47","slug":"mister-b-lube-extreme-gel-lubrifiant-a-base-deau-30-ml","status":"publish","type":"product","link":"https:\/\/poppers-online.ch\/fr\/produit\/mister-b-lube-extreme-gel-lubrifiant-a-base-deau-30-ml\/","title":{"rendered":"Mister B LUBE Extreme gel lubrifiant \u00e0 base d&rsquo;eau 30 ml"},"content":{"rendered":"","protected":false},"excerpt":{"rendered":"<p><span class=\"sc-47ab95e0-1\">En raison de la forte demande, Mister B a mis \u00e0 jour son c\u00e9l\u00e8bre lubrifiant \u00e0 base d&rsquo;eau Mister B LUBE Extreme gel lubrifiant \u00e0 base d&rsquo;eau 30 ml avec une formule relaxante et d\u00e9sensibilisante.<\/span><span id=\":rn:\" class=\"sc-47ab95e0-2\" aria-hidden=\"false\">  pour permettre une p\u00e9n\u00e9tration indolore. L&rsquo;ajout de Laureth-9 (l&rsquo;\u00e9quivalent chimique de l&rsquo;extrait de clou de girofle) \u00e0 la formule de LUBE a permis de cr\u00e9er Mister B LUBE Extreme.<\/p>\n<p>L&rsquo;utilisation du <strong>gel lubrifiant \u00e0 base d&rsquo;eau Mister B LUBE Extreme 30 ml<\/strong> permet, gr\u00e2ce \u00e0 ses propri\u00e9t\u00e9s relaxantes et d\u00e9sensibilisantes, de rendre le premier moment de la p\u00e9n\u00e9tration initiale (par exemple avec de gros jouets) plus facile \u00e0 g\u00e9rer et moins intense. Le Laureth-9 a un effet d\u00e9sensibilisant, mais ce n&rsquo;est pas un anesth\u00e9siant dur, ce qui est une bonne chose, car il permet encore suffisamment de sensations et de sentiments pour que tu saches ce qui se passe et que tu puisses appr\u00e9cier la merveilleuse sensation d&rsquo;\u00eatre rempli. Gr\u00e2ce \u00e0 ses propri\u00e9t\u00e9s, Mister B LUBE Extreme est aussi un merveilleux lubrifiant \u00e0 usage g\u00e9n\u00e9ral si tu as tendance \u00e0 \u00e9jaculer pr\u00e9matur\u00e9ment ou si tu aimes baiser longtemps avant de jouir, car il agit aussi comme un facteur de retardement.<\/p>\n<p>Mister B LUBE Extreme est un lubrifiant m\u00e9dical \u00e0 base d&rsquo;eau. Il est compatible avec les pr\u00e9servatifs, de longue dur\u00e9e, sans huile ni graisse et naturel : doux comme de la soie et de longue dur\u00e9e. Il n&rsquo;a pas \u00e9t\u00e9 test\u00e9 sur les animaux et ne contient pas de sous-produits animaux. Sans oublier qu&rsquo;il a \u00e9t\u00e9 test\u00e9 sous contr\u00f4le dermatologique.<\/p>\n<p>L&rsquo;agent d\u00e9sensibilisant contenu dans Mister B LUBE Extreme ne se m\u00e9lange pas bien avec le LUBE. Comme nous ne voulions pas ajouter de stabilisateur : BIEN AGITER AVANT UTILISATION POUR MAXIMISER L&rsquo;EFFET.<\/p>\n<p>Mister B LUBE Extreme est disponible en flacons de 30 ml, 100 ml et 250 ml avec bouchon flip-top.<\/p>\n<p><strong>Ingr\u00e9dients :<\/strong> Aqua, glyc\u00e9rine, propyl\u00e8ne glycol, laureth 9, ac\u00e9tate de tocoph\u00e9ryle, copolym\u00e8re sodium acrylates \/ sodium acryloyldimethyl taurate, isohexadecane, hydroxy\u00e9thylcellulose, polysorbate 80, ph\u00e9noxy\u00e9thanol, \u00e9thylhexylglyc\u00e9rine.<\/span><\/p>\n","protected":false},"featured_media":85493,"comment_status":"closed","ping_status":"closed","template":"","meta":{"_acf_changed":false,"iawp_total_views":7,"_glsr_average":0,"_glsr_ranking":0,"_glsr_reviews":0},"product_brand":[],"product_cat":[2067,166],"product_tag":[1945],"class_list":{"0":"post-85504","1":"product","2":"type-product","3":"status-publish","4":"has-post-thumbnail","6":"product_cat-lubrifiant","7":"product_cat-droguerie","8":"product_tag-mister-b-lube-extreme-gel-lubrifiant-a-base-deau-30-ml","10":"first","11":"instock","12":"sale","13":"taxable","14":"shipping-taxable","15":"purchasable","16":"product-type-simple"},"acf":[],"_links":{"self":[{"href":"https:\/\/poppers-online.ch\/fr\/wp-json\/wp\/v2\/product\/85504","targetHints":{"allow":["GET"]}}],"collection":[{"href":"https:\/\/poppers-online.ch\/fr\/wp-json\/wp\/v2\/product"}],"about":[{"href":"https:\/\/poppers-online.ch\/fr\/wp-json\/wp\/v2\/types\/product"}],"replies":[{"embeddable":true,"href":"https:\/\/poppers-online.ch\/fr\/wp-json\/wp\/v2\/comments?post=85504"}],"wp:featuredmedia":[{"embeddable":true,"href":"https:\/\/poppers-online.ch\/fr\/wp-json\/wp\/v2\/media\/85493"}],"wp:attachment":[{"href":"https:\/\/poppers-online.ch\/fr\/wp-json\/wp\/v2\/media?parent=85504"}],"wp:term":[{"taxonomy":"product_brand","embeddable":true,"href":"https:\/\/poppers-online.ch\/fr\/wp-json\/wp\/v2\/product_brand?post=85504"},{"taxonomy":"product_cat","embeddable":true,"href":"https:\/\/poppers-online.ch\/fr\/wp-json\/wp\/v2\/product_cat?post=85504"},{"taxonomy":"product_tag","embeddable":true,"href":"https:\/\/poppers-online.ch\/fr\/wp-json\/wp\/v2\/product_tag?post=85504"}],"curies":[{"name":"wp","href":"https:\/\/api.w.org\/{rel}","templated":true}]}}