{"id":85488,"date":"2024-01-29T20:14:57","date_gmt":"2024-01-29T19:14:57","guid":{"rendered":"https:\/\/poppers-online.ch\/produkt\/mister-b-lube-gel-lubrifiant-a-base-deau-250-ml\/"},"modified":"2024-01-29T20:17:00","modified_gmt":"2024-01-29T19:17:00","slug":"mister-b-lube-gel-lubrifiant-a-base-deau-250-ml","status":"publish","type":"product","link":"https:\/\/poppers-online.ch\/fr\/produit\/mister-b-lube-gel-lubrifiant-a-base-deau-250-ml\/","title":{"rendered":"Mister B LUBE gel lubrifiant \u00e0 base d&rsquo;eau 250 ml"},"content":{"rendered":"","protected":false},"excerpt":{"rendered":"<p><strong>Avec Mister B LUBE gel lubrifiant \u00e0 base d&rsquo;eau 250 ml<\/strong>, tu en as pour ton argent. Ce gel lubrifiant \u00e0 base d&rsquo;eau est velout\u00e9, ne colle pas et dure encore plus longtemps, car nous avons r\u00e9cemment am\u00e9lior\u00e9 notre formule. LUBE est fabriqu\u00e9 en Allemagne dans de si bonnes conditions que nous n&rsquo;avons pas besoin de conservateurs et que le gel peut encore \u00eatre utilis\u00e9 jusqu&rsquo;\u00e0 4 ans apr\u00e8s sa production. Cela veut dire quelque chose et c&rsquo;est pourquoi nous pensons que LUBE a le meilleur rapport qualit\u00e9-prix de tous les gels lubrifiants \u00e0 base d&rsquo;eau.<\/p>\n<p>Tu peux combiner Mister B LUBE avec tout ce que tu veux. Il a subi diff\u00e9rents tests dermatologiques selon les normes allemandes et est donc parfaitement adapt\u00e9 \u00e0 la baise. Les gels lubrifiants \u00e0 base d&rsquo;eau sont g\u00e9n\u00e9ralement les seuls lubrifiants qui n&rsquo;attaquent pas les jouets, surtout s&rsquo;ils sont en silicone.<br \/>\nMister B LUBE n&rsquo;est pas toxique et n&rsquo;a pas de go\u00fbt. Il est sans danger pour les pr\u00e9servatifs, car il est exempt d&rsquo;huile et de graisse. Notre LUBE est si bon qu&rsquo;il pourrait sans probl\u00e8me \u00eatre certifi\u00e9 CE en tant que gel lubrifiant m\u00e9dical en Allemagne.<\/p>\n<p>Un autre avantage pratique est que LUBE peut \u00eatre lav\u00e9 facilement et rapidement sans laisser de taches sur les draps. Tu n&rsquo;as pas besoin de rincer dix fois avec du savon comme avec les produits \u00e0 base de silicone. L&rsquo;eau chaude suffit. M\u00eame si tu renverses du LUBE sur le sol, ce n&rsquo;est pas une catastrophe.<\/p>\n<p>Mister B LUBE se pr\u00e9sente sous la forme d&rsquo;un flacon \u00e0 couvercle rabattable que tu peux ouvrir m\u00eame si tu as les mains glissantes. Disponible en 30 ml, 100 ml et 250 ml.<br \/>\nPour ce qui est de l&rsquo;utilisation, tout ce que l&rsquo;on peut dire, c&rsquo;est : utilise-le ! Si \u00e7a fait mal, c&rsquo;est peut-\u00eatre que ton jouet ou ta queue est trop gros. Si cela fait tr\u00e8s mal, nous te conseillons d&rsquo;arr\u00eater.<\/p>\n<p><strong>Ingr\u00e9dients :<\/strong> Aqua (eau), glyc\u00e9rine, propyl\u00e8ne glycol, ac\u00e9tate de tocoph\u00e9ryle, copolym\u00e8re de sodium acrylique \/ sodium acryloyldimethyl taurate, isohexadecane, hydroxy\u00e9thylcellulose, polysorbate 80, ph\u00e9noxy\u00e9thanol, \u00e9thylhexylglyc\u00e9rine<\/p>\n","protected":false},"featured_media":85481,"comment_status":"closed","ping_status":"closed","template":"","meta":{"_acf_changed":false,"iawp_total_views":13,"_glsr_average":0,"_glsr_ranking":0,"_glsr_reviews":0},"product_brand":[],"product_cat":[2067,166],"product_tag":[],"class_list":{"0":"post-85488","1":"product","2":"type-product","3":"status-publish","4":"has-post-thumbnail","6":"product_cat-lubrifiant","7":"product_cat-droguerie","9":"first","10":"instock","11":"taxable","12":"shipping-taxable","13":"purchasable","14":"product-type-simple"},"acf":[],"_links":{"self":[{"href":"https:\/\/poppers-online.ch\/fr\/wp-json\/wp\/v2\/product\/85488","targetHints":{"allow":["GET"]}}],"collection":[{"href":"https:\/\/poppers-online.ch\/fr\/wp-json\/wp\/v2\/product"}],"about":[{"href":"https:\/\/poppers-online.ch\/fr\/wp-json\/wp\/v2\/types\/product"}],"replies":[{"embeddable":true,"href":"https:\/\/poppers-online.ch\/fr\/wp-json\/wp\/v2\/comments?post=85488"}],"wp:featuredmedia":[{"embeddable":true,"href":"https:\/\/poppers-online.ch\/fr\/wp-json\/wp\/v2\/media\/85481"}],"wp:attachment":[{"href":"https:\/\/poppers-online.ch\/fr\/wp-json\/wp\/v2\/media?parent=85488"}],"wp:term":[{"taxonomy":"product_brand","embeddable":true,"href":"https:\/\/poppers-online.ch\/fr\/wp-json\/wp\/v2\/product_brand?post=85488"},{"taxonomy":"product_cat","embeddable":true,"href":"https:\/\/poppers-online.ch\/fr\/wp-json\/wp\/v2\/product_cat?post=85488"},{"taxonomy":"product_tag","embeddable":true,"href":"https:\/\/poppers-online.ch\/fr\/wp-json\/wp\/v2\/product_tag?post=85488"}],"curies":[{"name":"wp","href":"https:\/\/api.w.org\/{rel}","templated":true}]}}