{"id":85437,"date":"2024-01-29T17:37:20","date_gmt":"2024-01-29T16:37:20","guid":{"rendered":"https:\/\/poppers-online.ch\/produkt\/mister-b-glide-extreme-gel-lubrifiant-100-ml\/"},"modified":"2024-01-29T17:38:33","modified_gmt":"2024-01-29T16:38:33","slug":"mister-b-glide-extreme-gel-lubrifiant-100-ml","status":"publish","type":"product","link":"https:\/\/poppers-online.ch\/fr\/produit\/mister-b-glide-extreme-gel-lubrifiant-100-ml\/","title":{"rendered":"Mister B GLIDE Extreme Gel lubrifiant 100 ml"},"content":{"rendered":"","protected":false},"excerpt":{"rendered":"<p><strong>Extr\u00eamement glissant, extr\u00eamement intense.<\/p>\n<p><\/strong>Le gel lubrifiant Mister B GLIDE Extreme 100 ml est un lubrifiant \u00e0 base de silicone de Mr. B qui a un effet relaxant et d\u00e9sensibilisant. Par rapport aux versions classiques de Mr. B, il a \u00e9t\u00e9 additionn\u00e9 de laureth-9, un extrait de clou de girofle. Le Glide Extreme procure une bien meilleure sensation de glisse et peut \u00e9galement retarder l&rsquo;\u00e9jaculation gr\u00e2ce \u00e0 ses propri\u00e9t\u00e9s de r\u00e9duction de la sensibilit\u00e9.<\/p>\n<ul>\n<li>A base de silicone<\/li>\n<li>Peut \u00eatre utilis\u00e9 avec des pr\u00e9servatifs<\/li>\n<li>Ne doit pas \u00eatre utilis\u00e9 avec des jouets en silicone<\/li>\n<li>Doux comme de la soie, jamais collant<\/li>\n<li>Extra longue dur\u00e9e de vie mais ne se dess\u00e8che pas<\/li>\n<li>Sans huile ni graisse<\/li>\n<li>Non test\u00e9 sur les animaux et ne contient pas de sous-produits animaux<\/li>\n<li>Bien agiter avant utilisation !<\/li>\n<li>Contenu : 100 ml<\/li>\n<\/ul>\n","protected":false},"featured_media":85434,"comment_status":"closed","ping_status":"closed","template":"","meta":{"_acf_changed":false,"iawp_total_views":0,"_glsr_average":0,"_glsr_ranking":0,"_glsr_reviews":0},"product_brand":[],"product_cat":[2067,166],"product_tag":[],"class_list":{"0":"post-85437","1":"product","2":"type-product","3":"status-publish","4":"has-post-thumbnail","6":"product_cat-lubrifiant","7":"product_cat-droguerie","9":"first","10":"instock","11":"taxable","12":"shipping-taxable","13":"purchasable","14":"product-type-simple"},"acf":[],"_links":{"self":[{"href":"https:\/\/poppers-online.ch\/fr\/wp-json\/wp\/v2\/product\/85437","targetHints":{"allow":["GET"]}}],"collection":[{"href":"https:\/\/poppers-online.ch\/fr\/wp-json\/wp\/v2\/product"}],"about":[{"href":"https:\/\/poppers-online.ch\/fr\/wp-json\/wp\/v2\/types\/product"}],"replies":[{"embeddable":true,"href":"https:\/\/poppers-online.ch\/fr\/wp-json\/wp\/v2\/comments?post=85437"}],"wp:featuredmedia":[{"embeddable":true,"href":"https:\/\/poppers-online.ch\/fr\/wp-json\/wp\/v2\/media\/85434"}],"wp:attachment":[{"href":"https:\/\/poppers-online.ch\/fr\/wp-json\/wp\/v2\/media?parent=85437"}],"wp:term":[{"taxonomy":"product_brand","embeddable":true,"href":"https:\/\/poppers-online.ch\/fr\/wp-json\/wp\/v2\/product_brand?post=85437"},{"taxonomy":"product_cat","embeddable":true,"href":"https:\/\/poppers-online.ch\/fr\/wp-json\/wp\/v2\/product_cat?post=85437"},{"taxonomy":"product_tag","embeddable":true,"href":"https:\/\/poppers-online.ch\/fr\/wp-json\/wp\/v2\/product_tag?post=85437"}],"curies":[{"name":"wp","href":"https:\/\/api.w.org\/{rel}","templated":true}]}}