{"id":85403,"date":"2024-01-29T16:33:09","date_gmt":"2024-01-29T15:33:09","guid":{"rendered":"https:\/\/poppers-online.ch\/produkt\/mister-b-fist-extreme-lube-creme-lubrifiante-flacon-pompe-200-ml\/"},"modified":"2024-01-29T16:56:20","modified_gmt":"2024-01-29T15:56:20","slug":"mister-b-fist-extreme-lube-creme-lubrifiante-flacon-pompe-200-ml","status":"publish","type":"product","link":"https:\/\/poppers-online.ch\/fr\/produit\/mister-b-fist-extreme-lube-creme-lubrifiante-flacon-pompe-200-ml\/","title":{"rendered":"Mister B FIST Extreme Lube cr\u00e8me lubrifiante flacon pompe 200 ml"},"content":{"rendered":"","protected":false},"excerpt":{"rendered":"<p><strong>Durable pour un fisting endiabl\u00e9 !<\/strong><\/p>\n<p>Mister B FIST Extreme Lube cr\u00e8me lubrifiante flacon pompe 200 ml d\u00e9tend, retarde et r\u00e9duit la sensibilit\u00e9. Cela permet une p\u00e9n\u00e9tration anale dure mais indolore. Il est fabriqu\u00e9 en tant qu&rsquo;hybride et est extr\u00eamement durable et doux comme de la soie.<\/p>\n<ul>\n<li>Hybride (silicone et eau)<\/li>\n<li>Sans tests sur les animaux<\/li>\n<li>Non collant<\/li>\n<li>Compatible avec les pr\u00e9servatifs<\/li>\n<li>Doux comme de la soie<\/li>\n<li>Sans huile ni graisse<\/li>\n<li>Contenu : 200ml<\/li>\n<\/ul>\n","protected":false},"featured_media":85394,"comment_status":"closed","ping_status":"closed","template":"","meta":{"_acf_changed":false,"iawp_total_views":8,"_glsr_average":0,"_glsr_ranking":0,"_glsr_reviews":0},"product_brand":[],"product_cat":[2067,166],"product_tag":[],"class_list":{"0":"post-85403","1":"product","2":"type-product","3":"status-publish","4":"has-post-thumbnail","6":"product_cat-lubrifiant","7":"product_cat-droguerie","9":"first","10":"instock","11":"taxable","12":"shipping-taxable","13":"purchasable","14":"product-type-simple"},"acf":[],"_links":{"self":[{"href":"https:\/\/poppers-online.ch\/fr\/wp-json\/wp\/v2\/product\/85403","targetHints":{"allow":["GET"]}}],"collection":[{"href":"https:\/\/poppers-online.ch\/fr\/wp-json\/wp\/v2\/product"}],"about":[{"href":"https:\/\/poppers-online.ch\/fr\/wp-json\/wp\/v2\/types\/product"}],"replies":[{"embeddable":true,"href":"https:\/\/poppers-online.ch\/fr\/wp-json\/wp\/v2\/comments?post=85403"}],"wp:featuredmedia":[{"embeddable":true,"href":"https:\/\/poppers-online.ch\/fr\/wp-json\/wp\/v2\/media\/85394"}],"wp:attachment":[{"href":"https:\/\/poppers-online.ch\/fr\/wp-json\/wp\/v2\/media?parent=85403"}],"wp:term":[{"taxonomy":"product_brand","embeddable":true,"href":"https:\/\/poppers-online.ch\/fr\/wp-json\/wp\/v2\/product_brand?post=85403"},{"taxonomy":"product_cat","embeddable":true,"href":"https:\/\/poppers-online.ch\/fr\/wp-json\/wp\/v2\/product_cat?post=85403"},{"taxonomy":"product_tag","embeddable":true,"href":"https:\/\/poppers-online.ch\/fr\/wp-json\/wp\/v2\/product_tag?post=85403"}],"curies":[{"name":"wp","href":"https:\/\/api.w.org\/{rel}","templated":true}]}}