{"id":85336,"date":"2024-01-29T16:00:37","date_gmt":"2024-01-29T15:12:25","guid":{"rendered":"https:\/\/poppers-online.ch\/?post_type=product&#038;p=85336"},"modified":"2024-10-15T23:25:27","modified_gmt":"2024-10-15T21:25:27","slug":"mister-b-fist-extreme-lube-creme-lubrifiante-500-ml","status":"publish","type":"product","link":"https:\/\/poppers-online.ch\/fr\/produit\/mister-b-fist-extreme-lube-creme-lubrifiante-500-ml\/","title":{"rendered":"Mister B FIST Extreme Lube Cr\u00e8me lubrifiante 500 ml"},"content":{"rendered":"","protected":false},"excerpt":{"rendered":"<p>Durable pour un fisting endiabl\u00e9 !<\/p>\n<p><strong>Le Mister B FIST Extreme Lube Cr\u00e8me lubrifiante 500 ml <\/strong>d\u00e9tend, retarde et r\u00e9duit la sensibilit\u00e9. Il permet ainsi une p\u00e9n\u00e9tration anale dure mais indolore. Il est fabriqu\u00e9 sous forme d&rsquo;hybride et est extr\u00eamement durable et soyeux.<\/p>\n<ul>\n<li>Hybride (silicone et eau)<\/li>\n<li>Non test\u00e9 sur les animaux<\/li>\n<li>Non collant<\/li>\n<li>Compatible avec les pr\u00e9servatifs<\/li>\n<li>Doux comme de la soie<\/li>\n<li>Sans huile ni graisse<\/li>\n<li>Contenu : 500ml<\/li>\n<\/ul>\n","protected":false},"featured_media":85332,"comment_status":"closed","ping_status":"closed","template":"","meta":{"_acf_changed":false,"iawp_total_views":39,"_glsr_average":0,"_glsr_ranking":0,"_glsr_reviews":0},"product_brand":[],"product_cat":[166,2067],"product_tag":[],"class_list":{"0":"post-85336","1":"product","2":"type-product","3":"status-publish","4":"has-post-thumbnail","6":"product_cat-droguerie","7":"product_cat-lubrifiant","9":"first","10":"instock","11":"taxable","12":"shipping-taxable","13":"purchasable","14":"product-type-simple"},"acf":[],"_links":{"self":[{"href":"https:\/\/poppers-online.ch\/fr\/wp-json\/wp\/v2\/product\/85336","targetHints":{"allow":["GET"]}}],"collection":[{"href":"https:\/\/poppers-online.ch\/fr\/wp-json\/wp\/v2\/product"}],"about":[{"href":"https:\/\/poppers-online.ch\/fr\/wp-json\/wp\/v2\/types\/product"}],"replies":[{"embeddable":true,"href":"https:\/\/poppers-online.ch\/fr\/wp-json\/wp\/v2\/comments?post=85336"}],"wp:featuredmedia":[{"embeddable":true,"href":"https:\/\/poppers-online.ch\/fr\/wp-json\/wp\/v2\/media\/85332"}],"wp:attachment":[{"href":"https:\/\/poppers-online.ch\/fr\/wp-json\/wp\/v2\/media?parent=85336"}],"wp:term":[{"taxonomy":"product_brand","embeddable":true,"href":"https:\/\/poppers-online.ch\/fr\/wp-json\/wp\/v2\/product_brand?post=85336"},{"taxonomy":"product_cat","embeddable":true,"href":"https:\/\/poppers-online.ch\/fr\/wp-json\/wp\/v2\/product_cat?post=85336"},{"taxonomy":"product_tag","embeddable":true,"href":"https:\/\/poppers-online.ch\/fr\/wp-json\/wp\/v2\/product_tag?post=85336"}],"curies":[{"name":"wp","href":"https:\/\/api.w.org\/{rel}","templated":true}]}}