{"id":85296,"date":"2024-01-29T13:58:56","date_gmt":"2024-01-29T13:41:43","guid":{"rendered":"https:\/\/poppers-online.ch\/produkt\/mister-b-fist-lube-creme-lubrifiante-flacon-pompe-200-ml\/"},"modified":"2024-01-29T15:01:05","modified_gmt":"2024-01-29T14:01:05","slug":"mister-b-fist-lube-creme-lubrifiante-flacon-pompe-200-ml","status":"publish","type":"product","link":"https:\/\/poppers-online.ch\/fr\/produit\/mister-b-fist-lube-creme-lubrifiante-flacon-pompe-200-ml\/","title":{"rendered":"Mister B FIST Lube cr\u00e8me lubrifiante flacon pompe 200 ml"},"content":{"rendered":"","protected":false},"excerpt":{"rendered":"<p>Mister B FIST Lube cr\u00e8me lubrifiante flacon pompe 200 ml est un lubrifiant hybride qui convient parfaitement aux sessions prolong\u00e9es et aux jouets plus grands. Il est sans danger pour les pr\u00e9servatifs, soyeux, non collant, longue dur\u00e9e, non toxique, sans go\u00fbt, sans parfum, hypoallerg\u00e9nique et sans huile ni graisse. Il n&rsquo;a pas \u00e9t\u00e9 test\u00e9 sur les animaux et ne contient pas de produits d&rsquo;origine animale.<\/p>\n<p><strong>Ingr\u00e9dients :<\/strong> Aqua (eau), glyc\u00e9rine, propyl\u00e8ne glycol, sodium acrylates \/ acryloyldimethyl taurate, dim\u00e9thiconol, isohexadecane, polsysorbate 80, hydroxy\u00e9thylcellulose, ph\u00e9noxy\u00e9thanol, \u00e9thylhexylglyc\u00e9rine<\/p>\n","protected":false},"featured_media":85279,"comment_status":"closed","ping_status":"closed","template":"","meta":{"_acf_changed":false,"iawp_total_views":9,"_glsr_average":0,"_glsr_ranking":0,"_glsr_reviews":0},"product_brand":[],"product_cat":[2067,166],"product_tag":[1937],"class_list":{"0":"post-85296","1":"product","2":"type-product","3":"status-publish","4":"has-post-thumbnail","6":"product_cat-lubrifiant","7":"product_cat-droguerie","8":"product_tag-mister-b-fist-lube-creme-lubrifiante-flacon-pompe-200-ml","10":"first","11":"instock","12":"taxable","13":"shipping-taxable","14":"purchasable","15":"product-type-simple"},"acf":[],"_links":{"self":[{"href":"https:\/\/poppers-online.ch\/fr\/wp-json\/wp\/v2\/product\/85296","targetHints":{"allow":["GET"]}}],"collection":[{"href":"https:\/\/poppers-online.ch\/fr\/wp-json\/wp\/v2\/product"}],"about":[{"href":"https:\/\/poppers-online.ch\/fr\/wp-json\/wp\/v2\/types\/product"}],"replies":[{"embeddable":true,"href":"https:\/\/poppers-online.ch\/fr\/wp-json\/wp\/v2\/comments?post=85296"}],"wp:featuredmedia":[{"embeddable":true,"href":"https:\/\/poppers-online.ch\/fr\/wp-json\/wp\/v2\/media\/85279"}],"wp:attachment":[{"href":"https:\/\/poppers-online.ch\/fr\/wp-json\/wp\/v2\/media?parent=85296"}],"wp:term":[{"taxonomy":"product_brand","embeddable":true,"href":"https:\/\/poppers-online.ch\/fr\/wp-json\/wp\/v2\/product_brand?post=85296"},{"taxonomy":"product_cat","embeddable":true,"href":"https:\/\/poppers-online.ch\/fr\/wp-json\/wp\/v2\/product_cat?post=85296"},{"taxonomy":"product_tag","embeddable":true,"href":"https:\/\/poppers-online.ch\/fr\/wp-json\/wp\/v2\/product_tag?post=85296"}],"curies":[{"name":"wp","href":"https:\/\/api.w.org\/{rel}","templated":true}]}}