{"id":85256,"date":"2024-01-29T11:01:35","date_gmt":"2024-01-29T10:08:08","guid":{"rendered":"https:\/\/poppers-online.ch\/produkt\/godemiche-anal-atlas-de-hankeys-toys\/"},"modified":"2024-01-29T11:08:08","modified_gmt":"2024-01-29T10:08:08","slug":"godemiche-anal-atlas-de-hankeys-toys","status":"publish","type":"product","link":"https:\/\/poppers-online.ch\/fr\/produit\/godemiche-anal-atlas-de-hankeys-toys\/","title":{"rendered":"Godemich\u00e9 anal ATLAS de Hankey&rsquo;s Toys"},"content":{"rendered":"","protected":false},"excerpt":{"rendered":"<p><span style=\"font-weight: 400;\">V\u00e9ritable hybride, le gode anal ATLAS est un m\u00e9lange d&rsquo;un vrai lifecasting avec quelques adaptations, comme le centre ventru et la forme unique, qui en font un jouet sexuel int\u00e9ressant et amusant. Ce bad boy te comblera \u00e0 coup s\u00fbr. Le godemich\u00e9 anal ATLAS est disponible en quatre tailles pour remplir le cul.<\/span><\/p>\n<p><span style=\"font-weight: 400;\">Hankey&rsquo;s Toys produit des godemich\u00e9s tr\u00e8s r\u00e9alistes aux dimensions disproportionn\u00e9es pour le plaisir sans limite des amateurs et des experts. De nombreux mod\u00e8les sont l&rsquo;image d&rsquo;un acteur porno tr\u00e8s bien \u00e9quip\u00e9 dans des dimensions extraordinaires. Tous les jouets Hankey&rsquo;s Toys sont fabriqu\u00e9s \u00e0 la main \u00e0 partir de silicone de haute qualit\u00e9 durci au platine. Les godemich\u00e9s de la marque culte Hankey&rsquo;s Toys sont \u00e0 la fois massifs, lourds et incroyablement grands. Pour nous, les plus grands godemich\u00e9s anaux du monde jusqu&rsquo;\u00e0 pr\u00e9sent !<\/span><\/p>\n<p><b>ATLAS &#8211; M<br \/>\n<\/b><span style=\"font-weight: 400;\">Circonf\u00e9rence au niveau de la t\u00eate : 15,8cm<br \/>\n<\/span><span style=\"font-weight: 400;\">circonf\u00e9rence au milieu : 22,8cm<br \/>\n<\/span><span style=\"font-weight: 400;\">Circonf\u00e9rence \u00e0 la base : 20,3cm<br \/>\n<\/span><span style=\"font-weight: 400;\">longueur totale : 26cm<br \/>\n<\/span><span style=\"font-weight: 400;\">Longueur d&rsquo;insertion : 19,0cm<br \/>\n<\/span><span style=\"font-weight: 400;\">Taille de l&rsquo;anneau Strap-On : 7,6cm<br \/>\n<\/span><\/p>\n<p><b>ATLAS &#8211; L\/XL<br \/>\n<\/b><span style=\"font-weight: 400;\">Circonf\u00e9rence au niveau de la t\u00eate : 19,0cm<br \/>\n<\/span><span style=\"font-weight: 400;\">circonf\u00e9rence au milieu : 27,9cm<br \/>\n<\/span><span style=\"font-weight: 400;\">Circonf\u00e9rence \u00e0 la base : 25,1cm<br \/>\n<\/span><span style=\"font-weight: 400;\">longueur totale : 30cm<br \/>\n<\/span><span style=\"font-weight: 400;\">Longueur d&rsquo;insertion : 22,8cm<br \/>\n<\/span><span style=\"font-weight: 400;\">Taille de l&rsquo;anneau Strap-on : &#8211;<br \/>\n<\/span><\/p>\n<p><b>ATLAS &#8211; XXXL<br \/>\n<\/b><span style=\"font-weight: 400;\">Circonf\u00e9rence au niveau de la t\u00eate : 22,8cm<br \/>\n<\/span><span style=\"font-weight: 400;\">circonf\u00e9rence au milieu : 33,0cm<br \/>\n<\/span><span style=\"font-weight: 400;\">Circonf\u00e9rence \u00e0 la base : 29,8cm<br \/>\n<\/span><span style=\"font-weight: 400;\">longueur totale : 35cm<br \/>\n<\/span><span style=\"font-weight: 400;\">Longueur d&rsquo;insertion : 37,3cm<br \/>\n<\/span><span style=\"font-weight: 400;\">Taille de l&rsquo;anneau Strap-on : &#8211;<br \/>\n<\/span><\/p>\n<p><b>ATLAS &#8211; XXXXL<br \/>\n<\/b><span style=\"font-weight: 400;\">Circonf\u00e9rence au niveau de la t\u00eate : 30,4cm<br \/>\n<\/span><span style=\"font-weight: 400;\">circonf\u00e9rence au milieu : 44,4cm<br \/>\n<\/span><span style=\"font-weight: 400;\">Circonf\u00e9rence \u00e0 la base : 39,3cm<br \/>\n<\/span><span style=\"font-weight: 400;\">longueur totale : 45cm<br \/>\n<\/span><span style=\"font-weight: 400;\">Longueur d&rsquo;insertion : 36,2cm<br \/>\n<\/span><span style=\"font-weight: 400;\">Taille de l&rsquo;anneau Strap-on : &#8211;<br \/>\n<\/span><\/p>\n","protected":false},"featured_media":85243,"comment_status":"closed","ping_status":"closed","template":"","meta":{"_acf_changed":false,"iawp_total_views":20,"_glsr_average":0,"_glsr_ranking":0,"_glsr_reviews":0},"product_brand":[],"product_cat":[2085,171],"product_tag":[1933],"class_list":{"0":"post-85256","1":"product","2":"type-product","3":"status-publish","4":"has-post-thumbnail","6":"product_cat-anal-play","7":"product_cat-sex-toys","8":"product_tag-godemiche-anal-atlas-de-hankeys-toys","10":"first","11":"instock","12":"sale","13":"taxable","14":"shipping-taxable","15":"purchasable","16":"product-type-variable","17":"has-default-attributes"},"acf":[],"_links":{"self":[{"href":"https:\/\/poppers-online.ch\/fr\/wp-json\/wp\/v2\/product\/85256","targetHints":{"allow":["GET"]}}],"collection":[{"href":"https:\/\/poppers-online.ch\/fr\/wp-json\/wp\/v2\/product"}],"about":[{"href":"https:\/\/poppers-online.ch\/fr\/wp-json\/wp\/v2\/types\/product"}],"replies":[{"embeddable":true,"href":"https:\/\/poppers-online.ch\/fr\/wp-json\/wp\/v2\/comments?post=85256"}],"wp:featuredmedia":[{"embeddable":true,"href":"https:\/\/poppers-online.ch\/fr\/wp-json\/wp\/v2\/media\/85243"}],"wp:attachment":[{"href":"https:\/\/poppers-online.ch\/fr\/wp-json\/wp\/v2\/media?parent=85256"}],"wp:term":[{"taxonomy":"product_brand","embeddable":true,"href":"https:\/\/poppers-online.ch\/fr\/wp-json\/wp\/v2\/product_brand?post=85256"},{"taxonomy":"product_cat","embeddable":true,"href":"https:\/\/poppers-online.ch\/fr\/wp-json\/wp\/v2\/product_cat?post=85256"},{"taxonomy":"product_tag","embeddable":true,"href":"https:\/\/poppers-online.ch\/fr\/wp-json\/wp\/v2\/product_tag?post=85256"}],"curies":[{"name":"wp","href":"https:\/\/api.w.org\/{rel}","templated":true}]}}