{"id":84346,"date":"2024-01-18T19:40:16","date_gmt":"2024-01-18T18:46:35","guid":{"rendered":"https:\/\/poppers-online.ch\/produkt\/cruising-strong-poppers-combo-64ml\/"},"modified":"2025-10-23T12:45:44","modified_gmt":"2025-10-23T10:45:44","slug":"cruising-strong-poppers-combo-64ml","status":"publish","type":"product","link":"https:\/\/poppers-online.ch\/fr\/produit\/cruising-strong-poppers-combo-64ml\/","title":{"rendered":"Cruising Strong Poppers Combo 64ml"},"content":{"rendered":"<p>&nbsp;<\/p>\n<p>&nbsp;<\/p>\n","protected":false},"excerpt":{"rendered":"<p><strong>Cruising Strong Poppers Combo 64ml<\/strong> se compose de trois bouteilles de poppers ultra puissants : 1x GLORY HOLE Poppers 10ml, 1x BDSM ULTRA Poppers 24ml et 1x Jacked 30ml.<\/p>\n<p>&nbsp;<\/p>\n<p><a href=\"https:\/\/poppers-online.ch\/fr\/produit\/glory-hole-poppers-10ml\/\"><strong>GLORY HOLE Poppers 10ml<\/strong><\/a> est sur le march\u00e9 depuis 2023 et contient l&rsquo;ancien vrai nitrite de pentyle. Ce poppers est destin\u00e9 \u00e0 tous les fans d&rsquo;oral dont la bouche n&rsquo;en a jamais assez. Gr\u00e2ce \u00e0 la <strong>force 6 de<\/strong> ce flacon, tu en veux toujours plus, que tu sois fan de Gloryhole ou expert en mati\u00e8re d&rsquo;hygi\u00e8ne buccale. GLORY HOLE Poppers est \u00e9galement disponible en flacon de 24 ml.<\/p>\n<p>Le <a href=\"https:\/\/poppers-online.ch\/fr\/produit\/bdsm-ultra-poppers-24ml\/\"><strong>poppers BDSM ULTRA 24ml<\/strong> <\/a>est sur le march\u00e9 depuis 2023 et contient l&rsquo;ancien vrai pentyl nitrite. Ce poppers pour avanc\u00e9s ne doit en aucun cas manquer lors de ta prochaine session BDSM excitante. Gr\u00e2ce \u00e0 la<strong> force 6 de<\/strong> ce flacon, toi et chaque esclave soumis en aurez pour votre argent. Le poppers BDSM ULTRA est ultra dur, ultra fort et ultra durable. Il est \u00e9galement disponible en flacon de 10 ml.<\/p>\n<p><a href=\"https:\/\/poppers-online.ch\/fr\/produit\/jacked-30ml\/\"><strong>Jacked 30ml Poppers<\/strong> <\/a>du fabricant Lockerroom du Canada. Le Jacked Poppers dans sa bouteille noire de Poppers est aussi sombre que sa formule et sa bouteille. Un poppers super puissant, appr\u00e9ci\u00e9 des bears et des daddies. Exclusivement pour la Suisse chez poppers-online.ch et \u00e0 base de nitrite d&rsquo;hexyle.<\/p>\n","protected":false},"featured_media":84343,"comment_status":"open","ping_status":"closed","template":"","meta":{"_acf_changed":false,"iawp_total_views":7,"_glsr_average":0,"_glsr_ranking":0,"_glsr_reviews":0},"product_brand":[],"product_cat":[1046,76,77,78],"product_tag":[1929],"class_list":{"0":"post-84346","1":"product","2":"type-product","3":"status-publish","4":"has-post-thumbnail","6":"product_cat-poppers","7":"product_cat-paquets-economiques","8":"product_cat-grands-flacons","9":"product_cat-petits-flacons","10":"product_tag-cruising-strong-poppers-combo-64ml-fr","11":"pa_inhalt-combo","12":"pa_inhalt-30ml","13":"pa_inhalt-24ml","14":"pa_inhalt-10ml","15":"pa_inhaltsstoffe-nitrite-de-pentyle","16":"pa_inhaltsstoffe-nitrite-dhexyle","17":"pa_staerke-91","19":"first","20":"instock","21":"sale","22":"taxable","23":"shipping-taxable","24":"purchasable","25":"product-type-simple"},"acf":[],"_links":{"self":[{"href":"https:\/\/poppers-online.ch\/fr\/wp-json\/wp\/v2\/product\/84346","targetHints":{"allow":["GET"]}}],"collection":[{"href":"https:\/\/poppers-online.ch\/fr\/wp-json\/wp\/v2\/product"}],"about":[{"href":"https:\/\/poppers-online.ch\/fr\/wp-json\/wp\/v2\/types\/product"}],"replies":[{"embeddable":true,"href":"https:\/\/poppers-online.ch\/fr\/wp-json\/wp\/v2\/comments?post=84346"}],"wp:featuredmedia":[{"embeddable":true,"href":"https:\/\/poppers-online.ch\/fr\/wp-json\/wp\/v2\/media\/84343"}],"wp:attachment":[{"href":"https:\/\/poppers-online.ch\/fr\/wp-json\/wp\/v2\/media?parent=84346"}],"wp:term":[{"taxonomy":"product_brand","embeddable":true,"href":"https:\/\/poppers-online.ch\/fr\/wp-json\/wp\/v2\/product_brand?post=84346"},{"taxonomy":"product_cat","embeddable":true,"href":"https:\/\/poppers-online.ch\/fr\/wp-json\/wp\/v2\/product_cat?post=84346"},{"taxonomy":"product_tag","embeddable":true,"href":"https:\/\/poppers-online.ch\/fr\/wp-json\/wp\/v2\/product_tag?post=84346"}],"curies":[{"name":"wp","href":"https:\/\/api.w.org\/{rel}","templated":true}]}}