{"id":8380,"date":"2021-12-27T16:57:30","date_gmt":"2022-01-12T08:51:42","guid":{"rendered":"https:\/\/poppers-online.ch\/?post_type=product&#038;p=8380"},"modified":"2024-10-16T00:50:26","modified_gmt":"2024-10-15T22:50:26","slug":"preservatifs-euroglider-144-box","status":"publish","type":"product","link":"https:\/\/poppers-online.ch\/fr\/produit\/preservatifs-euroglider-144-box\/","title":{"rendered":"Pr\u00e9servatifs Euroglider paquet de 144"},"content":{"rendered":"<p>Les pr\u00e9servatifs Euroglider sont fabriqu\u00e9s en caoutchouc naturel sous forme de pr\u00e9servatifs transparents standard. Le r\u00e9servoir contient un lubrifiant \u00e0 base de silicone. Les Euroglider sont emball\u00e9s individuellement et conditionn\u00e9s en bandes pratiques de 3. Le pack de 144 contient 48x 3 pr\u00e9servatifs Euroglider.<\/p>\n","protected":false},"excerpt":{"rendered":"<p>Les pr\u00e9servatifs Euroglider en bo\u00eete de 144 sont fabriqu\u00e9s en caoutchouc naturel comme pr\u00e9servatifs transparents standard. Le r\u00e9servoir contient un lubrifiant \u00e0 base de silicone. Les Euroglider sont emball\u00e9s individuellement et conditionn\u00e9s en bandes pratiques de 3. Le pack de 12 contient 4x 3 pr\u00e9servatifs Euroglider.<\/p>\n","protected":false},"featured_media":9405,"comment_status":"open","ping_status":"closed","template":"","meta":{"_acf_changed":false,"iawp_total_views":3,"_glsr_average":0,"_glsr_ranking":0,"_glsr_reviews":0},"product_brand":[],"product_cat":[2073,166],"product_tag":[],"class_list":{"0":"post-8380","1":"product","2":"type-product","3":"status-publish","4":"has-post-thumbnail","6":"product_cat-preservatif","7":"product_cat-droguerie","9":"first","10":"instock","11":"taxable","12":"shipping-taxable","13":"purchasable","14":"product-type-simple"},"acf":[],"_links":{"self":[{"href":"https:\/\/poppers-online.ch\/fr\/wp-json\/wp\/v2\/product\/8380","targetHints":{"allow":["GET"]}}],"collection":[{"href":"https:\/\/poppers-online.ch\/fr\/wp-json\/wp\/v2\/product"}],"about":[{"href":"https:\/\/poppers-online.ch\/fr\/wp-json\/wp\/v2\/types\/product"}],"replies":[{"embeddable":true,"href":"https:\/\/poppers-online.ch\/fr\/wp-json\/wp\/v2\/comments?post=8380"}],"wp:featuredmedia":[{"embeddable":true,"href":"https:\/\/poppers-online.ch\/fr\/wp-json\/wp\/v2\/media\/9405"}],"wp:attachment":[{"href":"https:\/\/poppers-online.ch\/fr\/wp-json\/wp\/v2\/media?parent=8380"}],"wp:term":[{"taxonomy":"product_brand","embeddable":true,"href":"https:\/\/poppers-online.ch\/fr\/wp-json\/wp\/v2\/product_brand?post=8380"},{"taxonomy":"product_cat","embeddable":true,"href":"https:\/\/poppers-online.ch\/fr\/wp-json\/wp\/v2\/product_cat?post=8380"},{"taxonomy":"product_tag","embeddable":true,"href":"https:\/\/poppers-online.ch\/fr\/wp-json\/wp\/v2\/product_tag?post=8380"}],"curies":[{"name":"wp","href":"https:\/\/api.w.org\/{rel}","templated":true}]}}