{"id":8372,"date":"2021-12-27T16:53:29","date_gmt":"2021-12-27T15:53:29","guid":{"rendered":"https:\/\/poppers-online.ch\/?post_type=product&#038;p=8372"},"modified":"2024-10-16T00:50:28","modified_gmt":"2024-10-15T22:50:28","slug":"preservatifs-jour-nuit-xl-pack-de-100","status":"publish","type":"product","link":"https:\/\/poppers-online.ch\/fr\/produit\/preservatifs-jour-nuit-xl-pack-de-100\/","title":{"rendered":"Pr\u00e9servatifs Day &amp; Night XL paquet de 100"},"content":{"rendered":"<p>Les pr\u00e9servatifs Day &amp; Night sont des pr\u00e9servatifs professionnels de la plus haute qualit\u00e9. Les pr\u00e9servatifs Day &amp; Night sont l\u00e9g\u00e8rement plus grands que les pr\u00e9servatifs normaux et n&rsquo;ont pas d&rsquo;odeur de latex d\u00e9sagr\u00e9able. Le r\u00e9servoir est enduit d&rsquo;un gel lubrifiant \u00e0 base de silicone non spermicide. Les pr\u00e9servatifs Day &amp; Night sont livr\u00e9s en unit\u00e9s de 100 pi\u00e8ces. Ainsi, tu ach\u00e8tes le moins d&#8217;emballage possible et ce dont tu as besoin. <a href=\"https:\/\/poppers-online.ch\/shop-kondome\/\">Pr\u00e9servatifs<\/a>.<\/p>\n","protected":false},"excerpt":{"rendered":"<p>Les pr\u00e9servatifs Day &amp; Night XL pack de 100 sont des pr\u00e9servatifs professionnels de qualit\u00e9 sup\u00e9rieure. Les pr\u00e9servatifs Day &amp; Night sont l\u00e9g\u00e8rement plus grands que les pr\u00e9servatifs normaux et n&rsquo;ont pas d&rsquo;odeur de latex d\u00e9sagr\u00e9able. Le r\u00e9servoir est enduit d&rsquo;un gel lubrifiant \u00e0 base de silicone non spermicide. Les pr\u00e9servatifs Day &amp; Night sont livr\u00e9s en unit\u00e9s de 100 pi\u00e8ces. Ainsi, tu ach\u00e8tes le moins d&#8217;emballage possible et ce dont tu as besoin. Pr\u00e9servatifs.<\/p>\n","protected":false},"featured_media":9386,"comment_status":"open","ping_status":"closed","template":"","meta":{"_acf_changed":false,"iawp_total_views":9,"_glsr_average":0,"_glsr_ranking":0,"_glsr_reviews":0},"product_brand":[],"product_cat":[2073,166],"product_tag":[],"class_list":{"0":"post-8372","1":"product","2":"type-product","3":"status-publish","4":"has-post-thumbnail","6":"product_cat-preservatif","7":"product_cat-droguerie","9":"first","10":"instock","11":"sale","12":"taxable","13":"shipping-taxable","14":"purchasable","15":"product-type-simple"},"acf":[],"_links":{"self":[{"href":"https:\/\/poppers-online.ch\/fr\/wp-json\/wp\/v2\/product\/8372","targetHints":{"allow":["GET"]}}],"collection":[{"href":"https:\/\/poppers-online.ch\/fr\/wp-json\/wp\/v2\/product"}],"about":[{"href":"https:\/\/poppers-online.ch\/fr\/wp-json\/wp\/v2\/types\/product"}],"replies":[{"embeddable":true,"href":"https:\/\/poppers-online.ch\/fr\/wp-json\/wp\/v2\/comments?post=8372"}],"wp:featuredmedia":[{"embeddable":true,"href":"https:\/\/poppers-online.ch\/fr\/wp-json\/wp\/v2\/media\/9386"}],"wp:attachment":[{"href":"https:\/\/poppers-online.ch\/fr\/wp-json\/wp\/v2\/media?parent=8372"}],"wp:term":[{"taxonomy":"product_brand","embeddable":true,"href":"https:\/\/poppers-online.ch\/fr\/wp-json\/wp\/v2\/product_brand?post=8372"},{"taxonomy":"product_cat","embeddable":true,"href":"https:\/\/poppers-online.ch\/fr\/wp-json\/wp\/v2\/product_cat?post=8372"},{"taxonomy":"product_tag","embeddable":true,"href":"https:\/\/poppers-online.ch\/fr\/wp-json\/wp\/v2\/product_tag?post=8372"}],"curies":[{"name":"wp","href":"https:\/\/api.w.org\/{rel}","templated":true}]}}