{"id":8364,"date":"2021-12-27T16:43:02","date_gmt":"2022-01-12T08:19:02","guid":{"rendered":"https:\/\/poppers-online.ch\/?post_type=product&#038;p=8364"},"modified":"2024-10-16T00:50:30","modified_gmt":"2024-10-15T22:50:30","slug":"massageoel-body-in-balance-neutral-200ml","status":"publish","type":"product","link":"https:\/\/poppers-online.ch\/fr\/produit\/massageoel-body-in-balance-neutral-200ml\/","title":{"rendered":"Huile de massage Body in Balance Neutral 200ml"},"content":{"rendered":"<p>L&rsquo;huile de massage Body in Balance 200ml d&rsquo;Asha International est une huile de massage classique sans parfum ni substances odorantes. Body in Balance convient \u00e0 tous les types de peau et est particuli\u00e8rement bien adapt\u00e9 aux massages professionnels et sportifs. <a href=\"https:\/\/poppers-online.ch\/fr\/produit\/huile-de-massage-corps-en-equilibre-neutre-500ml\/\">Body in Balance<\/a> a un pH neutre et est disponible chez nous en flacons de 200 ml et 500 ml.<\/p>\n","protected":false},"excerpt":{"rendered":"<p>L&rsquo;huile de massage Body in Balance Neutral 200ml d&rsquo;Asha International est une huile de massage classique sans parfum ni substances odorantes. Body in Balance convient \u00e0 tous les types de peau et est particuli\u00e8rement bien adapt\u00e9e aux massages professionnels et sportifs. Body in Balance a un pH neutre et est disponible chez nous en flacons de 200 ml et 500 ml.<\/p>\n","protected":false},"featured_media":9369,"comment_status":"open","ping_status":"closed","template":"","meta":{"_acf_changed":false,"iawp_total_views":9,"_glsr_average":0,"_glsr_ranking":0,"_glsr_reviews":0},"product_brand":[],"product_cat":[2082,166],"product_tag":[],"class_list":{"0":"post-8364","1":"product","2":"type-product","3":"status-publish","4":"has-post-thumbnail","6":"product_cat-massage","7":"product_cat-droguerie","9":"first","10":"instock","11":"taxable","12":"shipping-taxable","13":"purchasable","14":"product-type-simple"},"acf":[],"_links":{"self":[{"href":"https:\/\/poppers-online.ch\/fr\/wp-json\/wp\/v2\/product\/8364","targetHints":{"allow":["GET"]}}],"collection":[{"href":"https:\/\/poppers-online.ch\/fr\/wp-json\/wp\/v2\/product"}],"about":[{"href":"https:\/\/poppers-online.ch\/fr\/wp-json\/wp\/v2\/types\/product"}],"replies":[{"embeddable":true,"href":"https:\/\/poppers-online.ch\/fr\/wp-json\/wp\/v2\/comments?post=8364"}],"wp:featuredmedia":[{"embeddable":true,"href":"https:\/\/poppers-online.ch\/fr\/wp-json\/wp\/v2\/media\/9369"}],"wp:attachment":[{"href":"https:\/\/poppers-online.ch\/fr\/wp-json\/wp\/v2\/media?parent=8364"}],"wp:term":[{"taxonomy":"product_brand","embeddable":true,"href":"https:\/\/poppers-online.ch\/fr\/wp-json\/wp\/v2\/product_brand?post=8364"},{"taxonomy":"product_cat","embeddable":true,"href":"https:\/\/poppers-online.ch\/fr\/wp-json\/wp\/v2\/product_cat?post=8364"},{"taxonomy":"product_tag","embeddable":true,"href":"https:\/\/poppers-online.ch\/fr\/wp-json\/wp\/v2\/product_tag?post=8364"}],"curies":[{"name":"wp","href":"https:\/\/api.w.org\/{rel}","templated":true}]}}