{"id":8350,"date":"2021-12-27T16:40:40","date_gmt":"2021-12-27T15:40:40","guid":{"rendered":"https:\/\/poppers-online.ch\/?post_type=product&#038;p=8350"},"modified":"2024-10-16T00:50:31","modified_gmt":"2024-10-15T22:50:31","slug":"lubrifiant-beppy-confort-a-base-deau-100ml","status":"publish","type":"product","link":"https:\/\/poppers-online.ch\/fr\/produit\/lubrifiant-beppy-confort-a-base-deau-100ml\/","title":{"rendered":"Lubrifiant Beppy Comfort \u00e0 base d&rsquo;eau 100ml"},"content":{"rendered":"<p>Le gel lubrifiant Beppy Comfort Gel 100ml est \u00e0 base d&rsquo;eau. Cela signifie qu&rsquo;une grande partie du gel lubrifiant est compos\u00e9e d&rsquo;eau, ce qui donne beaucoup d&rsquo;humidit\u00e9. C&rsquo;est un avantage, surtout en cas de s\u00e9cheresse vaginale. Tu peux utiliser <a href=\"https:\/\/poppers-online.ch\/fr\/produit\/preservatifs-jour-nuit-xl-pack-de-100\/\">Beppy Comfort Gel<\/a> avec tous les sex toys et il est sans danger avec les pr\u00e9servatifs en latex. Les gels lubrifiants \u00e0 base d&rsquo;eau comme Beppy Comfort plus s&rsquo;essuient facilement \u00e0 l&rsquo;eau sans laisser de taches. Le gel Beppy Comfort est extr\u00eamement \u00e9conomique, inodore et incolore. Le gel <a href=\"https:\/\/poppers-online.ch\/fr\/produit\/lubrifiant-beppy-confort-a-base-deau-250ml\/\">lubrifiant Beppy Comfort<\/a> est disponible chez nous en 100 ml et 250 ml.<\/p>\n","protected":false},"excerpt":{"rendered":"<p>Le gel lubrifiant Beppy Comfort \u00e0 base d&rsquo;eau 100ml est \u00e0 base d&rsquo;eau. Cela signifie qu&rsquo;une grande partie du gel lubrifiant est compos\u00e9e d&rsquo;eau, ce qui donne beaucoup d&rsquo;humidit\u00e9. C&rsquo;est un avantage, surtout en cas de s\u00e9cheresse vaginale. Le lubrifiant Beppy Comfort \u00e0 base d&rsquo;eau 100ml peut \u00eatre utilis\u00e9 avec tous les sex toys et est sans danger avec les <a href=\"https:\/\/poppers-online.ch\/produkt\/kondome-day-night-xl-100er-pack\/\">pr\u00e9servatifs en latex<\/a>. Les gels lubrifiants \u00e0 base d&rsquo;eau comme Beppy Comfort plus s&rsquo;essuient facilement \u00e0 l&rsquo;eau sans laisser de taches. Le gel Beppy Comfort est extr\u00eamement \u00e9conomique, inodore et incolore. Le gel <a href=\"https:\/\/poppers-online.ch\/produkt\/gleitmittel-beppy-comfort-wasserbasis-250ml\/\">lubrifiant Beppy Comfort<\/a> est disponible chez nous en 100 ml et 250 ml.<\/p>\n","protected":false},"featured_media":9353,"comment_status":"open","ping_status":"closed","template":"","meta":{"_acf_changed":false,"iawp_total_views":2,"_glsr_average":0,"_glsr_ranking":0,"_glsr_reviews":0},"product_brand":[],"product_cat":[2067,166],"product_tag":[],"class_list":{"0":"post-8350","1":"product","2":"type-product","3":"status-publish","4":"has-post-thumbnail","6":"product_cat-lubrifiant","7":"product_cat-droguerie","9":"first","10":"outofstock","11":"taxable","12":"shipping-taxable","13":"purchasable","14":"product-type-simple"},"acf":[],"_links":{"self":[{"href":"https:\/\/poppers-online.ch\/fr\/wp-json\/wp\/v2\/product\/8350","targetHints":{"allow":["GET"]}}],"collection":[{"href":"https:\/\/poppers-online.ch\/fr\/wp-json\/wp\/v2\/product"}],"about":[{"href":"https:\/\/poppers-online.ch\/fr\/wp-json\/wp\/v2\/types\/product"}],"replies":[{"embeddable":true,"href":"https:\/\/poppers-online.ch\/fr\/wp-json\/wp\/v2\/comments?post=8350"}],"wp:featuredmedia":[{"embeddable":true,"href":"https:\/\/poppers-online.ch\/fr\/wp-json\/wp\/v2\/media\/9353"}],"wp:attachment":[{"href":"https:\/\/poppers-online.ch\/fr\/wp-json\/wp\/v2\/media?parent=8350"}],"wp:term":[{"taxonomy":"product_brand","embeddable":true,"href":"https:\/\/poppers-online.ch\/fr\/wp-json\/wp\/v2\/product_brand?post=8350"},{"taxonomy":"product_cat","embeddable":true,"href":"https:\/\/poppers-online.ch\/fr\/wp-json\/wp\/v2\/product_cat?post=8350"},{"taxonomy":"product_tag","embeddable":true,"href":"https:\/\/poppers-online.ch\/fr\/wp-json\/wp\/v2\/product_tag?post=8350"}],"curies":[{"name":"wp","href":"https:\/\/api.w.org\/{rel}","templated":true}]}}