{"id":8341,"date":"2021-12-27T15:08:07","date_gmt":"2021-12-27T14:08:07","guid":{"rendered":"https:\/\/poppers-online.ch\/?post_type=product&#038;p=8341"},"modified":"2025-10-23T12:44:50","modified_gmt":"2025-10-23T10:44:50","slug":"lubrifiant-heros-silicone-base-500ml","status":"publish","type":"product","link":"https:\/\/poppers-online.ch\/fr\/produit\/lubrifiant-heros-silicone-base-500ml\/","title":{"rendered":"Lubrifiant Heros \u00e0 base de silicone 500ml"},"content":{"rendered":"<p>Le lubrifiant HEROS 500 ml est \u00e0 base de silicone. Les lubrifiants \u00e0 base de silicone sont certes un peu plus chers, mais ils offrent quelques avantages essentiels. HEROS poss\u00e8de un pouvoir lubrifiant extra-long, car les mol\u00e9cules de silicone restent plus longtemps sur la peau. Tu n&rsquo;as donc pas besoin d&rsquo;en appliquer \u00e0 chaque fois. HEROS est en outre particuli\u00e8rement bien tol\u00e9r\u00e9 par la peau, ne contient pas d&rsquo;huile et est compatible avec les pr\u00e9servatifs en latex. Gr\u00e2ce \u00e0 sa tr\u00e8s bonne lubrification, tu peux aussi utiliser HEROS pour le massage. Compar\u00e9 \u00e0 d&rsquo;autres lubrifiants \u00e0 base de silicone, HEROS est super concentr\u00e9. Essaye HEROS et laisse un avis sur le produit sur cette page. Le lubrifiant <a href=\"https:\/\/poppers-online.ch\/fr\/produit\/lubrifiant-heros-silicone-base-200ml\/\">HEROS<\/a> est disponible chez nous en flacons de 200 ml et 500 ml.<\/p>\n","protected":false},"excerpt":{"rendered":"<p>Le lubrifiant Heros siliconbasis 500ml est \u00e0 base de silicone. Les lubrifiants \u00e0 base de silicone sont certes un peu plus chers, mais ils offrent quelques avantages essentiels. HEROS poss\u00e8de un pouvoir lubrifiant extra-long, car les mol\u00e9cules de silicone restent plus longtemps sur la peau. Tu n&rsquo;as donc pas besoin d&rsquo;en appliquer \u00e0 chaque fois. HEROS est en outre particuli\u00e8rement bien tol\u00e9r\u00e9 par la peau, ne contient pas d&rsquo;huile et est compatible avec les pr\u00e9servatifs en latex. Gr\u00e2ce \u00e0 sa tr\u00e8s bonne lubrification, tu peux aussi utiliser HEROS pour le massage. Compar\u00e9 \u00e0 d&rsquo;autres lubrifiants \u00e0 base de silicone, HEROS est super concentr\u00e9. Essaye HEROS et laisse un avis sur le produit sur cette page. Le lubrifiant HEROS est disponible chez nous en flacons de 200 ml et 500 ml.<\/p>\n","protected":false},"featured_media":130761,"comment_status":"open","ping_status":"closed","template":"","meta":{"_acf_changed":false,"iawp_total_views":19,"_glsr_average":0,"_glsr_ranking":0,"_glsr_reviews":0},"product_brand":[],"product_cat":[2067,166],"product_tag":[],"class_list":{"0":"post-8341","1":"product","2":"type-product","3":"status-publish","4":"has-post-thumbnail","6":"product_cat-lubrifiant","7":"product_cat-droguerie","9":"first","10":"instock","11":"taxable","12":"shipping-taxable","13":"purchasable","14":"product-type-simple"},"acf":[],"_links":{"self":[{"href":"https:\/\/poppers-online.ch\/fr\/wp-json\/wp\/v2\/product\/8341","targetHints":{"allow":["GET"]}}],"collection":[{"href":"https:\/\/poppers-online.ch\/fr\/wp-json\/wp\/v2\/product"}],"about":[{"href":"https:\/\/poppers-online.ch\/fr\/wp-json\/wp\/v2\/types\/product"}],"replies":[{"embeddable":true,"href":"https:\/\/poppers-online.ch\/fr\/wp-json\/wp\/v2\/comments?post=8341"}],"wp:featuredmedia":[{"embeddable":true,"href":"https:\/\/poppers-online.ch\/fr\/wp-json\/wp\/v2\/media\/130761"}],"wp:attachment":[{"href":"https:\/\/poppers-online.ch\/fr\/wp-json\/wp\/v2\/media?parent=8341"}],"wp:term":[{"taxonomy":"product_brand","embeddable":true,"href":"https:\/\/poppers-online.ch\/fr\/wp-json\/wp\/v2\/product_brand?post=8341"},{"taxonomy":"product_cat","embeddable":true,"href":"https:\/\/poppers-online.ch\/fr\/wp-json\/wp\/v2\/product_cat?post=8341"},{"taxonomy":"product_tag","embeddable":true,"href":"https:\/\/poppers-online.ch\/fr\/wp-json\/wp\/v2\/product_tag?post=8341"}],"curies":[{"name":"wp","href":"https:\/\/api.w.org\/{rel}","templated":true}]}}