{"id":83290,"date":"2024-01-07T21:20:34","date_gmt":"2024-01-07T20:23:37","guid":{"rendered":"https:\/\/poppers-online.ch\/produkt\/godemiche-anal-seahorse-de-hankeys-toys\/"},"modified":"2024-01-07T21:23:37","modified_gmt":"2024-01-07T20:23:37","slug":"godemiche-anal-seahorse-de-hankeys-toys","status":"publish","type":"product","link":"https:\/\/poppers-online.ch\/fr\/produit\/godemiche-anal-seahorse-de-hankeys-toys\/","title":{"rendered":"Godemich\u00e9 anal SEAHORSE de Hankey&rsquo;s Toys"},"content":{"rendered":"","protected":false},"excerpt":{"rendered":"<p><span style=\"font-weight: 400;\">Une chevauch\u00e9e sur le SEAHORSE fera d\u00e9couvrir \u00e0 ton trou de toutes nouvelles profondeurs. Le SEAHORSE est magnifiquement con\u00e7u et d\u00e9taill\u00e9 et ton trou sentira chaque centim\u00e8tre lorsque tu le pousseras \u00e0 bout. Ce jouet extraordinaire a toutes les asp\u00e9rit\u00e9s, les bavures et les bosses que tu peux supporter ! Tu sentiras ce jouet p\u00e9n\u00e9trer dans ton sphincter \u00e0 chaque pas. Avec une t\u00eate conique, ce sex toy a la capacit\u00e9 d&rsquo;aller tr\u00e8s loin et il est excellent pour jouer et exp\u00e9rimenter avec la profondeur et la largeur.<\/span><\/p>\n<p><span style=\"font-weight: 400;\">Hankey&rsquo;s Toys produit des godemich\u00e9s tr\u00e8s r\u00e9alistes aux dimensions disproportionn\u00e9es pour le plaisir sans limite des amateurs et des experts. De nombreux mod\u00e8les sont l&rsquo;image d&rsquo;un acteur porno tr\u00e8s bien \u00e9quip\u00e9 dans des dimensions extraordinaires. Tous les jouets Hankey&rsquo;s Toys sont fabriqu\u00e9s \u00e0 la main \u00e0 partir de silicone de haute qualit\u00e9 durci au platine. Les godemich\u00e9s de la marque culte Hankey&rsquo;s Toys sont \u00e0 la fois massifs, lourds et incroyablement grands. Pour nous, les plus grands godemich\u00e9s anaux du monde jusqu&rsquo;\u00e0 pr\u00e9sent !<\/span><\/p>\n<p><b>SEAHORSE &#8211; S<br \/>\n<\/b><span style=\"font-weight: 400;\">circonf\u00e9rence \u00e0 la t\u00eate : 12cm<br \/>\n<\/span><span style=\"font-weight: 400;\">Circonf\u00e9rence au milieu : 17,7cm<br \/>\n<\/span><span style=\"font-weight: 400;\">Circonf\u00e9rence \u00e0 la base : 20,3cm<br \/>\n<\/span><span style=\"font-weight: 400;\">Longueur totale : 25cm<br \/>\n<\/span><span style=\"font-weight: 400;\">Longueur ins\u00e9rable : 22,2cm<br \/>\n<\/span><span style=\"font-weight: 400;\">Taille de l&rsquo;anneau Strap-On : 6,3cm<\/span><\/p>\n<p><b>SEAHORSE &#8211; M<br \/>\n<\/b><span style=\"font-weight: 400;\">circonf\u00e9rence \u00e0 la t\u00eate : 14,6cm<br \/>\n<\/span><span style=\"font-weight: 400;\">Circonf\u00e9rence au milieu : 21,3cm<br \/>\n<\/span><span style=\"font-weight: 400;\">circonf\u00e9rence \u00e0 la base : 25,1cm<br \/>\n<\/span><span style=\"font-weight: 400;\">longueur totale : 30cm<br \/>\n<\/span><span style=\"font-weight: 400;\">Longueur ins\u00e9rable : 25,4cm<br \/>\n<\/span><span style=\"font-weight: 400;\">Taille de l&rsquo;anneau Strap-On : 7,6cm<\/span><\/p>\n<p><b>SEAHORSE &#8211; L<br \/>\n<\/b><span style=\"font-weight: 400;\">circonf\u00e9rence \u00e0 la t\u00eate : 17,7cm<br \/>\n<\/span><span style=\"font-weight: 400;\">Circonf\u00e9rence au milieu : 24,1cm<br \/>\n<\/span><span style=\"font-weight: 400;\">Circonf\u00e9rence \u00e0 la base : 29,2cm<br \/>\n<\/span><span style=\"font-weight: 400;\">Longueur totale : 35cm<br \/>\n<\/span><span style=\"font-weight: 400;\">Longueur ins\u00e9rable : 30,4cm<br \/>\n<\/span><span style=\"font-weight: 400;\">Taille du Strap-On-Ring : &#8211;<\/span><\/p>\n<p><b>SEAHORSE &#8211; XXL<br \/>\n<\/b><span style=\"font-weight: 400;\">circonf\u00e9rence \u00e0 la t\u00eate : 19,3cm<br \/>\n<\/span><span style=\"font-weight: 400;\">Circonf\u00e9rence au milieu : 29,2cm<br \/>\n<\/span><span style=\"font-weight: 400;\">Circonf\u00e9rence \u00e0 la base : 33,2cm<br \/>\n<\/span><span style=\"font-weight: 400;\">Longueur totale : 38cm<br \/>\n<\/span><span style=\"font-weight: 400;\">Longueur ins\u00e9rable : 33cm<br \/>\n<\/span><span style=\"font-weight: 400;\">Taille du Strap-On-Ring : &#8211;<\/span><\/p>\n<p><b>SEAHORSE &#8211; XXXL<br \/>\n<\/b><span style=\"font-weight: 400;\">circonf\u00e9rence \u00e0 la t\u00eate : 22,3cm<br \/>\n<\/span><span style=\"font-weight: 400;\">circonf\u00e9rence au milieu : 30,4cm<br \/>\n<\/span><span style=\"font-weight: 400;\">circonf\u00e9rence \u00e0 la base : 38,1cm<br \/>\n<\/span><span style=\"font-weight: 400;\">Longueur totale : 43cm<br \/>\n<\/span><span style=\"font-weight: 400;\">Longueur ins\u00e9rable : 35,5cm<br \/>\n<\/span><span style=\"font-weight: 400;\">Taille du Strap-On-Ring : &#8211;<\/span><\/p>\n","protected":false},"featured_media":83264,"comment_status":"closed","ping_status":"closed","template":"","meta":{"_acf_changed":false,"iawp_total_views":38,"_glsr_average":0,"_glsr_ranking":0,"_glsr_reviews":0},"product_brand":[],"product_cat":[2085,171],"product_tag":[1925],"class_list":{"0":"post-83290","1":"product","2":"type-product","3":"status-publish","4":"has-post-thumbnail","6":"product_cat-anal-play","7":"product_cat-sex-toys","8":"product_tag-godemiche-anal-seahorse-de-hankeys-toys","10":"first","11":"instock","12":"sale","13":"taxable","14":"shipping-taxable","15":"purchasable","16":"product-type-variable","17":"has-default-attributes"},"acf":[],"_links":{"self":[{"href":"https:\/\/poppers-online.ch\/fr\/wp-json\/wp\/v2\/product\/83290","targetHints":{"allow":["GET"]}}],"collection":[{"href":"https:\/\/poppers-online.ch\/fr\/wp-json\/wp\/v2\/product"}],"about":[{"href":"https:\/\/poppers-online.ch\/fr\/wp-json\/wp\/v2\/types\/product"}],"replies":[{"embeddable":true,"href":"https:\/\/poppers-online.ch\/fr\/wp-json\/wp\/v2\/comments?post=83290"}],"wp:featuredmedia":[{"embeddable":true,"href":"https:\/\/poppers-online.ch\/fr\/wp-json\/wp\/v2\/media\/83264"}],"wp:attachment":[{"href":"https:\/\/poppers-online.ch\/fr\/wp-json\/wp\/v2\/media?parent=83290"}],"wp:term":[{"taxonomy":"product_brand","embeddable":true,"href":"https:\/\/poppers-online.ch\/fr\/wp-json\/wp\/v2\/product_brand?post=83290"},{"taxonomy":"product_cat","embeddable":true,"href":"https:\/\/poppers-online.ch\/fr\/wp-json\/wp\/v2\/product_cat?post=83290"},{"taxonomy":"product_tag","embeddable":true,"href":"https:\/\/poppers-online.ch\/fr\/wp-json\/wp\/v2\/product_tag?post=83290"}],"curies":[{"name":"wp","href":"https:\/\/api.w.org\/{rel}","templated":true}]}}