{"id":83205,"date":"2024-01-07T17:38:22","date_gmt":"2024-01-07T17:23:23","guid":{"rendered":"https:\/\/poppers-online.ch\/produkt\/godemiche-anal-goliath-de-hankeys-toys\/"},"modified":"2024-01-07T18:23:23","modified_gmt":"2024-01-07T17:23:23","slug":"godemiche-anal-goliath-de-hankeys-toys","status":"publish","type":"product","link":"https:\/\/poppers-online.ch\/fr\/produit\/godemiche-anal-goliath-de-hankeys-toys\/","title":{"rendered":"Godemich\u00e9 anal GOLIATH de Hankey&rsquo;s Toys"},"content":{"rendered":"","protected":false},"excerpt":{"rendered":"<p><span style=\"font-weight: 400;\">Le godemich\u00e9 GOLIATH de Hankey&rsquo;s Toys n&rsquo;est d\u00e9finitivement pas un jouet pour d\u00e9butants. Le GOLIATH est le plus grand Hankey&rsquo;s Toy \u00e0 ce jour ! Ton trou sera \u00e9tir\u00e9 au maximum, car il s&rsquo;ouvre en grand pour ce mauvais gar\u00e7on. Gr\u00e2ce \u00e0 sa taille, ton trou ne sera pas seulement large, mais aussi profond. Le GOLIATH a une t\u00eate non coup\u00e9e et une surface relativement lisse avec des motifs de veines r\u00e9alistes et des balles attach\u00e9es. Es-tu assez homme pour prendre GOLIATH ?<\/span><\/p>\n<p><span style=\"font-weight: 400;\">Hankey&rsquo;s Toys produit des godemich\u00e9s tr\u00e8s r\u00e9alistes aux dimensions disproportionn\u00e9es pour le plaisir sans limite des amateurs et des experts. De nombreux mod\u00e8les sont l&rsquo;image d&rsquo;un acteur porno tr\u00e8s bien \u00e9quip\u00e9 dans des dimensions extraordinaires. Tous les jouets Hankey&rsquo;s Toys sont fabriqu\u00e9s \u00e0 la main \u00e0 partir de silicone de haute qualit\u00e9 durci au platine. Les godemich\u00e9s de la marque culte Hankey&rsquo;s Toys sont \u00e0 la fois massifs, lourds et incroyablement grands. Pour nous, les plus grands godemich\u00e9s anaux du monde jusqu&rsquo;\u00e0 pr\u00e9sent !<\/span><\/p>\n<p><b>GOLIATH &#8211; LARGE\/XL<br \/>\n<\/b><span style=\"font-weight: 400;\">Circonf\u00e9rence au niveau de la t\u00eate : 14.0cm<br \/>\n<\/span><span style=\"font-weight: 400;\">Circonf\u00e9rence au niveau de la partie la plus \u00e9paisse de la t\u00eate : 22.3cm<br \/>\n<\/span><span style=\"font-weight: 400;\">circonf\u00e9rence juste sous la t\u00eate : 22.8cm<br \/>\n<\/span><span style=\"font-weight: 400;\">Circonf\u00e9rence au milieu de la tige : 27.1cm<br \/>\n<\/span><span style=\"font-weight: 400;\">Circonf\u00e9rence aux balles : 29.1cm<br \/>\n<\/span><span style=\"font-weight: 400;\">longueur totale : 26.0cm<br \/>\n<\/span><span style=\"font-weight: 400;\">Longueur d&rsquo;insertion : 22.2cm<br \/>\n<\/span><span style=\"font-weight: 400;\">Anneau Strap-On Taille : &#8211;<\/span><\/p>\n<p><b>GOLIATH &#8211; XXL<br \/>\n<\/b><span style=\"font-weight: 400;\">Circonf\u00e9rence au niveau de la t\u00eate : 16.5cm<br \/>\n<\/span><span style=\"font-weight: 400;\">Circonf\u00e9rence au niveau de la partie la plus \u00e9paisse de la t\u00eate : 26.1cm<br \/>\n<\/span><span style=\"font-weight: 400;\">circonf\u00e9rence juste sous la t\u00eate : 26.6cm<br \/>\n<\/span><span style=\"font-weight: 400;\">Circonf\u00e9rence au milieu de la tige : 33.0cm<br \/>\n<\/span><span style=\"font-weight: 400;\">Circonf\u00e9rence aux balles : 34.9cm<br \/>\n<\/span><span style=\"font-weight: 400;\">longueur totale : 31.0cm<br \/>\n<\/span><span style=\"font-weight: 400;\">Longueur d&rsquo;insertion : 26.6cm<br \/>\n<\/span><span style=\"font-weight: 400;\">Anneau Strap-On Taille : &#8211;<\/span><\/p>\n<p><b>GOLIATH &#8211; XXXXL<br \/>\n<\/b><span style=\"font-weight: 400;\">Circonf\u00e9rence au niveau de la t\u00eate : 20.3cm<br \/>\n<\/span><span style=\"font-weight: 400;\">Circonf\u00e9rence au niveau de la partie la plus \u00e9paisse de la t\u00eate : 31.1cm<br \/>\n<\/span><span style=\"font-weight: 400;\">circonf\u00e9rence juste sous la t\u00eate : 32.3cm<br \/>\n<\/span><span style=\"font-weight: 400;\">Circonf\u00e9rence au milieu de la tige : 38.7cm<br \/>\n<\/span><span style=\"font-weight: 400;\">Circonf\u00e9rence aux balles : 40.3cm<br \/>\n<\/span><span style=\"font-weight: 400;\">longueur totale : 36.0cm<br \/>\n<\/span><span style=\"font-weight: 400;\">Longueur d&rsquo;insertion : 30.4cm<br \/>\n<\/span><span style=\"font-weight: 400;\">Anneau Strap-On Taille : &#8211;<\/span><\/p>\n","protected":false},"featured_media":83191,"comment_status":"closed","ping_status":"closed","template":"","meta":{"_acf_changed":false,"iawp_total_views":16,"_glsr_average":0,"_glsr_ranking":0,"_glsr_reviews":0},"product_brand":[],"product_cat":[2085,171],"product_tag":[1921],"class_list":{"0":"post-83205","1":"product","2":"type-product","3":"status-publish","4":"has-post-thumbnail","6":"product_cat-anal-play","7":"product_cat-sex-toys","8":"product_tag-godemiche-anal-goliath-de-hankeys-toys","10":"first","11":"instock","12":"sale","13":"taxable","14":"shipping-taxable","15":"purchasable","16":"product-type-variable","17":"has-default-attributes"},"acf":[],"_links":{"self":[{"href":"https:\/\/poppers-online.ch\/fr\/wp-json\/wp\/v2\/product\/83205","targetHints":{"allow":["GET"]}}],"collection":[{"href":"https:\/\/poppers-online.ch\/fr\/wp-json\/wp\/v2\/product"}],"about":[{"href":"https:\/\/poppers-online.ch\/fr\/wp-json\/wp\/v2\/types\/product"}],"replies":[{"embeddable":true,"href":"https:\/\/poppers-online.ch\/fr\/wp-json\/wp\/v2\/comments?post=83205"}],"wp:featuredmedia":[{"embeddable":true,"href":"https:\/\/poppers-online.ch\/fr\/wp-json\/wp\/v2\/media\/83191"}],"wp:attachment":[{"href":"https:\/\/poppers-online.ch\/fr\/wp-json\/wp\/v2\/media?parent=83205"}],"wp:term":[{"taxonomy":"product_brand","embeddable":true,"href":"https:\/\/poppers-online.ch\/fr\/wp-json\/wp\/v2\/product_brand?post=83205"},{"taxonomy":"product_cat","embeddable":true,"href":"https:\/\/poppers-online.ch\/fr\/wp-json\/wp\/v2\/product_cat?post=83205"},{"taxonomy":"product_tag","embeddable":true,"href":"https:\/\/poppers-online.ch\/fr\/wp-json\/wp\/v2\/product_tag?post=83205"}],"curies":[{"name":"wp","href":"https:\/\/api.w.org\/{rel}","templated":true}]}}