{"id":81939,"date":"2023-12-26T17:08:02","date_gmt":"2023-12-26T16:08:02","guid":{"rendered":"https:\/\/poppers-online.ch\/produkt\/kinky-monster-cockring-aus-edelstahl-rund-durchmesser-10mm-2\/"},"modified":"2024-10-15T23:25:31","modified_gmt":"2024-10-15T21:25:31","slug":"kinky-monster-cockring-aus-edelstahl-rund-durchmesser-10mm-2","status":"publish","type":"product","link":"https:\/\/poppers-online.ch\/fr\/produit\/kinky-monster-cockring-aus-edelstahl-rund-durchmesser-10mm-2\/","title":{"rendered":"Cockring Kinky Monster rond en acier inoxydable &#8211; diam\u00e8tre 10mm"},"content":{"rendered":"","protected":false},"excerpt":{"rendered":"<p><span style=\"font-weight: 400;\">Le cockring Kinky Monster en acier inoxydable dans sa version ronde est l&rsquo;accroche-regard pour toutes les sessions Kinky. L&rsquo;anneau a un diam\u00e8tre de 10 mm. Ce bijou \u00e9rotique pour hommes permet de prolonger et d&rsquo;intensifier les rapports sexuels, mais les cockrings en m\u00e9tal ne conviennent pas aux d\u00e9butants. N&rsquo;enfile jamais le cockring lorsque le p\u00e9nis est excit\u00e9. Introduis un testicule \u00e0 la fois, puis le p\u00e9nis \u00e0 la fin. Ne porte pas le cockring plus de 30 minutes et retire-le facilement avec un lubrifiant. Comment trouver la bonne taille pour toi ? Mesure la circonf\u00e9rence autour des testicules et de la queue \u00e0 l&rsquo;aide d&rsquo;une bande \u00e9lastique et divise la longueur en mm par Pi (3,14) pour obtenir le diam\u00e8tre n\u00e9cessaire. Le mieux est de prendre plusieurs mesures \u00e0 diff\u00e9rents moments de la journ\u00e9e. En cas de doute, choisis le diam\u00e8tre le plus grand. Le poids de ce cockring est de 109g, ce qui signifie que tu le sentiras d\u00e9finitivement lorsque tu le porteras. Le cockring Kinky Monster est disponible en 4 diam\u00e8tres int\u00e9rieurs diff\u00e9rents : <strong>S=40mm, M=45mm, L=50mm, XL-55mm.<\/strong><\/span><\/p>\n","protected":false},"featured_media":75683,"comment_status":"closed","ping_status":"closed","template":"","meta":{"_acf_changed":false,"iawp_total_views":4,"_glsr_average":0,"_glsr_ranking":0,"_glsr_reviews":0},"product_brand":[],"product_cat":[79],"product_tag":[],"class_list":{"0":"post-81939","1":"product","2":"type-product","3":"status-publish","4":"has-post-thumbnail","6":"product_cat-non-classe","8":"first","9":"instock","10":"taxable","11":"shipping-taxable","12":"product-type-variable"},"acf":[],"_links":{"self":[{"href":"https:\/\/poppers-online.ch\/fr\/wp-json\/wp\/v2\/product\/81939","targetHints":{"allow":["GET"]}}],"collection":[{"href":"https:\/\/poppers-online.ch\/fr\/wp-json\/wp\/v2\/product"}],"about":[{"href":"https:\/\/poppers-online.ch\/fr\/wp-json\/wp\/v2\/types\/product"}],"replies":[{"embeddable":true,"href":"https:\/\/poppers-online.ch\/fr\/wp-json\/wp\/v2\/comments?post=81939"}],"wp:featuredmedia":[{"embeddable":true,"href":"https:\/\/poppers-online.ch\/fr\/wp-json\/wp\/v2\/media\/75683"}],"wp:attachment":[{"href":"https:\/\/poppers-online.ch\/fr\/wp-json\/wp\/v2\/media?parent=81939"}],"wp:term":[{"taxonomy":"product_brand","embeddable":true,"href":"https:\/\/poppers-online.ch\/fr\/wp-json\/wp\/v2\/product_brand?post=81939"},{"taxonomy":"product_cat","embeddable":true,"href":"https:\/\/poppers-online.ch\/fr\/wp-json\/wp\/v2\/product_cat?post=81939"},{"taxonomy":"product_tag","embeddable":true,"href":"https:\/\/poppers-online.ch\/fr\/wp-json\/wp\/v2\/product_tag?post=81939"}],"curies":[{"name":"wp","href":"https:\/\/api.w.org\/{rel}","templated":true}]}}