{"id":8152,"date":"2021-12-24T15:24:32","date_gmt":"2021-12-24T14:24:32","guid":{"rendered":"https:\/\/poppers-online.ch\/?post_type=product&#038;p=8152"},"modified":"2024-10-16T00:50:33","modified_gmt":"2024-10-15T22:50:33","slug":"poppers-inhaler-single-alu-silver","status":"publish","type":"product","link":"https:\/\/poppers-online.ch\/fr\/produit\/poppers-inhaler-single-alu-silver\/","title":{"rendered":"Poppers Inhaler Single Stainless Steel"},"content":{"rendered":"<p>L&rsquo;inhalateur Poppers Single en acier inoxydable est confortable \u00e0 porter autour du cou. Tu mets le Poppers sur coton et tu visses l&rsquo;inhalateur. Et voil\u00e0, tu es pr\u00eat. Tu n&rsquo;as pas \u00e0 te soucier des fuites de poppers. La livraison comprend 1 inhalateur simple et un cordon en cuir pratique.<\/p>\n","protected":false},"excerpt":{"rendered":"<p>L&rsquo;inhalateur Poppers Single en acier inoxydable est confortable \u00e0 porter autour du cou. Tu mets le Poppers sur coton et tu visses l&rsquo;inhalateur. Et voil\u00e0, tu es pr\u00eat. Tu n&rsquo;as pas \u00e0 te soucier des fuites de poppers. La livraison comprend 1 inhalateur simple et un cordon en cuir pratique.<\/p>\n","protected":false},"featured_media":9709,"comment_status":"open","ping_status":"closed","template":"","meta":{"_acf_changed":false,"iawp_total_views":8,"_glsr_average":0,"_glsr_ranking":0,"_glsr_reviews":0},"product_brand":[],"product_cat":[149,1310],"product_tag":[],"class_list":{"0":"post-8152","1":"product","2":"type-product","3":"status-publish","4":"has-post-thumbnail","6":"product_cat-accessoires-poppers","7":"product_cat-inhalateurs","8":"pa_inhaler-produkttyp-single","10":"first","11":"instock","12":"taxable","13":"shipping-taxable","14":"purchasable","15":"product-type-simple"},"acf":[],"_links":{"self":[{"href":"https:\/\/poppers-online.ch\/fr\/wp-json\/wp\/v2\/product\/8152","targetHints":{"allow":["GET"]}}],"collection":[{"href":"https:\/\/poppers-online.ch\/fr\/wp-json\/wp\/v2\/product"}],"about":[{"href":"https:\/\/poppers-online.ch\/fr\/wp-json\/wp\/v2\/types\/product"}],"replies":[{"embeddable":true,"href":"https:\/\/poppers-online.ch\/fr\/wp-json\/wp\/v2\/comments?post=8152"}],"wp:featuredmedia":[{"embeddable":true,"href":"https:\/\/poppers-online.ch\/fr\/wp-json\/wp\/v2\/media\/9709"}],"wp:attachment":[{"href":"https:\/\/poppers-online.ch\/fr\/wp-json\/wp\/v2\/media?parent=8152"}],"wp:term":[{"taxonomy":"product_brand","embeddable":true,"href":"https:\/\/poppers-online.ch\/fr\/wp-json\/wp\/v2\/product_brand?post=8152"},{"taxonomy":"product_cat","embeddable":true,"href":"https:\/\/poppers-online.ch\/fr\/wp-json\/wp\/v2\/product_cat?post=8152"},{"taxonomy":"product_tag","embeddable":true,"href":"https:\/\/poppers-online.ch\/fr\/wp-json\/wp\/v2\/product_tag?post=8152"}],"curies":[{"name":"wp","href":"https:\/\/api.w.org\/{rel}","templated":true}]}}