{"id":8144,"date":"2021-12-24T15:22:40","date_gmt":"2021-12-24T14:22:41","guid":{"rendered":"https:\/\/poppers-online.ch\/?post_type=product&#038;p=8144"},"modified":"2025-10-23T12:44:56","modified_gmt":"2025-10-23T10:44:56","slug":"poppers-inhalateur-double-alu-noir-vis","status":"publish","type":"product","link":"https:\/\/poppers-online.ch\/fr\/produit\/poppers-inhalateur-double-alu-noir-vis\/","title":{"rendered":"Poppers Inhaler Double Alu Black Screw"},"content":{"rendered":"<p>L&rsquo;inhalateur Doulbe avec bouchon \u00e0 vis au design de prise fait fureur. Le bo\u00eetier est en aluminium et les deux inhalateurs en acier inoxydable. Le bouchon est un bouchon \u00e0 vis. La livraison comprend un inhalateur et un cordon en cuir. Avec ce gadget, tu \u00e9tonneras tout le monde.<\/p>\n","protected":false},"excerpt":{"rendered":"<p>Le Double Inhaler avec bouchon \u00e0 vis au design de prise fait fureur. Le bo\u00eetier est en aluminium et les deux inhalateurs en acier inoxydable. Le bouchon est un bouchon \u00e0 vis. Un inhalateur et un bracelet en cuir sont inclus dans la livraison. Avec ce gadget, tu \u00e9tonneras tout le monde. Voici comment pr\u00e9parer ton inhalateur \u00e0 l&rsquo;utilisation : Tu d\u00e9visses les deux tiges m\u00e9talliques. Tu impr\u00e8gnes du coton ou deux b\u00e2tonnets de coton avec suffisamment de poppers. Tu ins\u00e8res le coton ou les b\u00e2tonnets de coton dans les deux tiges m\u00e9talliques et tu revisseras les tiges m\u00e9talliques sur l&rsquo;inhalateur. Tu es maintenant pr\u00eat \u00e0 utiliser ton double poppers de notre Double Inhaler.<\/p>\n","protected":false},"featured_media":9676,"comment_status":"open","ping_status":"closed","template":"","meta":{"_acf_changed":false,"iawp_total_views":16,"_glsr_average":0,"_glsr_ranking":0,"_glsr_reviews":0},"product_brand":[],"product_cat":[149,1310],"product_tag":[],"class_list":{"0":"post-8144","1":"product","2":"type-product","3":"status-publish","4":"has-post-thumbnail","6":"product_cat-accessoires-poppers","7":"product_cat-inhalateurs","8":"pa_inhaler-produkttyp-double","10":"first","11":"instock","12":"taxable","13":"shipping-taxable","14":"purchasable","15":"product-type-simple"},"acf":[],"_links":{"self":[{"href":"https:\/\/poppers-online.ch\/fr\/wp-json\/wp\/v2\/product\/8144","targetHints":{"allow":["GET"]}}],"collection":[{"href":"https:\/\/poppers-online.ch\/fr\/wp-json\/wp\/v2\/product"}],"about":[{"href":"https:\/\/poppers-online.ch\/fr\/wp-json\/wp\/v2\/types\/product"}],"replies":[{"embeddable":true,"href":"https:\/\/poppers-online.ch\/fr\/wp-json\/wp\/v2\/comments?post=8144"}],"wp:featuredmedia":[{"embeddable":true,"href":"https:\/\/poppers-online.ch\/fr\/wp-json\/wp\/v2\/media\/9676"}],"wp:attachment":[{"href":"https:\/\/poppers-online.ch\/fr\/wp-json\/wp\/v2\/media?parent=8144"}],"wp:term":[{"taxonomy":"product_brand","embeddable":true,"href":"https:\/\/poppers-online.ch\/fr\/wp-json\/wp\/v2\/product_brand?post=8144"},{"taxonomy":"product_cat","embeddable":true,"href":"https:\/\/poppers-online.ch\/fr\/wp-json\/wp\/v2\/product_cat?post=8144"},{"taxonomy":"product_tag","embeddable":true,"href":"https:\/\/poppers-online.ch\/fr\/wp-json\/wp\/v2\/product_tag?post=8144"}],"curies":[{"name":"wp","href":"https:\/\/api.w.org\/{rel}","templated":true}]}}