{"id":8140,"date":"2021-12-24T15:21:53","date_gmt":"2021-12-24T14:21:54","guid":{"rendered":"https:\/\/poppers-online.ch\/?post_type=product&#038;p=8140"},"modified":"2024-10-16T00:50:36","modified_gmt":"2024-10-15T22:50:36","slug":"poppers-inhaler-double-steel-magic-magnet","status":"publish","type":"product","link":"https:\/\/poppers-online.ch\/fr\/produit\/poppers-inhaler-double-steel-magic-magnet\/","title":{"rendered":"Poppers Inhaler Double Steel Magic Magnet"},"content":{"rendered":"<p>Le Double Inhaler avec fermeture magn\u00e9tique au design de prise est la star. Le bo\u00eetier et les deux inhalateurs sont en acier inoxydable. La fermeture est magn\u00e9tique. La livraison comprend un inhalateur et un bracelet en cuir. Avec cet inhalateur, tu vas enthousiasmer les autres.<\/p>\n","protected":false},"excerpt":{"rendered":"<p>Le Poppers Inhaler Doulbe Steel Magic Magnet avec fermeture magn\u00e9tique au design de prise est la star. Le bo\u00eetier et les deux inhalateurs sont en acier inoxydable. La fermeture est magn\u00e9tique. Un inhalateur et un bracelet en cuir sont inclus dans la livraison. Avec cet inhalateur, tu vas enthousiasmer les autres. Voici comment pr\u00e9parer ton inhalateur \u00e0 l&rsquo;utilisation : Tu d\u00e9visses les deux tiges m\u00e9talliques. Tu impr\u00e8gnes du coton ou deux b\u00e2tonnets de coton avec suffisamment de poppers. Tu ins\u00e8res le coton ou les b\u00e2tonnets de coton dans les deux tiges m\u00e9talliques et tu revisseras les tiges m\u00e9talliques sur l&rsquo;inhalateur. Tu es maintenant pr\u00eat \u00e0 utiliser ton double poppers de notre Double Inhaler.<\/p>\n","protected":false},"featured_media":9663,"comment_status":"open","ping_status":"closed","template":"","meta":{"_acf_changed":false,"iawp_total_views":14,"_glsr_average":0,"_glsr_ranking":0,"_glsr_reviews":0},"product_brand":[],"product_cat":[149,1310],"product_tag":[],"class_list":{"0":"post-8140","1":"product","2":"type-product","3":"status-publish","4":"has-post-thumbnail","6":"product_cat-accessoires-poppers","7":"product_cat-inhalateurs","8":"pa_inhaler-produkttyp-double","10":"first","11":"instock","12":"taxable","13":"shipping-taxable","14":"purchasable","15":"product-type-simple"},"acf":[],"_links":{"self":[{"href":"https:\/\/poppers-online.ch\/fr\/wp-json\/wp\/v2\/product\/8140","targetHints":{"allow":["GET"]}}],"collection":[{"href":"https:\/\/poppers-online.ch\/fr\/wp-json\/wp\/v2\/product"}],"about":[{"href":"https:\/\/poppers-online.ch\/fr\/wp-json\/wp\/v2\/types\/product"}],"replies":[{"embeddable":true,"href":"https:\/\/poppers-online.ch\/fr\/wp-json\/wp\/v2\/comments?post=8140"}],"wp:featuredmedia":[{"embeddable":true,"href":"https:\/\/poppers-online.ch\/fr\/wp-json\/wp\/v2\/media\/9663"}],"wp:attachment":[{"href":"https:\/\/poppers-online.ch\/fr\/wp-json\/wp\/v2\/media?parent=8140"}],"wp:term":[{"taxonomy":"product_brand","embeddable":true,"href":"https:\/\/poppers-online.ch\/fr\/wp-json\/wp\/v2\/product_brand?post=8140"},{"taxonomy":"product_cat","embeddable":true,"href":"https:\/\/poppers-online.ch\/fr\/wp-json\/wp\/v2\/product_cat?post=8140"},{"taxonomy":"product_tag","embeddable":true,"href":"https:\/\/poppers-online.ch\/fr\/wp-json\/wp\/v2\/product_tag?post=8140"}],"curies":[{"name":"wp","href":"https:\/\/api.w.org\/{rel}","templated":true}]}}