{"id":8136,"date":"2021-12-24T15:21:02","date_gmt":"2021-12-24T14:21:02","guid":{"rendered":"https:\/\/poppers-online.ch\/?post_type=product&#038;p=8136"},"modified":"2025-10-23T12:45:18","modified_gmt":"2025-10-23T10:45:18","slug":"poppers-sniffer-cap-double-small","status":"publish","type":"product","link":"https:\/\/poppers-online.ch\/fr\/produit\/poppers-sniffer-cap-double-small\/","title":{"rendered":"Poppers Sniffer Cap Double Small"},"content":{"rendered":"<p>Le Sniffer Cap Double Small peut \u00eatre plac\u00e9 sur chaque flacon du fabricant canadien Lockerroom. D\u00e9visser le bouchon original du fabricant. Mettre le Sniffer Cap Doulbe et tu es pr\u00eat \u00e0 l&#8217;emploi. Le Sniffer Cap Double fait passer ton exp\u00e9rience avec les poppers \u00e0 un niveau sup\u00e9rieur. Essaye le sniffer et donne-nous ton avis sur cette page.<\/p>\n","protected":false},"excerpt":{"rendered":"<p>Le Poppers Sniffer Cap Double Small peut \u00eatre mont\u00e9 sur n&rsquo;importe quelle flacon du fabricant canadien Lockerroom. D\u00e9visser le bouchon original du fabricant. Mettre le Sniffer Cap Doulbe et tu es pr\u00eat \u00e0 l&#8217;emploi. Le Sniffer Cap Double fait passer ton exp\u00e9rience avec les poppers \u00e0 un niveau sup\u00e9rieur. Essaye le sniffer et donne-nous ton avis sur cette page.<\/p>\n","protected":false},"featured_media":9655,"comment_status":"open","ping_status":"closed","template":"","meta":{"_acf_changed":false,"iawp_total_views":19,"_glsr_average":0,"_glsr_ranking":0,"_glsr_reviews":0},"product_brand":[],"product_cat":[149,1303],"product_tag":[],"class_list":{"0":"post-8136","1":"product","2":"type-product","3":"status-publish","4":"has-post-thumbnail","6":"product_cat-accessoires-poppers","7":"product_cat-booster-caps","8":"pa_booster-cap-gewindegroesse-pour-taille-de-filetage-small","10":"first","11":"instock","12":"taxable","13":"shipping-taxable","14":"purchasable","15":"product-type-simple"},"acf":[],"_links":{"self":[{"href":"https:\/\/poppers-online.ch\/fr\/wp-json\/wp\/v2\/product\/8136","targetHints":{"allow":["GET"]}}],"collection":[{"href":"https:\/\/poppers-online.ch\/fr\/wp-json\/wp\/v2\/product"}],"about":[{"href":"https:\/\/poppers-online.ch\/fr\/wp-json\/wp\/v2\/types\/product"}],"replies":[{"embeddable":true,"href":"https:\/\/poppers-online.ch\/fr\/wp-json\/wp\/v2\/comments?post=8136"}],"wp:featuredmedia":[{"embeddable":true,"href":"https:\/\/poppers-online.ch\/fr\/wp-json\/wp\/v2\/media\/9655"}],"wp:attachment":[{"href":"https:\/\/poppers-online.ch\/fr\/wp-json\/wp\/v2\/media?parent=8136"}],"wp:term":[{"taxonomy":"product_brand","embeddable":true,"href":"https:\/\/poppers-online.ch\/fr\/wp-json\/wp\/v2\/product_brand?post=8136"},{"taxonomy":"product_cat","embeddable":true,"href":"https:\/\/poppers-online.ch\/fr\/wp-json\/wp\/v2\/product_cat?post=8136"},{"taxonomy":"product_tag","embeddable":true,"href":"https:\/\/poppers-online.ch\/fr\/wp-json\/wp\/v2\/product_tag?post=8136"}],"curies":[{"name":"wp","href":"https:\/\/api.w.org\/{rel}","templated":true}]}}