{"id":8132,"date":"2021-12-24T15:11:26","date_gmt":"2021-12-24T14:11:26","guid":{"rendered":"https:\/\/poppers-online.ch\/?post_type=product&#038;p=8132"},"modified":"2025-08-25T14:25:21","modified_gmt":"2025-08-25T12:25:21","slug":"poppers-sniffer-cap-small","status":"publish","type":"product","link":"https:\/\/poppers-online.ch\/fr\/produit\/poppers-sniffer-cap-small\/","title":{"rendered":"Poppers Sniffer Cap Small"},"content":{"rendered":"<p>Avec le Sniffer Cap, ton poppers est toujours pr\u00eat \u00e0 l&#8217;emploi. Tu peux facilement ouvrir et refermer le couvercle d&rsquo;une seule main. Avec le Sniffer Cap, tu n&rsquo;as pas de contact principal direct et il n&rsquo;y a donc pas d&rsquo;irritation principale. Il suffit de d\u00e9visser le couvercle original du fabricant et de visser le Sniffer Cap pour \u00eatre pr\u00eat \u00e0 l&#8217;emploi. Apr\u00e8s l&rsquo;utilisation, revisser le couvercle original du fabricant. La taille Small est pr\u00e9vue pour tous les flacons de 10ml et 30ml du fabricant canadien Lockerroom.<\/p>\n","protected":false},"excerpt":{"rendered":"<p>Avec le Sniffer Cap Small de Poppers, tu as toujours ton poppers pr\u00eat \u00e0 l&#8217;emploi. Tu peux facilement ouvrir et refermer le couvercle d&rsquo;une seule main. Avec le Sniffer Cap, tu n&rsquo;as pas de contact principal direct et il n&rsquo;y a donc pas d&rsquo;irritation principale. Il suffit de d\u00e9visser le couvercle original du fabricant et de visser le Sniffer Cap pour \u00eatre pr\u00eat \u00e0 l&#8217;emploi. Apr\u00e8s l&rsquo;utilisation, revisser le couvercle original du fabricant. La taille Small est pr\u00e9vue pour tous les flacons de 10ml et 30ml du fabricant canadien Lockerroom.<\/p>\n","protected":false},"featured_media":9642,"comment_status":"open","ping_status":"closed","template":"","meta":{"_acf_changed":false,"iawp_total_views":9,"_glsr_average":0,"_glsr_ranking":0,"_glsr_reviews":0},"product_brand":[],"product_cat":[149],"product_tag":[],"class_list":{"0":"post-8132","1":"product","2":"type-product","3":"status-publish","4":"has-post-thumbnail","6":"product_cat-accessoires-poppers","8":"first","9":"instock","10":"taxable","11":"shipping-taxable","12":"purchasable","13":"product-type-simple"},"acf":[],"_links":{"self":[{"href":"https:\/\/poppers-online.ch\/fr\/wp-json\/wp\/v2\/product\/8132","targetHints":{"allow":["GET"]}}],"collection":[{"href":"https:\/\/poppers-online.ch\/fr\/wp-json\/wp\/v2\/product"}],"about":[{"href":"https:\/\/poppers-online.ch\/fr\/wp-json\/wp\/v2\/types\/product"}],"replies":[{"embeddable":true,"href":"https:\/\/poppers-online.ch\/fr\/wp-json\/wp\/v2\/comments?post=8132"}],"wp:featuredmedia":[{"embeddable":true,"href":"https:\/\/poppers-online.ch\/fr\/wp-json\/wp\/v2\/media\/9642"}],"wp:attachment":[{"href":"https:\/\/poppers-online.ch\/fr\/wp-json\/wp\/v2\/media?parent=8132"}],"wp:term":[{"taxonomy":"product_brand","embeddable":true,"href":"https:\/\/poppers-online.ch\/fr\/wp-json\/wp\/v2\/product_brand?post=8132"},{"taxonomy":"product_cat","embeddable":true,"href":"https:\/\/poppers-online.ch\/fr\/wp-json\/wp\/v2\/product_cat?post=8132"},{"taxonomy":"product_tag","embeddable":true,"href":"https:\/\/poppers-online.ch\/fr\/wp-json\/wp\/v2\/product_tag?post=8132"}],"curies":[{"name":"wp","href":"https:\/\/api.w.org\/{rel}","templated":true}]}}