{"id":8128,"date":"2021-12-24T15:09:56","date_gmt":"2021-12-24T14:09:56","guid":{"rendered":"https:\/\/poppers-online.ch\/?post_type=product&#038;p=8128"},"modified":"2024-10-16T00:50:39","modified_gmt":"2024-10-15T22:50:39","slug":"poppers-sniffer-cap-big","status":"publish","type":"product","link":"https:\/\/poppers-online.ch\/fr\/produit\/poppers-sniffer-cap-big\/","title":{"rendered":"Poppers Sniffer Cap Big"},"content":{"rendered":"<p>Avec le Sniffer Cap, ton poppers est toujours pr\u00eat \u00e0 l&#8217;emploi. Tu peux facilement ouvrir et refermer le couvercle d&rsquo;une seule main. Avec le Sniffer Cap, tu n&rsquo;as pas de contact principal direct et il n&rsquo;y a donc pas d&rsquo;irritation de la peau. Il suffit de d\u00e9visser le couvercle original du fabricant et de visser le Sniffer Cap pour \u00eatre pr\u00eat \u00e0 l&#8217;emploi. Apr\u00e8s l&rsquo;utilisation, revisser le couvercle original du fabricant. La taille Big convient \u00e0 tous les flacons carr\u00e9s de 25 ml du fabricant Lockerroom.<\/p>\n","protected":false},"excerpt":{"rendered":"<p>Avec le Sniffer Cap Big de Poppers, tu as toujours ton poppers pr\u00eat \u00e0 l&#8217;emploi. Tu peux facilement ouvrir et refermer le couvercle d&rsquo;une seule main. Avec le Sniffer Cap, tu n&rsquo;as pas de contact principal direct et il n&rsquo;y a donc pas d&rsquo;irritation de la peau. Il suffit de d\u00e9visser le couvercle original du fabricant et de visser le Sniffer Cap pour \u00eatre pr\u00eat \u00e0 l&#8217;emploi. Apr\u00e8s l&rsquo;utilisation, revisser le couvercle original du fabricant. La taille Big convient \u00e0 tous les flacons carr\u00e9s de 25 ml du fabricant Lockerroom.<\/p>\n","protected":false},"featured_media":9625,"comment_status":"open","ping_status":"closed","template":"","meta":{"_acf_changed":false,"iawp_total_views":18,"_glsr_average":0,"_glsr_ranking":0,"_glsr_reviews":0},"product_brand":[],"product_cat":[149],"product_tag":[],"class_list":{"0":"post-8128","1":"product","2":"type-product","3":"status-publish","4":"has-post-thumbnail","6":"product_cat-accessoires-poppers","8":"first","9":"instock","10":"taxable","11":"shipping-taxable","12":"purchasable","13":"product-type-simple"},"acf":[],"_links":{"self":[{"href":"https:\/\/poppers-online.ch\/fr\/wp-json\/wp\/v2\/product\/8128","targetHints":{"allow":["GET"]}}],"collection":[{"href":"https:\/\/poppers-online.ch\/fr\/wp-json\/wp\/v2\/product"}],"about":[{"href":"https:\/\/poppers-online.ch\/fr\/wp-json\/wp\/v2\/types\/product"}],"replies":[{"embeddable":true,"href":"https:\/\/poppers-online.ch\/fr\/wp-json\/wp\/v2\/comments?post=8128"}],"wp:featuredmedia":[{"embeddable":true,"href":"https:\/\/poppers-online.ch\/fr\/wp-json\/wp\/v2\/media\/9625"}],"wp:attachment":[{"href":"https:\/\/poppers-online.ch\/fr\/wp-json\/wp\/v2\/media?parent=8128"}],"wp:term":[{"taxonomy":"product_brand","embeddable":true,"href":"https:\/\/poppers-online.ch\/fr\/wp-json\/wp\/v2\/product_brand?post=8128"},{"taxonomy":"product_cat","embeddable":true,"href":"https:\/\/poppers-online.ch\/fr\/wp-json\/wp\/v2\/product_cat?post=8128"},{"taxonomy":"product_tag","embeddable":true,"href":"https:\/\/poppers-online.ch\/fr\/wp-json\/wp\/v2\/product_tag?post=8128"}],"curies":[{"name":"wp","href":"https:\/\/api.w.org\/{rel}","templated":true}]}}