{"id":8106,"date":"2021-12-24T14:37:02","date_gmt":"2021-12-24T13:37:02","guid":{"rendered":"https:\/\/poppers-online.ch\/?post_type=product&#038;p=8106"},"modified":"2025-09-24T02:05:49","modified_gmt":"2025-09-24T00:05:49","slug":"poppers-booster-cap-xtrm-snffr-solo-small","status":"publish","type":"product","link":"https:\/\/poppers-online.ch\/fr\/produit\/poppers-booster-cap-xtrm-snffr-solo-small\/","title":{"rendered":"Poppers Booster Cap XTRM SNFFR Solo Small"},"content":{"rendered":"<p>Le SNFFR Poppers Booster Cap de XTRM fait passer l&rsquo;utilisation des poppers \u00e0 un niveau sup\u00e9rieur. Tu d\u00e9visses le bouchon original du fabricant et tu visses le Booster Cap sur la flacon. Tu sentiras rapidement la diff\u00e9rence. Un autre avantage est qu&rsquo;avec le Booster Cap, tu prot\u00e8ges ta peau des irritations et des br\u00fblures, car tu n&rsquo;as pas de contact direct avec le poppers. Apr\u00e8s l&rsquo;utilisation, remets imp\u00e9rativement le couvercle original du fabricant pour \u00e9viter les fuites. Essaye le Booster Cap et \u00e9cris une \u00e9valuation du produit sur cette page. La taille Small convient \u00e0 toutes les flacons ronds de 10ml et 30ml du fabricant canadien Lockerroom.<\/p>\n","protected":false},"excerpt":{"rendered":"<p>Le Poppers Booster Cap XTRM SNFFR Solo Small de XTRM fait passer l&rsquo;utilisation des poppers \u00e0 un niveau sup\u00e9rieur. Tu d\u00e9visses le bouchon original du fabricant et tu visses le Booster Cap sur la flacon. Tu sentiras rapidement la diff\u00e9rence. Un autre avantage est qu&rsquo;avec le booster cap, tu prot\u00e8ges ta peau des <a href=\"https:\/\/poppers-online.ch\/poppers-faq\/notfall\/\">irritations et des br\u00fblures<\/a>, car tu n&rsquo;as pas de contact direct avec le poppers. Apr\u00e8s l&rsquo;utilisation, remets imp\u00e9rativement le couvercle original du fabricant pour \u00e9viter les fuites. Essaye le Poppers Booster Cap XTRM SNFFR Solo Small et \u00e9cris un commentaire sur ce produit. La taille Small convient \u00e0 tous les flacons ronds de 10ml et 30ml du fabricant canadien Lockerroom.<\/p>\n","protected":false},"featured_media":9567,"comment_status":"open","ping_status":"closed","template":"","meta":{"_acf_changed":false,"iawp_total_views":0,"_glsr_average":0,"_glsr_ranking":0,"_glsr_reviews":0},"product_brand":[],"product_cat":[149,1303],"product_tag":[],"class_list":{"0":"post-8106","1":"product","2":"type-product","3":"status-publish","4":"has-post-thumbnail","6":"product_cat-accessoires-poppers","7":"product_cat-booster-caps","8":"pa_booster-cap-gewindegroesse-pour-taille-de-filetage-small","10":"first","11":"instock","12":"taxable","13":"shipping-taxable","14":"purchasable","15":"product-type-simple"},"acf":[],"_links":{"self":[{"href":"https:\/\/poppers-online.ch\/fr\/wp-json\/wp\/v2\/product\/8106","targetHints":{"allow":["GET"]}}],"collection":[{"href":"https:\/\/poppers-online.ch\/fr\/wp-json\/wp\/v2\/product"}],"about":[{"href":"https:\/\/poppers-online.ch\/fr\/wp-json\/wp\/v2\/types\/product"}],"replies":[{"embeddable":true,"href":"https:\/\/poppers-online.ch\/fr\/wp-json\/wp\/v2\/comments?post=8106"}],"wp:featuredmedia":[{"embeddable":true,"href":"https:\/\/poppers-online.ch\/fr\/wp-json\/wp\/v2\/media\/9567"}],"wp:attachment":[{"href":"https:\/\/poppers-online.ch\/fr\/wp-json\/wp\/v2\/media?parent=8106"}],"wp:term":[{"taxonomy":"product_brand","embeddable":true,"href":"https:\/\/poppers-online.ch\/fr\/wp-json\/wp\/v2\/product_brand?post=8106"},{"taxonomy":"product_cat","embeddable":true,"href":"https:\/\/poppers-online.ch\/fr\/wp-json\/wp\/v2\/product_cat?post=8106"},{"taxonomy":"product_tag","embeddable":true,"href":"https:\/\/poppers-online.ch\/fr\/wp-json\/wp\/v2\/product_tag?post=8106"}],"curies":[{"name":"wp","href":"https:\/\/api.w.org\/{rel}","templated":true}]}}