{"id":8102,"date":"2021-12-24T14:18:31","date_gmt":"2021-12-24T13:18:32","guid":{"rendered":"https:\/\/poppers-online.ch\/?post_type=product&#038;p=8102"},"modified":"2025-10-23T12:34:41","modified_gmt":"2025-10-23T10:34:41","slug":"aroma-topper-boneyard-s","status":"publish","type":"product","link":"https:\/\/poppers-online.ch\/fr\/produit\/aroma-topper-boneyard-s\/","title":{"rendered":"Aroma Topper BONEYARD S"},"content":{"rendered":"<p>Avec l&rsquo;Aroma Topper de Boneyard, tu es toujours pr\u00eat \u00e0 l&#8217;emploi. Ouvrir la flacon n\u00e9cessitait jusqu&rsquo;\u00e0 pr\u00e9sent deux mains, alors que tu as des choses plus importantes \u00e0 faire \u00e0 ce moment-l\u00e0. Avec ce bouchon, tu peux facilement ouvrir ton poppers d&rsquo;une seule main. Tu \u00e9vites de renverser ton poppers et tu n&rsquo;as pas de contact direct avec la flacon, ce qui te prot\u00e8ge d&rsquo;\u00e9ventuelles br\u00fblures. La taille S convient parfaitement \u00e0 toutes les flacons de poppers du fabricant canadien Lockerroom.<\/p>\n","protected":false},"excerpt":{"rendered":"<p>Avec l&rsquo;Aroma Topper BONEYARD S de Boneyard, tu es toujours pr\u00eat \u00e0 l&#8217;emploi. Ouvrir la flacon n\u00e9cessitait jusqu&rsquo;\u00e0 pr\u00e9sent deux mains, alors que tu as des choses plus importantes \u00e0 faire \u00e0 ce moment-l\u00e0. Avec ce bouchon, tu peux facilement ouvrir ton poppers d&rsquo;une seule main. Tu \u00e9vites de renverser ton poppers et tu n&rsquo;as pas de contact direct avec la flacon, ce qui te prot\u00e8ge d&rsquo;\u00e9ventuelles br\u00fblures. La taille S convient parfaitement \u00e0 tous les flacons de poppers de 10 ml et 30 ml des fabricants Lockerroom, Oxymoron et Shelbora.<\/p>\n","protected":false},"featured_media":9457,"comment_status":"open","ping_status":"closed","template":"","meta":{"_acf_changed":false,"iawp_total_views":26,"_glsr_average":0,"_glsr_ranking":0,"_glsr_reviews":0},"product_brand":[],"product_cat":[149,1294],"product_tag":[],"class_list":{"0":"post-8102","1":"product","2":"type-product","3":"status-publish","4":"has-post-thumbnail","6":"product_cat-accessoires-poppers","7":"product_cat-aroma-toppers","8":"pa_aroma-topper-gewindegroesse-pour-taille-de-filetage-small","10":"first","11":"instock","12":"taxable","13":"shipping-taxable","14":"purchasable","15":"product-type-simple"},"acf":[],"_links":{"self":[{"href":"https:\/\/poppers-online.ch\/fr\/wp-json\/wp\/v2\/product\/8102","targetHints":{"allow":["GET"]}}],"collection":[{"href":"https:\/\/poppers-online.ch\/fr\/wp-json\/wp\/v2\/product"}],"about":[{"href":"https:\/\/poppers-online.ch\/fr\/wp-json\/wp\/v2\/types\/product"}],"replies":[{"embeddable":true,"href":"https:\/\/poppers-online.ch\/fr\/wp-json\/wp\/v2\/comments?post=8102"}],"wp:featuredmedia":[{"embeddable":true,"href":"https:\/\/poppers-online.ch\/fr\/wp-json\/wp\/v2\/media\/9457"}],"wp:attachment":[{"href":"https:\/\/poppers-online.ch\/fr\/wp-json\/wp\/v2\/media?parent=8102"}],"wp:term":[{"taxonomy":"product_brand","embeddable":true,"href":"https:\/\/poppers-online.ch\/fr\/wp-json\/wp\/v2\/product_brand?post=8102"},{"taxonomy":"product_cat","embeddable":true,"href":"https:\/\/poppers-online.ch\/fr\/wp-json\/wp\/v2\/product_cat?post=8102"},{"taxonomy":"product_tag","embeddable":true,"href":"https:\/\/poppers-online.ch\/fr\/wp-json\/wp\/v2\/product_tag?post=8102"}],"curies":[{"name":"wp","href":"https:\/\/api.w.org\/{rel}","templated":true}]}}