{"id":8098,"date":"2021-12-24T14:13:51","date_gmt":"2021-12-24T13:13:51","guid":{"rendered":"https:\/\/poppers-online.ch\/?post_type=product&#038;p=8098"},"modified":"2024-10-16T00:55:28","modified_gmt":"2024-10-15T22:55:28","slug":"aroma-topper-boneyard-l","status":"publish","type":"product","link":"https:\/\/poppers-online.ch\/fr\/produit\/aroma-topper-boneyard-l\/","title":{"rendered":"Aroma Topper BONEYARD L"},"content":{"rendered":"<p>Avec l&rsquo;Aroma Topper de Boneyard, tu es toujours pr\u00eat \u00e0 l&#8217;emploi. Ouvrir la flacon n\u00e9cessitait jusqu&rsquo;\u00e0 pr\u00e9sent deux mains, alors que tu as des choses plus importantes \u00e0 faire \u00e0 ce moment-l\u00e0. Avec ce bouchon, tu peux facilement ouvrir ton poppers d&rsquo;une seule main. Tu \u00e9vites de renverser le poppers et tu n&rsquo;as pas de contact direct avec la flacon, ce qui te prot\u00e8ge d&rsquo;\u00e9ventuelles br\u00fblures. La taille L convient aux tr\u00e8s grandes flacons de Poppers des \u00c9tats-Unis et d&rsquo;Angleterre.<\/p>\n","protected":false},"excerpt":{"rendered":"<p>Avec l&rsquo;Aroma Topper BONEYARD L de Boneyard, tu es toujours pr\u00eat \u00e0 l&#8217;emploi. L&rsquo;ouverture de la flacon a n\u00e9cessit\u00e9 jusqu&rsquo;\u00e0 pr\u00e9sent deux mains, alors que tu as des choses plus importantes \u00e0 faire \u00e0 ce moment-l\u00e0. Avec ce bouchon, tu peux facilement ouvrir ton poppers d&rsquo;une seule main. Tu \u00e9vites de renverser du poppers et tu n&rsquo;as pas de contact direct avec la flacon, ce qui te prot\u00e8ge d&rsquo;\u00e9ventuelles br\u00fblures. La taille L convient aux flacons de poppers de 25 ml de Lockerroom.<\/p>\n","protected":false},"featured_media":9457,"comment_status":"open","ping_status":"closed","template":"","meta":{"_acf_changed":false,"iawp_total_views":13,"_glsr_average":0,"_glsr_ranking":0,"_glsr_reviews":0},"product_brand":[],"product_cat":[149,1294],"product_tag":[],"class_list":{"0":"post-8098","1":"product","2":"type-product","3":"status-publish","4":"has-post-thumbnail","6":"product_cat-accessoires-poppers","7":"product_cat-aroma-toppers","8":"pa_aroma-topper-gewindegroesse-pour-taille-de-filetage-large","10":"first","11":"instock","12":"taxable","13":"shipping-taxable","14":"purchasable","15":"product-type-simple"},"acf":[],"_links":{"self":[{"href":"https:\/\/poppers-online.ch\/fr\/wp-json\/wp\/v2\/product\/8098","targetHints":{"allow":["GET"]}}],"collection":[{"href":"https:\/\/poppers-online.ch\/fr\/wp-json\/wp\/v2\/product"}],"about":[{"href":"https:\/\/poppers-online.ch\/fr\/wp-json\/wp\/v2\/types\/product"}],"replies":[{"embeddable":true,"href":"https:\/\/poppers-online.ch\/fr\/wp-json\/wp\/v2\/comments?post=8098"}],"wp:featuredmedia":[{"embeddable":true,"href":"https:\/\/poppers-online.ch\/fr\/wp-json\/wp\/v2\/media\/9457"}],"wp:attachment":[{"href":"https:\/\/poppers-online.ch\/fr\/wp-json\/wp\/v2\/media?parent=8098"}],"wp:term":[{"taxonomy":"product_brand","embeddable":true,"href":"https:\/\/poppers-online.ch\/fr\/wp-json\/wp\/v2\/product_brand?post=8098"},{"taxonomy":"product_cat","embeddable":true,"href":"https:\/\/poppers-online.ch\/fr\/wp-json\/wp\/v2\/product_cat?post=8098"},{"taxonomy":"product_tag","embeddable":true,"href":"https:\/\/poppers-online.ch\/fr\/wp-json\/wp\/v2\/product_tag?post=8098"}],"curies":[{"name":"wp","href":"https:\/\/api.w.org\/{rel}","templated":true}]}}