{"id":8094,"date":"2021-12-24T14:04:42","date_gmt":"2021-12-24T13:04:42","guid":{"rendered":"https:\/\/poppers-online.ch\/?post_type=product&#038;p=8094"},"modified":"2024-10-16T00:55:29","modified_gmt":"2024-10-15T22:55:29","slug":"poppers-flip-top-cap-wyffr-grey","status":"publish","type":"product","link":"https:\/\/poppers-online.ch\/fr\/produit\/poppers-flip-top-cap-wyffr-grey\/","title":{"rendered":"Poppers Flip Top Cap WYFF&rsquo;R GREY"},"content":{"rendered":"<p>Poppers Flip Top Cap WYFF&rsquo;R GREY &#8211; Cette invention venue des Etats-Unis va certainement t&rsquo;enthousiasmer. Un couvercle qui s&rsquo;ouvre facilement et se ferme sans effort, et ce confortablement d&rsquo;une seule main. Tu es ainsi bien pr\u00e9par\u00e9 pour le bon moment et tu ne dois plus jamais chercher un couvercle. Les poppers sont ainsi moins susceptibles d&rsquo;\u00eatre vid\u00e9s par erreur. Le couvercle s&rsquo;ouvre facilement et se ferme sans effort, et ce d&rsquo;une seule main. Remettre le couvercle d&rsquo;origine apr\u00e8s utilisation et pour le transport et le stockage. Le mod\u00e8le gris de WYFF&rsquo;R convient \u00e0 tous les flacons carr\u00e9s de 25 ml du fabricant Lockerroom.<\/p>\n","protected":false},"excerpt":{"rendered":"<p>Poppers Flip Top Cap WYFF&rsquo;R GREY &#8211; Cette invention venue des Etats-Unis va certainement t&rsquo;enthousiasmer. Un couvercle qui s&rsquo;ouvre facilement et se ferme sans effort, et ce confortablement d&rsquo;une seule main. Tu es ainsi bien pr\u00e9par\u00e9 pour le bon moment et tu ne dois plus jamais chercher un couvercle. Les poppers sont ainsi moins susceptibles d&rsquo;\u00eatre vid\u00e9s par erreur. Le couvercle s&rsquo;ouvre facilement et se ferme sans effort, et ce d&rsquo;une seule main. Le mod\u00e8le gris de WYFF&rsquo;R convient \u00e0 tous les flacons carr\u00e9s de 25 ml du fabricant Lockerroom.<\/p>\n<p><iframe style=\"border: 1px solid #CCC; margin-top: 40px;\" src=\"https:\/\/player.vimeo.com\/video\/537296330\" width=\"500\" height=\"281\"><\/iframe><\/p>\n<p><iframe style=\"border: 1px solid #CCC; margin-top: 40px;\" src=\"https:\/\/player.vimeo.com\/video\/533630762\" width=\"500\" height=\"281\"><\/iframe><\/p>\n","protected":false},"featured_media":9438,"comment_status":"open","ping_status":"closed","template":"","meta":{"_acf_changed":false,"iawp_total_views":8,"_glsr_average":0,"_glsr_ranking":0,"_glsr_reviews":0},"product_brand":[],"product_cat":[149,1294],"product_tag":[],"class_list":{"0":"post-8094","1":"product","2":"type-product","3":"status-publish","4":"has-post-thumbnail","6":"product_cat-accessoires-poppers","7":"product_cat-aroma-toppers","8":"pa_aroma-topper-gewindegroesse-pour-taille-de-filetage-large","10":"first","11":"instock","12":"taxable","13":"shipping-taxable","14":"purchasable","15":"product-type-simple"},"acf":[],"_links":{"self":[{"href":"https:\/\/poppers-online.ch\/fr\/wp-json\/wp\/v2\/product\/8094","targetHints":{"allow":["GET"]}}],"collection":[{"href":"https:\/\/poppers-online.ch\/fr\/wp-json\/wp\/v2\/product"}],"about":[{"href":"https:\/\/poppers-online.ch\/fr\/wp-json\/wp\/v2\/types\/product"}],"replies":[{"embeddable":true,"href":"https:\/\/poppers-online.ch\/fr\/wp-json\/wp\/v2\/comments?post=8094"}],"wp:featuredmedia":[{"embeddable":true,"href":"https:\/\/poppers-online.ch\/fr\/wp-json\/wp\/v2\/media\/9438"}],"wp:attachment":[{"href":"https:\/\/poppers-online.ch\/fr\/wp-json\/wp\/v2\/media?parent=8094"}],"wp:term":[{"taxonomy":"product_brand","embeddable":true,"href":"https:\/\/poppers-online.ch\/fr\/wp-json\/wp\/v2\/product_brand?post=8094"},{"taxonomy":"product_cat","embeddable":true,"href":"https:\/\/poppers-online.ch\/fr\/wp-json\/wp\/v2\/product_cat?post=8094"},{"taxonomy":"product_tag","embeddable":true,"href":"https:\/\/poppers-online.ch\/fr\/wp-json\/wp\/v2\/product_tag?post=8094"}],"curies":[{"name":"wp","href":"https:\/\/api.w.org\/{rel}","templated":true}]}}