{"id":8082,"date":"2021-12-24T13:12:00","date_gmt":"2021-12-24T12:12:01","guid":{"rendered":"https:\/\/poppers-online.ch\/?post_type=product&#038;p=8082"},"modified":"2024-10-16T00:55:32","modified_gmt":"2024-10-15T22:55:32","slug":"amsterdam-combo-3-flacons","status":"publish","type":"product","link":"https:\/\/poppers-online.ch\/fr\/produit\/amsterdam-combo-3-flacons\/","title":{"rendered":"Amsterdam Combo 3 flacons"},"content":{"rendered":"<p>Paquet de 3 poppers Amsterdam diff\u00e9rents. Amsterdam est l&rsquo;une des marques de poppers les plus populaires depuis longtemps. Mais il existe de nombreux poppers Amsterdam diff\u00e9rents. Avec ce paquet, tu re\u00e7ois l&rsquo;Amsterdam d&rsquo;une part en trois tailles de flacons diff\u00e9rentes et d&rsquo;autre part avec trois formules de base diff\u00e9rentes. Amsterdam Special petit, bas\u00e9 sur la Canadian Pentyl Formula, Amsterdam Special 25ml, bas\u00e9 sur la Pentyl Formula et l&rsquo;extra-fort The Real Amsterdam 30ml, bas\u00e9 sur l&rsquo;Hexylformula. Saisis l&rsquo;occasion et teste les diff\u00e9rentes expressions d&rsquo;Amsterdam Poppers.<\/p>\n","protected":false},"excerpt":{"rendered":"<p>Amsterdam Combo 3 flacons. Amsterdam est l&rsquo;une des marques de poppers les plus populaires depuis longtemps. Mais il existe de nombreux poppers Amsterdam diff\u00e9rents. Avec ce paquet, tu re\u00e7ois l&rsquo;Amsterdam d&rsquo;une part dans trois tailles de flacons diff\u00e9rentes et d&rsquo;autre part avec trois formules de base diff\u00e9rentes. <a href=\"https:\/\/poppers-online.ch\/fr\/produit\/amsterdam-special-10ml\/\">Amsterdam Special 10ml<\/a> petit, bas\u00e9 sur la Canadian Pentyl Formula, <a href=\"https:\/\/poppers-online.ch\/fr\/produit\/amsterdam-special-25ml\/\">Amsterdam Special 25ml<\/a>, bas\u00e9 sur la Pentyl Formula et l&rsquo;extra-fort <a href=\"https:\/\/poppers-online.ch\/fr\/produit\/the-real-amsterdam-extra-strong-30ml\/\">The Real Amsterdam 30ml<\/a>, bas\u00e9 sur l&rsquo;Hexyl Formula. Saisis l&rsquo;occasion et teste les diff\u00e9rentes expressions d&rsquo;Amsterdam Poppers.<\/p>\n","protected":false},"featured_media":31002,"comment_status":"open","ping_status":"closed","template":"","meta":{"_acf_changed":false,"iawp_total_views":15,"_glsr_average":0,"_glsr_ranking":0,"_glsr_reviews":0},"product_brand":[],"product_cat":[1046,76,77,78],"product_tag":[],"class_list":{"0":"post-8082","1":"product","2":"type-product","3":"status-publish","4":"has-post-thumbnail","6":"product_cat-poppers","7":"product_cat-paquets-economiques","8":"product_cat-grands-flacons","9":"product_cat-petits-flacons","10":"pa_flaschenform-rond-petit","11":"pa_flaschenform-rond-grand","12":"pa_flaschenform-anguleux","13":"pa_gewindegroesse-small","14":"pa_gewindegroesse-large","15":"pa_inhalt-combo","16":"pa_inhalt-30ml","17":"pa_inhalt-25ml","18":"pa_inhalt-10ml","19":"pa_inhaltsstoffe-formule-canadienne-de-pentyle","20":"pa_marke-amsterdam-poppers","21":"pa_marke-lockerroom-poppers","22":"pa_staerke-89","24":"first","25":"instock","26":"sale","27":"taxable","28":"shipping-taxable","29":"purchasable","30":"product-type-simple"},"acf":[],"_links":{"self":[{"href":"https:\/\/poppers-online.ch\/fr\/wp-json\/wp\/v2\/product\/8082","targetHints":{"allow":["GET"]}}],"collection":[{"href":"https:\/\/poppers-online.ch\/fr\/wp-json\/wp\/v2\/product"}],"about":[{"href":"https:\/\/poppers-online.ch\/fr\/wp-json\/wp\/v2\/types\/product"}],"replies":[{"embeddable":true,"href":"https:\/\/poppers-online.ch\/fr\/wp-json\/wp\/v2\/comments?post=8082"}],"wp:featuredmedia":[{"embeddable":true,"href":"https:\/\/poppers-online.ch\/fr\/wp-json\/wp\/v2\/media\/31002"}],"wp:attachment":[{"href":"https:\/\/poppers-online.ch\/fr\/wp-json\/wp\/v2\/media?parent=8082"}],"wp:term":[{"taxonomy":"product_brand","embeddable":true,"href":"https:\/\/poppers-online.ch\/fr\/wp-json\/wp\/v2\/product_brand?post=8082"},{"taxonomy":"product_cat","embeddable":true,"href":"https:\/\/poppers-online.ch\/fr\/wp-json\/wp\/v2\/product_cat?post=8082"},{"taxonomy":"product_tag","embeddable":true,"href":"https:\/\/poppers-online.ch\/fr\/wp-json\/wp\/v2\/product_tag?post=8082"}],"curies":[{"name":"wp","href":"https:\/\/api.w.org\/{rel}","templated":true}]}}