{"id":8078,"date":"2021-12-24T12:37:08","date_gmt":"2021-12-24T11:37:08","guid":{"rendered":"https:\/\/poppers-online.ch\/?post_type=product&#038;p=8078"},"modified":"2025-10-23T12:39:17","modified_gmt":"2025-10-23T10:39:17","slug":"classic-edition-30ml-combo-3-flacons","status":"publish","type":"product","link":"https:\/\/poppers-online.ch\/fr\/produit\/classic-edition-30ml-combo-3-flacons\/","title":{"rendered":"Classic Edition 30ml Combo 3 flacons"},"content":{"rendered":"<p>Paquet de 3 classiques. <a href=\"https:\/\/poppers-online.ch\/fr\/produit\/amsterdam-special-30ml\/\">Amsterdam Special 30ml<\/a>, <a href=\"https:\/\/poppers-online.ch\/fr\/produit\/blue-boy-30ml\/\">Blue Boy 30ml<\/a> et <a href=\"https:\/\/poppers-online.ch\/fr\/produit\/jungle-juice-black-label-extreme-formula-30ml\/\">Jungle Juice Black Extreme 30ml<\/a>. Ces produits Poppers sont souvent achet\u00e9s ensemble, c&rsquo;est pourquoi nous t&rsquo;avons concoct\u00e9 un paquet Poppers avec les classiques. Profitez-en et ayez toujours les classiques Poppers \u00e0 port\u00e9e de main.<\/p>\n","protected":false},"excerpt":{"rendered":"<p>Classic Edition 30ml Combo 3 flacons. <a href=\"https:\/\/poppers-online.ch\/fr\/produit\/amsterdam-special-30ml\/\">Amsterdam Special 30ml,<\/a> <a href=\"https:\/\/poppers-online.ch\/fr\/produit\/blue-boy-30ml\/\">Blue Boy 30ml<\/a> et <a href=\"https:\/\/poppers-online.ch\/fr\/produit\/jungle-juice-platinum-30ml\/\">Jungle Juice Platinum 30ml<\/a>. Ces produits Poppers sont souvent achet\u00e9s ensemble, c&rsquo;est pourquoi nous t&rsquo;avons concoct\u00e9 un paquet Poppers avec les classiques. Profite-en et aie toujours les classiques Poppers \u00e0 port\u00e9e de main.<\/p>\n","protected":false},"featured_media":137051,"comment_status":"open","ping_status":"closed","template":"","meta":{"_acf_changed":false,"iawp_total_views":5,"_glsr_average":0,"_glsr_ranking":0,"_glsr_reviews":0},"product_brand":[],"product_cat":[1046,76,77],"product_tag":[],"class_list":{"0":"post-8078","1":"product","2":"type-product","3":"status-publish","4":"has-post-thumbnail","6":"product_cat-poppers","7":"product_cat-paquets-economiques","8":"product_cat-grands-flacons","9":"pa_flaschenform-rond-grand","10":"pa_gewindegroesse-small","11":"pa_inhalt-combo","12":"pa_inhalt-30ml","13":"pa_marke-amsterdam-poppers","14":"pa_marke-jungle-juice-poppers","15":"pa_staerke-90","17":"first","18":"instock","19":"sale","20":"taxable","21":"shipping-taxable","22":"purchasable","23":"product-type-simple"},"acf":[],"_links":{"self":[{"href":"https:\/\/poppers-online.ch\/fr\/wp-json\/wp\/v2\/product\/8078","targetHints":{"allow":["GET"]}}],"collection":[{"href":"https:\/\/poppers-online.ch\/fr\/wp-json\/wp\/v2\/product"}],"about":[{"href":"https:\/\/poppers-online.ch\/fr\/wp-json\/wp\/v2\/types\/product"}],"replies":[{"embeddable":true,"href":"https:\/\/poppers-online.ch\/fr\/wp-json\/wp\/v2\/comments?post=8078"}],"wp:featuredmedia":[{"embeddable":true,"href":"https:\/\/poppers-online.ch\/fr\/wp-json\/wp\/v2\/media\/137051"}],"wp:attachment":[{"href":"https:\/\/poppers-online.ch\/fr\/wp-json\/wp\/v2\/media?parent=8078"}],"wp:term":[{"taxonomy":"product_brand","embeddable":true,"href":"https:\/\/poppers-online.ch\/fr\/wp-json\/wp\/v2\/product_brand?post=8078"},{"taxonomy":"product_cat","embeddable":true,"href":"https:\/\/poppers-online.ch\/fr\/wp-json\/wp\/v2\/product_cat?post=8078"},{"taxonomy":"product_tag","embeddable":true,"href":"https:\/\/poppers-online.ch\/fr\/wp-json\/wp\/v2\/product_tag?post=8078"}],"curies":[{"name":"wp","href":"https:\/\/api.w.org\/{rel}","templated":true}]}}