{"id":8074,"date":"2021-12-24T12:33:49","date_gmt":"2021-12-24T11:33:49","guid":{"rendered":"https:\/\/poppers-online.ch\/?post_type=product&#038;p=8074"},"modified":"2026-03-26T16:19:30","modified_gmt":"2026-03-26T15:19:30","slug":"black-edition-30ml-combo-3-flacons","status":"publish","type":"product","link":"https:\/\/poppers-online.ch\/fr\/produit\/black-edition-30ml-combo-3-flacons\/","title":{"rendered":"Black Edition 30ml Combo 3 flacons"},"content":{"rendered":"","protected":false},"excerpt":{"rendered":"<p>Black Edition 30ml Combo 3 flacons en noir. <a href=\"https:\/\/poppers-online.ch\/fr\/produit\/rochefort-30ml\/\">Rochefort 30ml<\/a>, <a href=\"https:\/\/poppers-online.ch\/fr\/produit\/jacked-30ml\/\">Jacked 30ml<\/a> et <a href=\"https:\/\/poppers-online.ch\/fr\/produit\/fetish-30ml\/\">Fetish 30ml<\/a>. Les trois marques sont tr\u00e8s appr\u00e9ci\u00e9es des mecs f\u00e9tichistes. Trouve ton popper noir pr\u00e9f\u00e9r\u00e9 dans ce lot de 3. Profite du prix combo imbattable et assure-toi d\u00e8s aujourd&rsquo;hui de ton pack Black Edition.<\/p>\n","protected":false},"featured_media":36305,"comment_status":"open","ping_status":"closed","template":"","meta":{"_acf_changed":false,"iawp_total_views":22,"_glsr_average":0,"_glsr_ranking":0,"_glsr_reviews":0},"product_brand":[],"product_cat":[1046,76,77],"product_tag":[],"class_list":{"0":"post-8074","1":"product","2":"type-product","3":"status-publish","4":"has-post-thumbnail","6":"product_cat-poppers","7":"product_cat-paquets-economiques","8":"product_cat-grands-flacons","9":"pa_flaschenform-rond-grand","10":"pa_gewindegroesse-small","11":"pa_inhalt-combo","12":"pa_inhalt-30ml","13":"pa_marke-lockerroom-poppers","14":"pa_staerke-91","16":"first","17":"instock","18":"sale","19":"taxable","20":"shipping-taxable","21":"purchasable","22":"product-type-simple"},"acf":[],"_links":{"self":[{"href":"https:\/\/poppers-online.ch\/fr\/wp-json\/wp\/v2\/product\/8074","targetHints":{"allow":["GET"]}}],"collection":[{"href":"https:\/\/poppers-online.ch\/fr\/wp-json\/wp\/v2\/product"}],"about":[{"href":"https:\/\/poppers-online.ch\/fr\/wp-json\/wp\/v2\/types\/product"}],"replies":[{"embeddable":true,"href":"https:\/\/poppers-online.ch\/fr\/wp-json\/wp\/v2\/comments?post=8074"}],"wp:featuredmedia":[{"embeddable":true,"href":"https:\/\/poppers-online.ch\/fr\/wp-json\/wp\/v2\/media\/36305"}],"wp:attachment":[{"href":"https:\/\/poppers-online.ch\/fr\/wp-json\/wp\/v2\/media?parent=8074"}],"wp:term":[{"taxonomy":"product_brand","embeddable":true,"href":"https:\/\/poppers-online.ch\/fr\/wp-json\/wp\/v2\/product_brand?post=8074"},{"taxonomy":"product_cat","embeddable":true,"href":"https:\/\/poppers-online.ch\/fr\/wp-json\/wp\/v2\/product_cat?post=8074"},{"taxonomy":"product_tag","embeddable":true,"href":"https:\/\/poppers-online.ch\/fr\/wp-json\/wp\/v2\/product_tag?post=8074"}],"curies":[{"name":"wp","href":"https:\/\/api.w.org\/{rel}","templated":true}]}}