{"id":8070,"date":"2021-12-24T12:17:55","date_gmt":"2021-12-24T11:17:55","guid":{"rendered":"https:\/\/poppers-online.ch\/?post_type=product&#038;p=8070"},"modified":"2026-04-16T18:27:13","modified_gmt":"2026-04-16T16:27:13","slug":"iron-horse-poppers-25ml","status":"publish","type":"product","link":"https:\/\/poppers-online.ch\/fr\/produit\/iron-horse-poppers-25ml\/","title":{"rendered":"Iron Horse Poppers 25ml"},"content":{"rendered":"<p>Poppers Iron Horse 25ml de style r\u00e9tro du fabricant canadien Lockerroom. Le poppers \u00e0 base de nitrite de pentyle, puissant pour les chevaux. N&rsquo;ach\u00e8te que le poppers Iron Horse original.<\/p>\n","protected":false},"excerpt":{"rendered":"<p>Poppers Iron Horse 25ml de style r\u00e9tro du fabricant canadien Lockerroom. Le poppers puissant \u00e0 base de pentylnitrite pour tous les \u00e9talons avec des chevaux&#8230; avec un effet puissant et de longue dur\u00e9e pour des tournois de rod\u00e9o endurants. N&rsquo;ach\u00e8te que le poppers Iron Horse original. Tu le reconna\u00eetras aux initiales \u00ab\u00a0JJ\u00a0\u00bb sur la fermeture.<\/p>\n","protected":false},"featured_media":30933,"comment_status":"open","ping_status":"closed","template":"","meta":{"_acf_changed":false,"iawp_total_views":11,"_glsr_average":0,"_glsr_ranking":0,"_glsr_reviews":0},"product_brand":[],"product_cat":[77],"product_tag":[],"class_list":{"0":"post-8070","1":"product","2":"type-product","3":"status-publish","4":"has-post-thumbnail","6":"product_cat-grands-flacons","7":"pa_flaschenform-anguleux","8":"pa_gewindegroesse-large","9":"pa_inhalt-25ml","10":"pa_inhaltsstoffe-formule-canadienne-de-pentyle","11":"pa_marke-lockerroom-poppers","12":"pa_staerke-91","14":"first","15":"instock","16":"taxable","17":"shipping-taxable","18":"purchasable","19":"product-type-simple"},"acf":[],"_links":{"self":[{"href":"https:\/\/poppers-online.ch\/fr\/wp-json\/wp\/v2\/product\/8070","targetHints":{"allow":["GET"]}}],"collection":[{"href":"https:\/\/poppers-online.ch\/fr\/wp-json\/wp\/v2\/product"}],"about":[{"href":"https:\/\/poppers-online.ch\/fr\/wp-json\/wp\/v2\/types\/product"}],"replies":[{"embeddable":true,"href":"https:\/\/poppers-online.ch\/fr\/wp-json\/wp\/v2\/comments?post=8070"}],"wp:featuredmedia":[{"embeddable":true,"href":"https:\/\/poppers-online.ch\/fr\/wp-json\/wp\/v2\/media\/30933"}],"wp:attachment":[{"href":"https:\/\/poppers-online.ch\/fr\/wp-json\/wp\/v2\/media?parent=8070"}],"wp:term":[{"taxonomy":"product_brand","embeddable":true,"href":"https:\/\/poppers-online.ch\/fr\/wp-json\/wp\/v2\/product_brand?post=8070"},{"taxonomy":"product_cat","embeddable":true,"href":"https:\/\/poppers-online.ch\/fr\/wp-json\/wp\/v2\/product_cat?post=8070"},{"taxonomy":"product_tag","embeddable":true,"href":"https:\/\/poppers-online.ch\/fr\/wp-json\/wp\/v2\/product_tag?post=8070"}],"curies":[{"name":"wp","href":"https:\/\/api.w.org\/{rel}","templated":true}]}}