{"id":8066,"date":"2021-12-24T11:53:55","date_gmt":"2021-12-24T10:53:56","guid":{"rendered":"https:\/\/poppers-online.ch\/?post_type=product&#038;p=8066"},"modified":"2024-10-16T00:55:37","modified_gmt":"2024-10-15T22:55:37","slug":"man-scent-special-poppers-25ml","status":"publish","type":"product","link":"https:\/\/poppers-online.ch\/fr\/produit\/man-scent-special-poppers-25ml\/","title":{"rendered":"Man Scent Special Poppers 25ml"},"content":{"rendered":"<p>Man Scent Special Poppers au style r\u00e9tro du fabricant canadien Lockerroom. Le parfum masculin longue dur\u00e9e \u00e0 base de nitrite de pentyle. N&rsquo;oublie pas de laisser un avis sur Poppers sur cette page apr\u00e8s l&rsquo;avoir essay\u00e9.<\/p>\n","protected":false},"excerpt":{"rendered":"<p>Man Scent Special Poppers au style r\u00e9tro du fabricant canadien Lockerroom. Le parfum masculin longue dur\u00e9e \u00e0 base de nitrite de pentyle te s\u00e9duira \u00e9galement. Si tu aimes les muscles masculins durs et tendus, c&rsquo;est ton choix. N&rsquo;oublie pas de laisser un avis sur Poppers sur cette page apr\u00e8s l&rsquo;avoir essay\u00e9.<\/p>\n","protected":false},"featured_media":30929,"comment_status":"open","ping_status":"closed","template":"","meta":{"_acf_changed":false,"iawp_total_views":17,"_glsr_average":0,"_glsr_ranking":0,"_glsr_reviews":0},"product_brand":[],"product_cat":[77],"product_tag":[],"class_list":{"0":"post-8066","1":"product","2":"type-product","3":"status-publish","4":"has-post-thumbnail","6":"product_cat-grands-flacons","7":"pa_flaschenform-anguleux","8":"pa_gewindegroesse-large","9":"pa_inhalt-25ml","10":"pa_inhaltsstoffe-formule-canadienne-de-pentyle","11":"pa_marke-lockerroom-poppers","12":"pa_staerke-88","14":"first","15":"instock","16":"taxable","17":"shipping-taxable","18":"purchasable","19":"product-type-simple"},"acf":[],"_links":{"self":[{"href":"https:\/\/poppers-online.ch\/fr\/wp-json\/wp\/v2\/product\/8066","targetHints":{"allow":["GET"]}}],"collection":[{"href":"https:\/\/poppers-online.ch\/fr\/wp-json\/wp\/v2\/product"}],"about":[{"href":"https:\/\/poppers-online.ch\/fr\/wp-json\/wp\/v2\/types\/product"}],"replies":[{"embeddable":true,"href":"https:\/\/poppers-online.ch\/fr\/wp-json\/wp\/v2\/comments?post=8066"}],"wp:featuredmedia":[{"embeddable":true,"href":"https:\/\/poppers-online.ch\/fr\/wp-json\/wp\/v2\/media\/30929"}],"wp:attachment":[{"href":"https:\/\/poppers-online.ch\/fr\/wp-json\/wp\/v2\/media?parent=8066"}],"wp:term":[{"taxonomy":"product_brand","embeddable":true,"href":"https:\/\/poppers-online.ch\/fr\/wp-json\/wp\/v2\/product_brand?post=8066"},{"taxonomy":"product_cat","embeddable":true,"href":"https:\/\/poppers-online.ch\/fr\/wp-json\/wp\/v2\/product_cat?post=8066"},{"taxonomy":"product_tag","embeddable":true,"href":"https:\/\/poppers-online.ch\/fr\/wp-json\/wp\/v2\/product_tag?post=8066"}],"curies":[{"name":"wp","href":"https:\/\/api.w.org\/{rel}","templated":true}]}}