{"id":8060,"date":"2021-12-24T11:38:08","date_gmt":"2021-12-24T10:38:08","guid":{"rendered":"https:\/\/poppers-online.ch\/?post_type=product&#038;p=8060"},"modified":"2026-02-01T21:34:58","modified_gmt":"2026-02-01T20:34:58","slug":"rush-ultra-strong-poppers-30ml","status":"publish","type":"product","link":"https:\/\/poppers-online.ch\/fr\/produit\/rush-ultra-strong-poppers-30ml\/","title":{"rendered":"Flacon de 30 ml de Poppers Rush Ultra Strong"},"content":{"rendered":"<p><a href=\"https:\/\/poppers-online.ch\/fr\/produit\/rush-extra-strong-30ml\/\"><span style=\"font-weight: 400;\">\ud83e\uddf2Offre d&rsquo;\u00e9t\u00e9 : maintenant 30ml \u00e0 un prix plus avantageux<\/span><\/a><\/p>\n<p>Le poppers original Rush Ultra Strong est de retour du Canada dans son flacon jaune de 30 ml. Il a \u00e9t\u00e9 copi\u00e9 x fois en Europe et est maintenant \u00e0 nouveau d\u00e9velopp\u00e9 par le fabricant Lockerroom du Canada. Formule extr\u00eame bas\u00e9e sur la Canadian Pentyl Formula. Le poppers Rush Ultra Strong est jusqu&rsquo;\u00e0 3 fois plus fort que le Rush normal. Le Rush Ultra Strong n&rsquo;est un original que si tu trouves le logo JJ sur le c\u00f4t\u00e9 du couvercle. Essaye le Rush Ultra Strong Poppers et laisse-nous un commentaire sur le produit.<\/p>\n","protected":false},"excerpt":{"rendered":"<p><span data-sheets-value=\"{\"1\":2,\"2\":\"Das Original Rush Ultra Strong Poppers ist zur\u00fcck aus Canada in der unverkennbaren gelben 30ml Flasche. Es wurde in Europa x mal kopiert und nun wieder neu entwickelt vom Hersteller Lockerroom aus Canada. Extreme Formula auf Basis der Canadian Pentyl Formula. Rush Ultra Strong Poppers ist bis zu 3x st\u00e4rker als das normale Rush. Das Rush Ultra Strong ist nur dann ein Original, wenn Du das JJ Logo auf der Seite vom Deckel findest. Probiere Rush Ultra Strong Poppers aus und hinterlasse uns eine Produktbewertung.\"}\" data-sheets-userformat=\"{\"2\":515,\"3\":{\"1\":0},\"4\":{\"1\":2,\"2\":65535},\"12\":0}\">L&rsquo;original Rush Ultra Strong Poppers Boxed 30ml est de retour du Canada dans son flacon jaune embl\u00e9matique de 30ml. Il a \u00e9t\u00e9 copi\u00e9 x fois en Europe et est maintenant \u00e0 nouveau d\u00e9velopp\u00e9 par le fabricant canadien Lockerroom. Formule extr\u00eame bas\u00e9e sur la Canadian Pentyl Formula. Rush Ultra Strong Poppers est jusqu\u2019\u00e0 3 fois plus intense que le Rush normal. Le Rush Ultra Strong n&rsquo;est un original que si tu trouves le logo JJ sur le c\u00f4t\u00e9 du couvercle. Pour en savoir plus sur les diff\u00e9rents Poppers Rush, consultez notre <a href=\"https:\/\/poppers-online.ch\/fr\/rush-poppers\/\">page de pr\u00e9sentation des Poppers Rush<\/a>. Essayez les Rush Ultra Strong Poppers et laissez-nous un commentaire sur le produit. <\/span><\/p>\n","protected":false},"featured_media":30925,"comment_status":"open","ping_status":"closed","template":"","meta":{"_acf_changed":false,"iawp_total_views":38,"_glsr_average":0,"_glsr_ranking":0,"_glsr_reviews":0},"product_brand":[],"product_cat":[77],"product_tag":[],"class_list":{"0":"post-8060","1":"product","2":"type-product","3":"status-publish","4":"has-post-thumbnail","6":"product_cat-grands-flacons","7":"pa_flaschenform-rond-grand","8":"pa_gewindegroesse-small","9":"pa_inhalt-30ml","10":"pa_inhaltsstoffe-formule-canadienne-de-pentyle","11":"pa_marke-lockerroom-poppers","12":"pa_marke-rush-poppers","13":"pa_staerke-91","15":"first","16":"instock","17":"taxable","18":"shipping-taxable","19":"purchasable","20":"product-type-simple"},"acf":[],"_links":{"self":[{"href":"https:\/\/poppers-online.ch\/fr\/wp-json\/wp\/v2\/product\/8060","targetHints":{"allow":["GET"]}}],"collection":[{"href":"https:\/\/poppers-online.ch\/fr\/wp-json\/wp\/v2\/product"}],"about":[{"href":"https:\/\/poppers-online.ch\/fr\/wp-json\/wp\/v2\/types\/product"}],"replies":[{"embeddable":true,"href":"https:\/\/poppers-online.ch\/fr\/wp-json\/wp\/v2\/comments?post=8060"}],"wp:featuredmedia":[{"embeddable":true,"href":"https:\/\/poppers-online.ch\/fr\/wp-json\/wp\/v2\/media\/30925"}],"wp:attachment":[{"href":"https:\/\/poppers-online.ch\/fr\/wp-json\/wp\/v2\/media?parent=8060"}],"wp:term":[{"taxonomy":"product_brand","embeddable":true,"href":"https:\/\/poppers-online.ch\/fr\/wp-json\/wp\/v2\/product_brand?post=8060"},{"taxonomy":"product_cat","embeddable":true,"href":"https:\/\/poppers-online.ch\/fr\/wp-json\/wp\/v2\/product_cat?post=8060"},{"taxonomy":"product_tag","embeddable":true,"href":"https:\/\/poppers-online.ch\/fr\/wp-json\/wp\/v2\/product_tag?post=8060"}],"curies":[{"name":"wp","href":"https:\/\/api.w.org\/{rel}","templated":true}]}}