{"id":8055,"date":"2021-12-24T11:11:42","date_gmt":"2021-12-24T10:11:43","guid":{"rendered":"https:\/\/poppers-online.ch\/?post_type=product&#038;p=8055"},"modified":"2025-10-23T12:40:01","modified_gmt":"2025-10-23T10:40:01","slug":"taiwan-blue-poppers-15ml","status":"publish","type":"product","link":"https:\/\/poppers-online.ch\/fr\/produit\/taiwan-blue-poppers-15ml\/","title":{"rendered":"Taiwan Blue Poppers 15ml"},"content":{"rendered":"","protected":false},"excerpt":{"rendered":"<p>Taiwan Blue Poppers 15ml du fabricant Lockerroom du Canada. Formule puissante bas\u00e9e sur la Canadian Pentyl Formula. Cette sensation asiatique n&rsquo;enthousiasme pas seulement les Asiatiques depuis longtemps et fait se d\u00e9tendre m\u00eame les trous les plus \u00e9troits. La nouvelle taille du flacon tient toujours bien dans la poche et gr\u00e2ce \u00e0 un contenu plus important, tu peux mieux partager le flacon avec les autres.<\/p>\n","protected":false},"featured_media":30601,"comment_status":"open","ping_status":"closed","template":"","meta":{"_acf_changed":false,"iawp_total_views":31,"_glsr_average":0,"_glsr_ranking":0,"_glsr_reviews":0},"product_brand":[],"product_cat":[78],"product_tag":[],"class_list":{"0":"post-8055","1":"product","2":"type-product","3":"status-publish","4":"has-post-thumbnail","6":"product_cat-petits-flacons","7":"pa_flaschenform-rond-petit","8":"pa_gewindegroesse-small","9":"pa_inhalt-15ml","10":"pa_inhaltsstoffe-formule-canadienne-de-pentyle","11":"pa_marke-lockerroom-poppers","12":"pa_staerke-90","14":"first","15":"instock","16":"sale","17":"taxable","18":"shipping-taxable","19":"purchasable","20":"product-type-simple"},"acf":[],"_links":{"self":[{"href":"https:\/\/poppers-online.ch\/fr\/wp-json\/wp\/v2\/product\/8055","targetHints":{"allow":["GET"]}}],"collection":[{"href":"https:\/\/poppers-online.ch\/fr\/wp-json\/wp\/v2\/product"}],"about":[{"href":"https:\/\/poppers-online.ch\/fr\/wp-json\/wp\/v2\/types\/product"}],"replies":[{"embeddable":true,"href":"https:\/\/poppers-online.ch\/fr\/wp-json\/wp\/v2\/comments?post=8055"}],"wp:featuredmedia":[{"embeddable":true,"href":"https:\/\/poppers-online.ch\/fr\/wp-json\/wp\/v2\/media\/30601"}],"wp:attachment":[{"href":"https:\/\/poppers-online.ch\/fr\/wp-json\/wp\/v2\/media?parent=8055"}],"wp:term":[{"taxonomy":"product_brand","embeddable":true,"href":"https:\/\/poppers-online.ch\/fr\/wp-json\/wp\/v2\/product_brand?post=8055"},{"taxonomy":"product_cat","embeddable":true,"href":"https:\/\/poppers-online.ch\/fr\/wp-json\/wp\/v2\/product_cat?post=8055"},{"taxonomy":"product_tag","embeddable":true,"href":"https:\/\/poppers-online.ch\/fr\/wp-json\/wp\/v2\/product_tag?post=8055"}],"curies":[{"name":"wp","href":"https:\/\/api.w.org\/{rel}","templated":true}]}}