{"id":8051,"date":"2021-12-24T11:07:47","date_gmt":"2021-12-24T10:07:47","guid":{"rendered":"https:\/\/poppers-online.ch\/?post_type=product&#038;p=8051"},"modified":"2026-02-02T11:35:01","modified_gmt":"2026-02-02T10:35:01","slug":"pig-sweat-poppers-15ml","status":"publish","type":"product","link":"https:\/\/poppers-online.ch\/fr\/produit\/pig-sweat-poppers-15ml\/","title":{"rendered":"Pig Sweat Poppers 15ml"},"content":{"rendered":"<p>Pig Sweat Poppers 15ml du fabricant Lockerroom du Canada. Formule puissante \u00e0 base de Canadian Pentyl Formula. Ce poppers high-tech te fera \u00e9galement transpirer. La nouvelle taille du flacon tient toujours bien dans la poche et, gr\u00e2ce \u00e0 son contenu plus important, tu peux mieux le partager avec les autres.<\/p>\n<p>Pour des raisons de r\u00e9glementation, ce produit est remplac\u00e9 par un produit de m\u00eame force lors de l&rsquo;envoi en Suisse. Si tu habites en Suisse et que tu souhaites tout de m\u00eame ce produit, merci d&rsquo;\u00e9crire dans le champ de commentaire de la commande \u00ab Veuillez exp\u00e9dier depuis l&rsquo;\u00e9tranger \u00bb.<\/p>\n","protected":false},"excerpt":{"rendered":"<p>Pig Sweat Poppers 15ml du fabricant Lockerroom du Canada. Formule puissante \u00e0 base de Canadian Pentyl Formula. Ce poppers high-tech te fera \u00e9galement transpirer. La nouvelle taille du flacon tient toujours bien dans la poche et, gr\u00e2ce \u00e0 son contenu plus important, tu peux mieux le partager avec les autres.<\/p>\n","protected":false},"featured_media":30878,"comment_status":"open","ping_status":"closed","template":"","meta":{"_acf_changed":false,"iawp_total_views":23,"_glsr_average":0,"_glsr_ranking":0,"_glsr_reviews":0},"product_brand":[],"product_cat":[78],"product_tag":[],"class_list":{"0":"post-8051","1":"product","2":"type-product","3":"status-publish","4":"has-post-thumbnail","6":"product_cat-petits-flacons","7":"pa_flaschenform-rond-petit","8":"pa_gewindegroesse-small","9":"pa_inhalt-15ml","10":"pa_inhaltsstoffe-formule-canadienne-de-pentyle","11":"pa_marke-lockerroom-poppers","12":"pa_staerke-91","14":"first","15":"instock","16":"taxable","17":"shipping-taxable","18":"purchasable","19":"product-type-simple"},"acf":[],"_links":{"self":[{"href":"https:\/\/poppers-online.ch\/fr\/wp-json\/wp\/v2\/product\/8051","targetHints":{"allow":["GET"]}}],"collection":[{"href":"https:\/\/poppers-online.ch\/fr\/wp-json\/wp\/v2\/product"}],"about":[{"href":"https:\/\/poppers-online.ch\/fr\/wp-json\/wp\/v2\/types\/product"}],"replies":[{"embeddable":true,"href":"https:\/\/poppers-online.ch\/fr\/wp-json\/wp\/v2\/comments?post=8051"}],"wp:featuredmedia":[{"embeddable":true,"href":"https:\/\/poppers-online.ch\/fr\/wp-json\/wp\/v2\/media\/30878"}],"wp:attachment":[{"href":"https:\/\/poppers-online.ch\/fr\/wp-json\/wp\/v2\/media?parent=8051"}],"wp:term":[{"taxonomy":"product_brand","embeddable":true,"href":"https:\/\/poppers-online.ch\/fr\/wp-json\/wp\/v2\/product_brand?post=8051"},{"taxonomy":"product_cat","embeddable":true,"href":"https:\/\/poppers-online.ch\/fr\/wp-json\/wp\/v2\/product_cat?post=8051"},{"taxonomy":"product_tag","embeddable":true,"href":"https:\/\/poppers-online.ch\/fr\/wp-json\/wp\/v2\/product_tag?post=8051"}],"curies":[{"name":"wp","href":"https:\/\/api.w.org\/{rel}","templated":true}]}}