{"id":8047,"date":"2021-12-24T10:43:18","date_gmt":"2021-12-24T09:43:18","guid":{"rendered":"https:\/\/poppers-online.ch\/?post_type=product&#038;p=8047"},"modified":"2024-10-16T00:55:41","modified_gmt":"2024-10-15T22:55:41","slug":"the-new-amsterdam-poppers-10ml","status":"publish","type":"product","link":"https:\/\/poppers-online.ch\/fr\/produit\/the-new-amsterdam-poppers-10ml\/","title":{"rendered":"The New Amsterdam Poppers 10ml"},"content":{"rendered":"","protected":false},"excerpt":{"rendered":"<p>The New Amsterdam Poppers 10ml du fabricant Lockerroom du Canada. Formule forte retravaill\u00e9e sur la base de la Canadian Pentyl Formula, particuli\u00e8rement intense. N&rsquo;ach\u00e8te que des poppers Amsterdam originaux avec le logo JJ sur le c\u00f4t\u00e9 du couvercle. Et n&rsquo;oublie pas de laisser une \u00e9valuation du produit sur cette page apr\u00e8s l&rsquo;avoir test\u00e9. Le prochain testeur sera ravi de lire ton commentaire.<\/p>\n","protected":false},"featured_media":136951,"comment_status":"open","ping_status":"closed","template":"","meta":{"_acf_changed":false,"iawp_total_views":4,"_glsr_average":0,"_glsr_ranking":0,"_glsr_reviews":0},"product_brand":[],"product_cat":[78],"product_tag":[],"class_list":{"0":"post-8047","1":"product","2":"type-product","3":"status-publish","4":"has-post-thumbnail","6":"product_cat-petits-flacons","7":"pa_flaschenform-rond-petit","8":"pa_gewindegroesse-small","9":"pa_inhalt-10ml","10":"pa_inhaltsstoffe-formule-canadienne-de-pentyle","11":"pa_marke-amsterdam-poppers","12":"pa_staerke-90","14":"first","15":"instock","16":"taxable","17":"shipping-taxable","18":"purchasable","19":"product-type-simple"},"acf":[],"_links":{"self":[{"href":"https:\/\/poppers-online.ch\/fr\/wp-json\/wp\/v2\/product\/8047","targetHints":{"allow":["GET"]}}],"collection":[{"href":"https:\/\/poppers-online.ch\/fr\/wp-json\/wp\/v2\/product"}],"about":[{"href":"https:\/\/poppers-online.ch\/fr\/wp-json\/wp\/v2\/types\/product"}],"replies":[{"embeddable":true,"href":"https:\/\/poppers-online.ch\/fr\/wp-json\/wp\/v2\/comments?post=8047"}],"wp:featuredmedia":[{"embeddable":true,"href":"https:\/\/poppers-online.ch\/fr\/wp-json\/wp\/v2\/media\/136951"}],"wp:attachment":[{"href":"https:\/\/poppers-online.ch\/fr\/wp-json\/wp\/v2\/media?parent=8047"}],"wp:term":[{"taxonomy":"product_brand","embeddable":true,"href":"https:\/\/poppers-online.ch\/fr\/wp-json\/wp\/v2\/product_brand?post=8047"},{"taxonomy":"product_cat","embeddable":true,"href":"https:\/\/poppers-online.ch\/fr\/wp-json\/wp\/v2\/product_cat?post=8047"},{"taxonomy":"product_tag","embeddable":true,"href":"https:\/\/poppers-online.ch\/fr\/wp-json\/wp\/v2\/product_tag?post=8047"}],"curies":[{"name":"wp","href":"https:\/\/api.w.org\/{rel}","templated":true}]}}