{"id":80092,"date":"2023-12-09T12:17:01","date_gmt":"2023-12-09T11:17:01","guid":{"rendered":"https:\/\/poppers-online.ch\/?post_type=product&#038;p=80092"},"modified":"2025-08-18T11:50:08","modified_gmt":"2025-08-18T09:50:08","slug":"super-rush-poppers-10ml","status":"publish","type":"product","link":"https:\/\/poppers-online.ch\/fr\/produit\/super-rush-poppers-10ml\/","title":{"rendered":"Super Rush Poppers 10ml"},"content":{"rendered":"","protected":false},"excerpt":{"rendered":"<p><span style=\"font-weight: 400\">Le <strong>Super Rush Poppers 10ml <\/strong>est plus intense et dure plus longtemps que le Rush traditionnel. Il contient l&rsquo;ancien pentyle nitrite d&rsquo;origine. La famille de produits Rush comprend de nombreux poppers Rush diff\u00e9rents : il y a par exemple Mega Rush, Rush EU-Formula, Rush Ultra Strong, Rush Extra Strong, White Rush, Black Rush. Le Super Rush Poppers rouge, d&rsquo;une intensit\u00e9 de 5, fait partie des Rush Poppers les plus puissants et procure encore plus de plaisir lors de rapports sexuels d\u00e9brid\u00e9s et une puissance de balle explosive. <\/span><\/p>\n","protected":false},"featured_media":80100,"comment_status":"open","ping_status":"closed","template":"","meta":{"_acf_changed":false,"iawp_total_views":8,"_glsr_average":0,"_glsr_ranking":0,"_glsr_reviews":0},"product_brand":[],"product_cat":[78],"product_tag":[1888],"class_list":{"0":"post-80092","1":"product","2":"type-product","3":"status-publish","4":"has-post-thumbnail","6":"product_cat-petits-flacons","7":"product_tag-super-rush-poppers-10ml-fr","8":"pa_flaschenform-rond-petit","9":"pa_gewindegroesse-small","10":"pa_inhalt-10ml","11":"pa_inhaltsstoffe-nitrite-de-pentyle","12":"pa_marke-rush-poppers","13":"pa_staerke-90","15":"first","16":"instock","17":"taxable","18":"shipping-taxable","19":"purchasable","20":"product-type-simple"},"acf":[],"_links":{"self":[{"href":"https:\/\/poppers-online.ch\/fr\/wp-json\/wp\/v2\/product\/80092","targetHints":{"allow":["GET"]}}],"collection":[{"href":"https:\/\/poppers-online.ch\/fr\/wp-json\/wp\/v2\/product"}],"about":[{"href":"https:\/\/poppers-online.ch\/fr\/wp-json\/wp\/v2\/types\/product"}],"replies":[{"embeddable":true,"href":"https:\/\/poppers-online.ch\/fr\/wp-json\/wp\/v2\/comments?post=80092"}],"wp:featuredmedia":[{"embeddable":true,"href":"https:\/\/poppers-online.ch\/fr\/wp-json\/wp\/v2\/media\/80100"}],"wp:attachment":[{"href":"https:\/\/poppers-online.ch\/fr\/wp-json\/wp\/v2\/media?parent=80092"}],"wp:term":[{"taxonomy":"product_brand","embeddable":true,"href":"https:\/\/poppers-online.ch\/fr\/wp-json\/wp\/v2\/product_brand?post=80092"},{"taxonomy":"product_cat","embeddable":true,"href":"https:\/\/poppers-online.ch\/fr\/wp-json\/wp\/v2\/product_cat?post=80092"},{"taxonomy":"product_tag","embeddable":true,"href":"https:\/\/poppers-online.ch\/fr\/wp-json\/wp\/v2\/product_tag?post=80092"}],"curies":[{"name":"wp","href":"https:\/\/api.w.org\/{rel}","templated":true}]}}