{"id":78503,"date":"2023-11-24T14:33:50","date_gmt":"2023-11-24T13:36:20","guid":{"rendered":"https:\/\/poppers-online.ch\/produkt\/sport-fucker-silicone-cum-stopper-noir\/"},"modified":"2024-10-15T23:25:37","modified_gmt":"2024-10-15T21:25:37","slug":"sport-fucker-silicone-cum-stopper-black","status":"publish","type":"product","link":"https:\/\/poppers-online.ch\/fr\/produit\/sport-fucker-silicone-cum-stopper-black\/","title":{"rendered":"Sport Fucker Silicone Cum Stopper &#8211; Noir"},"content":{"rendered":"","protected":false},"excerpt":{"rendered":"<p>Tu es \u00e0 la recherche de quelque chose de nouveau ? Nous avons ici un joli jouet pour toi &#8211; Sport Fucker Frein de sperme &#8211; Sport Fucker Silicone Cum Stopper &#8211; Black. Les plugs ur\u00e9traux de Sport Fucker sont id\u00e9aux pour les d\u00e9butants.<\/p>\n<ul>\n<li>Diam\u00e8tre de l&rsquo;anneau : 3,5 cm<\/li>\n<li>Diam\u00e8tre de la bille : 8 mm<\/li>\n<li>longueur ins\u00e9rable : 2,5 cm<\/li>\n<li>Mat\u00e9riau : 100% silicone m\u00e9dical premium<\/li>\n<\/ul>\n","protected":false},"featured_media":78494,"comment_status":"closed","ping_status":"closed","template":"","meta":{"_acf_changed":false,"iawp_total_views":4,"_glsr_average":0,"_glsr_ranking":0,"_glsr_reviews":0},"product_brand":[],"product_cat":[2091,171],"product_tag":[],"class_list":{"0":"post-78503","1":"product","2":"type-product","3":"status-publish","4":"has-post-thumbnail","6":"product_cat-cock-play","7":"product_cat-sex-toys","9":"first","10":"instock","11":"taxable","12":"shipping-taxable","13":"purchasable","14":"product-type-simple"},"acf":[],"_links":{"self":[{"href":"https:\/\/poppers-online.ch\/fr\/wp-json\/wp\/v2\/product\/78503","targetHints":{"allow":["GET"]}}],"collection":[{"href":"https:\/\/poppers-online.ch\/fr\/wp-json\/wp\/v2\/product"}],"about":[{"href":"https:\/\/poppers-online.ch\/fr\/wp-json\/wp\/v2\/types\/product"}],"replies":[{"embeddable":true,"href":"https:\/\/poppers-online.ch\/fr\/wp-json\/wp\/v2\/comments?post=78503"}],"wp:featuredmedia":[{"embeddable":true,"href":"https:\/\/poppers-online.ch\/fr\/wp-json\/wp\/v2\/media\/78494"}],"wp:attachment":[{"href":"https:\/\/poppers-online.ch\/fr\/wp-json\/wp\/v2\/media?parent=78503"}],"wp:term":[{"taxonomy":"product_brand","embeddable":true,"href":"https:\/\/poppers-online.ch\/fr\/wp-json\/wp\/v2\/product_brand?post=78503"},{"taxonomy":"product_cat","embeddable":true,"href":"https:\/\/poppers-online.ch\/fr\/wp-json\/wp\/v2\/product_cat?post=78503"},{"taxonomy":"product_tag","embeddable":true,"href":"https:\/\/poppers-online.ch\/fr\/wp-json\/wp\/v2\/product_tag?post=78503"}],"curies":[{"name":"wp","href":"https:\/\/api.w.org\/{rel}","templated":true}]}}