{"id":78480,"date":"2023-11-24T13:32:27","date_gmt":"2023-11-24T12:32:27","guid":{"rendered":"https:\/\/poppers-online.ch\/produkt\/sport-fucker-half-guard-clear\/"},"modified":"2024-10-15T23:25:38","modified_gmt":"2024-10-15T21:25:38","slug":"sport-fucker-half-guard-clear","status":"publish","type":"product","link":"https:\/\/poppers-online.ch\/fr\/produit\/sport-fucker-half-guard-clear\/","title":{"rendered":"Sport Fucker Half Guard clear"},"content":{"rendered":"","protected":false},"excerpt":{"rendered":"<p>Ce sex toy Sport Fucker Half Guard clear fonctionne comme cockring et s\u00e9parateur de testicules ! En caoutchouc TPR super solide, tr\u00e8s flexible et extr\u00eamement extensible, Cock Toy en transparent de Sport Fucker !<\/p>\n<ul>\n<li>Mat\u00e9riau : TPR<\/li>\n<li>couleur : transparent<\/li>\n<\/ul>\n","protected":false},"featured_media":78477,"comment_status":"closed","ping_status":"closed","template":"","meta":{"_acf_changed":false,"iawp_total_views":8,"_glsr_average":0,"_glsr_ranking":0,"_glsr_reviews":0},"product_brand":[],"product_cat":[2088,2091,171],"product_tag":[1865],"class_list":{"0":"post-78480","1":"product","2":"type-product","3":"status-publish","4":"has-post-thumbnail","6":"product_cat-ball-play","7":"product_cat-cock-play","8":"product_cat-sex-toys","9":"product_tag-sport-fucker-half-guard-clear-fr","11":"first","12":"outofstock","13":"taxable","14":"shipping-taxable","15":"purchasable","16":"product-type-simple"},"acf":[],"_links":{"self":[{"href":"https:\/\/poppers-online.ch\/fr\/wp-json\/wp\/v2\/product\/78480","targetHints":{"allow":["GET"]}}],"collection":[{"href":"https:\/\/poppers-online.ch\/fr\/wp-json\/wp\/v2\/product"}],"about":[{"href":"https:\/\/poppers-online.ch\/fr\/wp-json\/wp\/v2\/types\/product"}],"replies":[{"embeddable":true,"href":"https:\/\/poppers-online.ch\/fr\/wp-json\/wp\/v2\/comments?post=78480"}],"wp:featuredmedia":[{"embeddable":true,"href":"https:\/\/poppers-online.ch\/fr\/wp-json\/wp\/v2\/media\/78477"}],"wp:attachment":[{"href":"https:\/\/poppers-online.ch\/fr\/wp-json\/wp\/v2\/media?parent=78480"}],"wp:term":[{"taxonomy":"product_brand","embeddable":true,"href":"https:\/\/poppers-online.ch\/fr\/wp-json\/wp\/v2\/product_brand?post=78480"},{"taxonomy":"product_cat","embeddable":true,"href":"https:\/\/poppers-online.ch\/fr\/wp-json\/wp\/v2\/product_cat?post=78480"},{"taxonomy":"product_tag","embeddable":true,"href":"https:\/\/poppers-online.ch\/fr\/wp-json\/wp\/v2\/product_tag?post=78480"}],"curies":[{"name":"wp","href":"https:\/\/api.w.org\/{rel}","templated":true}]}}