{"id":78423,"date":"2023-11-24T12:38:27","date_gmt":"2023-11-24T11:42:11","guid":{"rendered":"https:\/\/poppers-online.ch\/produkt\/plug-cock-en-silicone-sport-fucker-noir\/"},"modified":"2024-10-15T23:25:39","modified_gmt":"2024-10-15T21:25:39","slug":"sport-fucker-silicone-cock-plug-black","status":"publish","type":"product","link":"https:\/\/poppers-online.ch\/fr\/produit\/sport-fucker-silicone-cock-plug-black\/","title":{"rendered":"Plug Cock en silicone Sport Fucker &#8211; Noir"},"content":{"rendered":"","protected":false},"excerpt":{"rendered":"<p>Tu es \u00e0 la recherche de quelque chose de nouveau ? Nous avons ici un joli jouet pour toi- Sport Fucker Harnr\u00f6hren Plug Sport Fucker Silicone Cock Plug &#8211; Black. Les plugs ur\u00e9traux de Sport Fucker sont id\u00e9aux pour les d\u00e9butants.<\/p>\n<ul>\n<li>Diam\u00e8tre de l&rsquo;anneau : 3,5 cm<\/li>\n<li>max. Diam\u00e8tre du plug : 8,5mm<\/li>\n<li>longueur ins\u00e9rable : 5,7 cm<\/li>\n<li>Mat\u00e9riau : 100% silicone m\u00e9dical premium<\/li>\n<\/ul>\n","protected":false},"featured_media":78386,"comment_status":"closed","ping_status":"closed","template":"","meta":{"_acf_changed":false,"iawp_total_views":6,"_glsr_average":0,"_glsr_ranking":0,"_glsr_reviews":0},"product_brand":[],"product_cat":[2091,171],"product_tag":[1853],"class_list":{"0":"post-78423","1":"product","2":"type-product","3":"status-publish","4":"has-post-thumbnail","6":"product_cat-cock-play","7":"product_cat-sex-toys","8":"product_tag-plug-cock-en-silicone-sport-fucker-noir","10":"first","11":"instock","12":"taxable","13":"shipping-taxable","14":"purchasable","15":"product-type-simple"},"acf":[],"_links":{"self":[{"href":"https:\/\/poppers-online.ch\/fr\/wp-json\/wp\/v2\/product\/78423","targetHints":{"allow":["GET"]}}],"collection":[{"href":"https:\/\/poppers-online.ch\/fr\/wp-json\/wp\/v2\/product"}],"about":[{"href":"https:\/\/poppers-online.ch\/fr\/wp-json\/wp\/v2\/types\/product"}],"replies":[{"embeddable":true,"href":"https:\/\/poppers-online.ch\/fr\/wp-json\/wp\/v2\/comments?post=78423"}],"wp:featuredmedia":[{"embeddable":true,"href":"https:\/\/poppers-online.ch\/fr\/wp-json\/wp\/v2\/media\/78386"}],"wp:attachment":[{"href":"https:\/\/poppers-online.ch\/fr\/wp-json\/wp\/v2\/media?parent=78423"}],"wp:term":[{"taxonomy":"product_brand","embeddable":true,"href":"https:\/\/poppers-online.ch\/fr\/wp-json\/wp\/v2\/product_brand?post=78423"},{"taxonomy":"product_cat","embeddable":true,"href":"https:\/\/poppers-online.ch\/fr\/wp-json\/wp\/v2\/product_cat?post=78423"},{"taxonomy":"product_tag","embeddable":true,"href":"https:\/\/poppers-online.ch\/fr\/wp-json\/wp\/v2\/product_tag?post=78423"}],"curies":[{"name":"wp","href":"https:\/\/api.w.org\/{rel}","templated":true}]}}