{"id":78380,"date":"2023-11-24T12:14:02","date_gmt":"2023-11-24T11:22:03","guid":{"rendered":"https:\/\/poppers-online.ch\/produkt\/extenseur-de-penis-blanc\/"},"modified":"2024-10-15T23:25:39","modified_gmt":"2024-10-15T21:25:39","slug":"extenseur-penis-blanc","status":"publish","type":"product","link":"https:\/\/poppers-online.ch\/fr\/produit\/extenseur-penis-blanc\/","title":{"rendered":"Extenseur de p\u00e9nis &#8211; Blanc"},"content":{"rendered":"","protected":false},"excerpt":{"rendered":"<p>Avec l&rsquo;extenseur de p\u00e9nis pomp\u00e9 &#8211; blanc, tu vas augmenter durablement la longueur et la circonf\u00e9rence de ton meilleur morceau. Comme tu exposes ton p\u00e9nis \u00e0 un \u00e9tirement permanent en portant r\u00e9guli\u00e8rement cet outil miracle, des cellules suppl\u00e9mentaires se forment et la masse de tissu augmente dans toutes les directions n\u00e9cessaires. Outre l&rsquo;aspect esth\u00e9tique de qualit\u00e9, la force de traction des deux barres en acier \u00e0 ressort assure une traction suffisante pour que ton corps puisse accomplir sans probl\u00e8me sa t\u00e2che de croissance.<\/p>\n<p><strong>Application<\/strong>:<br \/>\nIntroduis ton p\u00e9nis mou dans l&rsquo;anneau de base en veillant \u00e0 ce que le logo soit en haut.<br \/>\nFais glisser le support sur les tiges m\u00e9talliques.<br \/>\nPlie et enroule la bande de silicone autour de ton p\u00e9nis, juste derri\u00e8re le gland.<br \/>\nIntroduis les deux extr\u00e9mit\u00e9s dans les 2 trous avant du support de mani\u00e8re \u00e0 ce que ton p\u00e9nis soit bien soutenu.<br \/>\nTends maintenant la bande de silicone.<br \/>\nFixe le ruban en faisant passer les deux extr\u00e9mit\u00e9s dans les fentes situ\u00e9es sur la partie inf\u00e9rieure du support.<br \/>\nPour augmenter la force de traction, tourne les petites vis de pouce vers l&rsquo;avant.<br \/>\nLa bonne traction te donnera une l\u00e9g\u00e8re sensation d&rsquo;inconfort, mais ne devrait d\u00e9finitivement pas te faire mal.<br \/>\nTu peux augmenter de plus en plus la force de traction une fois que tu t&rsquo;es habitu\u00e9 \u00e0 le porter.<br \/>\nBien s\u00fbr, tu peux aussi rabattre l&rsquo;extenseur p\u00e9nien pomp\u00e9 vers le haut ou vers le bas pour augmenter le confort de port tout en maintenant l&rsquo;efficacit\u00e9, m\u00eame enti\u00e8rement v\u00eatu.<br \/>\nLa dur\u00e9e maximale de port est de 9 heures par jour, mais tu dois y aller progressivement, surtout les premi\u00e8res fois, et faire des pauses \u00e0 chaque fois. En outre, ce produit ne doit en aucun cas \u00eatre utilis\u00e9 par des hommes de moins de 18 ans.<\/p>\n<p>Il n&rsquo;y a jamais eu d&rsquo;extenseur de p\u00e9nis plus efficace, adapt\u00e9 \u00e0 toutes les tailles et donnant des r\u00e9sultats aussi clairs.<\/p>\n<p><strong>D\u00e9tails du produit :<\/strong><\/p>\n<ul>\n<li>des r\u00e9sultats fantastiques<\/li>\n<li>facile \u00e0 utiliser<\/li>\n<li>design \u00e9l\u00e9gant<\/li>\n<li>Dur\u00e9e maximale de port : 9 heures<\/li>\n<li>\u00a0excellent confort de port<\/li>\n<\/ul>\n<p>&nbsp;<\/p>\n<ul>\n<li>Mat\u00e9riau : ABS, silicone<\/li>\n<li>couleur : blanc<\/li>\n<\/ul>\n","protected":false},"featured_media":78366,"comment_status":"closed","ping_status":"closed","template":"","meta":{"_acf_changed":false,"iawp_total_views":36,"_glsr_average":0,"_glsr_ranking":0,"_glsr_reviews":0},"product_brand":[],"product_cat":[2097,2091,171],"product_tag":[1846],"class_list":{"0":"post-78380","1":"product","2":"type-product","3":"status-publish","4":"has-post-thumbnail","6":"product_cat-agrandir-penis","7":"product_cat-cock-play","8":"product_cat-sex-toys","9":"product_tag-extenseur-de-penis-blanc","11":"first","12":"instock","13":"taxable","14":"shipping-taxable","15":"purchasable","16":"product-type-simple"},"acf":[],"_links":{"self":[{"href":"https:\/\/poppers-online.ch\/fr\/wp-json\/wp\/v2\/product\/78380","targetHints":{"allow":["GET"]}}],"collection":[{"href":"https:\/\/poppers-online.ch\/fr\/wp-json\/wp\/v2\/product"}],"about":[{"href":"https:\/\/poppers-online.ch\/fr\/wp-json\/wp\/v2\/types\/product"}],"replies":[{"embeddable":true,"href":"https:\/\/poppers-online.ch\/fr\/wp-json\/wp\/v2\/comments?post=78380"}],"wp:featuredmedia":[{"embeddable":true,"href":"https:\/\/poppers-online.ch\/fr\/wp-json\/wp\/v2\/media\/78366"}],"wp:attachment":[{"href":"https:\/\/poppers-online.ch\/fr\/wp-json\/wp\/v2\/media?parent=78380"}],"wp:term":[{"taxonomy":"product_brand","embeddable":true,"href":"https:\/\/poppers-online.ch\/fr\/wp-json\/wp\/v2\/product_brand?post=78380"},{"taxonomy":"product_cat","embeddable":true,"href":"https:\/\/poppers-online.ch\/fr\/wp-json\/wp\/v2\/product_cat?post=78380"},{"taxonomy":"product_tag","embeddable":true,"href":"https:\/\/poppers-online.ch\/fr\/wp-json\/wp\/v2\/product_tag?post=78380"}],"curies":[{"name":"wp","href":"https:\/\/api.w.org\/{rel}","templated":true}]}}