{"id":78266,"date":"2023-11-23T16:08:28","date_gmt":"2023-11-23T15:08:28","guid":{"rendered":"https:\/\/poppers-online.ch\/produkt\/fetish-fantasy-blaster-dass-gonflable-extreme\/"},"modified":"2024-10-15T23:25:41","modified_gmt":"2024-10-15T21:25:41","slug":"fetish-fantasy-extreme-inflatable-ass-blaster","status":"publish","type":"product","link":"https:\/\/poppers-online.ch\/fr\/produit\/fetish-fantasy-extreme-inflatable-ass-blaster\/","title":{"rendered":"Fetish Fantasy Blaster d&rsquo;ass gonflable extr\u00eame"},"content":{"rendered":"","protected":false},"excerpt":{"rendered":"<p>Fetish Fantasy Extreme Inflatable Ass Blaster est le garant d&rsquo;un nouveau niveau d&rsquo;\u00e9tirement du cul. Ce gode r\u00e9aliste se gonfle en quelques pressions sur la pompe et te remplit comme jamais auparavant. Chaque rainure et chaque veine du godemich\u00e9 se dilate avec et assure un plaisir anal extr\u00eame et pur. Une valve d&rsquo;\u00e9vacuation rapide permet \u00e0 l&rsquo;air de s&rsquo;\u00e9chapper rapidement du gode. L&rsquo;utilisation d&rsquo;un lubrifiant permet de rendre l&rsquo;exp\u00e9rience anale encore plus humide.<\/p>\n<ul>\n<li><strong>longueur:<\/strong> environ 26 cm<\/li>\n<li><strong>Diam\u00e8tre:<\/strong> env. 4.3 &#8211; 5.5 cm (non gonfl\u00e9)<\/li>\n<li><strong>Mat\u00e9riau:<\/strong> PVC\/vinyle<\/li>\n<\/ul>\n","protected":false},"featured_media":78262,"comment_status":"closed","ping_status":"closed","template":"","meta":{"_acf_changed":false,"iawp_total_views":20,"_glsr_average":0,"_glsr_ranking":0,"_glsr_reviews":0},"product_brand":[],"product_cat":[2085,171],"product_tag":[1836],"class_list":{"0":"post-78266","1":"product","2":"type-product","3":"status-publish","4":"has-post-thumbnail","6":"product_cat-anal-play","7":"product_cat-sex-toys","8":"product_tag-fetish-fantasy-blaster-dass-gonflable-extreme","10":"first","11":"outofstock","12":"taxable","13":"shipping-taxable","14":"purchasable","15":"product-type-simple"},"acf":[],"_links":{"self":[{"href":"https:\/\/poppers-online.ch\/fr\/wp-json\/wp\/v2\/product\/78266","targetHints":{"allow":["GET"]}}],"collection":[{"href":"https:\/\/poppers-online.ch\/fr\/wp-json\/wp\/v2\/product"}],"about":[{"href":"https:\/\/poppers-online.ch\/fr\/wp-json\/wp\/v2\/types\/product"}],"replies":[{"embeddable":true,"href":"https:\/\/poppers-online.ch\/fr\/wp-json\/wp\/v2\/comments?post=78266"}],"wp:featuredmedia":[{"embeddable":true,"href":"https:\/\/poppers-online.ch\/fr\/wp-json\/wp\/v2\/media\/78262"}],"wp:attachment":[{"href":"https:\/\/poppers-online.ch\/fr\/wp-json\/wp\/v2\/media?parent=78266"}],"wp:term":[{"taxonomy":"product_brand","embeddable":true,"href":"https:\/\/poppers-online.ch\/fr\/wp-json\/wp\/v2\/product_brand?post=78266"},{"taxonomy":"product_cat","embeddable":true,"href":"https:\/\/poppers-online.ch\/fr\/wp-json\/wp\/v2\/product_cat?post=78266"},{"taxonomy":"product_tag","embeddable":true,"href":"https:\/\/poppers-online.ch\/fr\/wp-json\/wp\/v2\/product_tag?post=78266"}],"curies":[{"name":"wp","href":"https:\/\/api.w.org\/{rel}","templated":true}]}}