{"id":78252,"date":"2023-11-23T15:58:58","date_gmt":"2023-11-23T15:00:06","guid":{"rendered":"https:\/\/poppers-online.ch\/produkt\/fetish-fantasy-10-inch-hollow-strap-on-marron\/"},"modified":"2024-10-15T23:25:41","modified_gmt":"2024-10-15T21:25:41","slug":"fetish-fantasy-10-inch-hollow-strap-on-brun","status":"publish","type":"product","link":"https:\/\/poppers-online.ch\/fr\/produit\/fetish-fantasy-10-inch-hollow-strap-on-brun\/","title":{"rendered":"Fetish Fantasy &#8211; 10 inch Hollow Strap On marron"},"content":{"rendered":"","protected":false},"excerpt":{"rendered":"<p>Un peu plus, c&rsquo;est possible. Si oui, alors mets simplement le <strong>Fetish Fantasy &#8211; 10 inch Hollow Strap On<\/strong> marron autour de toi, et c&rsquo;est 25 cm de longueur garantis. Avec cette queue de r\u00eave en chocolat, chaque trou est alors garanti d&rsquo;\u00eatre combl\u00e9 avec satisfaction. Le confortable strap-on \u00e9lastique convient \u00e0 toutes les tailles. Laissez libre cours \u00e0 votre imagination et r\u00e9alisez vos d\u00e9sirs les plus \u00ab\u00a0profonds\u00a0\u00bb. Le godemich\u00e9 est fabriqu\u00e9 dans un mat\u00e9riau sans phtalates (plastifiants).<\/p>\n<ul>\n<li><strong>Contenu:<\/strong> Strap-On \u00e9lastique et un godemich\u00e9 d&rsquo;environ 25 cm de long<\/li>\n<li><strong>Couleur:<\/strong> Marron<\/li>\n<\/ul>\n","protected":false},"featured_media":78241,"comment_status":"closed","ping_status":"closed","template":"","meta":{"_acf_changed":false,"iawp_total_views":3,"_glsr_average":0,"_glsr_ranking":0,"_glsr_reviews":0},"product_brand":[],"product_cat":[2097,2091,171],"product_tag":[1829],"class_list":{"0":"post-78252","1":"product","2":"type-product","3":"status-publish","4":"has-post-thumbnail","6":"product_cat-agrandir-penis","7":"product_cat-cock-play","8":"product_cat-sex-toys","9":"product_tag-fetish-fantasy-10-inch-hollow-strap-on-marron","11":"first","12":"instock","13":"taxable","14":"shipping-taxable","15":"purchasable","16":"product-type-simple"},"acf":[],"_links":{"self":[{"href":"https:\/\/poppers-online.ch\/fr\/wp-json\/wp\/v2\/product\/78252","targetHints":{"allow":["GET"]}}],"collection":[{"href":"https:\/\/poppers-online.ch\/fr\/wp-json\/wp\/v2\/product"}],"about":[{"href":"https:\/\/poppers-online.ch\/fr\/wp-json\/wp\/v2\/types\/product"}],"replies":[{"embeddable":true,"href":"https:\/\/poppers-online.ch\/fr\/wp-json\/wp\/v2\/comments?post=78252"}],"wp:featuredmedia":[{"embeddable":true,"href":"https:\/\/poppers-online.ch\/fr\/wp-json\/wp\/v2\/media\/78241"}],"wp:attachment":[{"href":"https:\/\/poppers-online.ch\/fr\/wp-json\/wp\/v2\/media?parent=78252"}],"wp:term":[{"taxonomy":"product_brand","embeddable":true,"href":"https:\/\/poppers-online.ch\/fr\/wp-json\/wp\/v2\/product_brand?post=78252"},{"taxonomy":"product_cat","embeddable":true,"href":"https:\/\/poppers-online.ch\/fr\/wp-json\/wp\/v2\/product_cat?post=78252"},{"taxonomy":"product_tag","embeddable":true,"href":"https:\/\/poppers-online.ch\/fr\/wp-json\/wp\/v2\/product_tag?post=78252"}],"curies":[{"name":"wp","href":"https:\/\/api.w.org\/{rel}","templated":true}]}}