{"id":78220,"date":"2023-11-23T15:16:21","date_gmt":"2023-11-23T14:16:21","guid":{"rendered":"https:\/\/poppers-online.ch\/produkt\/big-boy-7-speed-masseur-de-prostate-noir\/"},"modified":"2024-10-15T23:25:42","modified_gmt":"2024-10-15T21:25:42","slug":"big-boy-7-speed-prostata-masseur-noir","status":"publish","type":"product","link":"https:\/\/poppers-online.ch\/fr\/produit\/big-boy-7-speed-prostata-masseur-noir\/","title":{"rendered":"BIG-Boy 7 Speed masseur de prostate noir"},"content":{"rendered":"","protected":false},"excerpt":{"rendered":"<p>Nouvelle version avec le vibrateur prim\u00e9 BIG-Boy 7 Speed Prostata Masseur noir ! 7 programmes de vibration allant de fort jusqu&rsquo;au tremblement des genoux, pulsation, pause, lent, rapide &#8211; tous les d\u00e9sirs sont ici stimul\u00e9s.<\/p>\n<p>Big-Boy est un vibromasseur prostatique massif pour tous les grands gar\u00e7ons qui n&rsquo;aiment rien tant que jouer avec de gros jouets. Le Big-Boy stimule ta prostate et ton p\u00e9rin\u00e9e, mais il est totalement mains libres dans son utilisation.<\/p>\n<p>Tu peux l&rsquo;utiliser en position couch\u00e9e, assise, debout ou dans n&rsquo;importe quelle position qui te convient, \u00e0 toi et \u00e0 ton partenaire. Quelle que soit la position, le Big-Boy te procurera l&rsquo;orgasme le plus intense que tu n&rsquo;aies jamais connu !<\/p>\n<p>Propuls\u00e9 par le nouveau vibrateur bullet RO-80mm prim\u00e9 \u00e0 7 vitesses<br \/>\nStimulation \u00e0 double action de la prostate et du p\u00e9rin\u00e9e<br \/>\nVibration puissante mais silencieuse<br \/>\nUtilisation simple et mains libres<br \/>\nFabriqu\u00e9 en silicone doux, flexible et agr\u00e9able pour la peau<br \/>\n100% \u00e9tanche<br \/>\n\u00c9jaculation intense<br \/>\nnettoyage facile et hygi\u00e9nique gr\u00e2ce \u00e0 l&rsquo;unit\u00e9 vibrante amovible<br \/>\nLivr\u00e9 avec une pochette de rangement en satin noir et une pile<\/p>\n<ul>\n<li><strong>Longueur du masseur p\u00e9rin\u00e9al:<\/strong> env. 12 cm<\/li>\n<li><strong>Longueur du plug prostatique:<\/strong> env. 11,5 cm<\/li>\n<li><strong>Diam\u00e8tre du plug le plus \u00e9pais:<\/strong> environ 44 mm<\/li>\n<li><strong>Piles:<\/strong> 1x LR-1\/taille N (incluses)<\/li>\n<li><strong>Mat\u00e9riau:<\/strong> silicone<\/li>\n<li><strong>Couleur:<\/strong> Noir<\/li>\n<\/ul>\n","protected":false},"featured_media":78217,"comment_status":"closed","ping_status":"closed","template":"","meta":{"_acf_changed":false,"iawp_total_views":18,"_glsr_average":0,"_glsr_ranking":0,"_glsr_reviews":0},"product_brand":[],"product_cat":[2085,171],"product_tag":[1817],"class_list":{"0":"post-78220","1":"product","2":"type-product","3":"status-publish","4":"has-post-thumbnail","6":"product_cat-anal-play","7":"product_cat-sex-toys","8":"product_tag-big-boy-7-speed-masseur-de-prostate-noir","10":"first","11":"instock","12":"taxable","13":"shipping-taxable","14":"purchasable","15":"product-type-simple"},"acf":[],"_links":{"self":[{"href":"https:\/\/poppers-online.ch\/fr\/wp-json\/wp\/v2\/product\/78220","targetHints":{"allow":["GET"]}}],"collection":[{"href":"https:\/\/poppers-online.ch\/fr\/wp-json\/wp\/v2\/product"}],"about":[{"href":"https:\/\/poppers-online.ch\/fr\/wp-json\/wp\/v2\/types\/product"}],"replies":[{"embeddable":true,"href":"https:\/\/poppers-online.ch\/fr\/wp-json\/wp\/v2\/comments?post=78220"}],"wp:featuredmedia":[{"embeddable":true,"href":"https:\/\/poppers-online.ch\/fr\/wp-json\/wp\/v2\/media\/78217"}],"wp:attachment":[{"href":"https:\/\/poppers-online.ch\/fr\/wp-json\/wp\/v2\/media?parent=78220"}],"wp:term":[{"taxonomy":"product_brand","embeddable":true,"href":"https:\/\/poppers-online.ch\/fr\/wp-json\/wp\/v2\/product_brand?post=78220"},{"taxonomy":"product_cat","embeddable":true,"href":"https:\/\/poppers-online.ch\/fr\/wp-json\/wp\/v2\/product_cat?post=78220"},{"taxonomy":"product_tag","embeddable":true,"href":"https:\/\/poppers-online.ch\/fr\/wp-json\/wp\/v2\/product_tag?post=78220"}],"curies":[{"name":"wp","href":"https:\/\/api.w.org\/{rel}","templated":true}]}}