{"id":78212,"date":"2023-11-23T15:03:02","date_gmt":"2023-11-23T14:03:02","guid":{"rendered":"https:\/\/poppers-online.ch\/produkt\/masseur-de-prostate-o-boy-7-speed-noir\/"},"modified":"2024-10-15T23:25:42","modified_gmt":"2024-10-15T21:25:42","slug":"o-boy-7-speed-masseur-prostatique-noir","status":"publish","type":"product","link":"https:\/\/poppers-online.ch\/fr\/produit\/o-boy-7-speed-masseur-prostatique-noir\/","title":{"rendered":"Masseur de prostate O-Boy 7 Speed noir"},"content":{"rendered":"","protected":false},"excerpt":{"rendered":"<p>Ce masseur de p\u00e9rin\u00e9e et de prostate ultra-doux \u00e0 double action poss\u00e8de deux protub\u00e9rances pour un maintien optimal et encore plus de plaisir lors de l&rsquo;insertion. 10 fonctions de vitesse et de pulsation ainsi qu&rsquo;une recharge via USB garantissent des performances sans compromis avec un maximum de confort. Le vibromasseur Bullet 10 Speed amovible et rechargeable fait plaisir avec son massage intense \u00e0 double action du p\u00e9rin\u00e9e et de la prostate. Sa t\u00eate incurv\u00e9e s&rsquo;ins\u00e8re facilement et stimule le point P avec pr\u00e9cision. Chaque courbure assure une stimulation suppl\u00e9mentaire, aussi bien dans le corps que lors de l&rsquo;insertion. Si tu cherches un masseur de prostate de taille moyenne, le 10 Speed Bad-Boy Intense Prostata Massager est ce qu&rsquo;il te faut.<\/p>\n<p>Son corps en silicone ultra-souple avec une texture de surface incroyablement lisse est particuli\u00e8rement facile \u00e0 ins\u00e9rer. Une fois ins\u00e9r\u00e9, le masseur prostatique maintient sa position tout seul gr\u00e2ce \u00e0 son design ergonomique, ce qui permet de garder les mains libres pour d&rsquo;autres zones \u00e9rog\u00e8nes chez soi ou chez son partenaire. Le 10 Speed Bad-Boy Intense Prostata Massager est 100% \u00e9tanche et peut \u00eatre compl\u00e8tement immerg\u00e9. Enfin, les massages de la prostate sont aussi extr\u00eamement s\u00e9duisants en dehors de la chambre \u00e0 coucher ! Parfois, \u00e7a fait tr\u00e8s, tr\u00e8s plaisir d&rsquo;\u00eatre un mauvais gar\u00e7on &#8211; surtout avec le Bad-Boy Intense Prostata Massager !<\/p>\n<p>Bullet de puissance &lsquo;Ignition&rsquo; avec 10 niveaux de vibration &amp; de pulsation<br \/>\nPour un massage intensif du p\u00e9rin\u00e9e et de la prostate<br \/>\nRechargeable via USB<br \/>\n100% r\u00e9sistant \u00e0 l&rsquo;eau et enti\u00e8rement submersible<br \/>\nEn silicone premium doux et flexible<br \/>\nJusqu&rsquo;\u00e0 60 minutes d&rsquo;autonomie avec une seule charge<br \/>\nappuyer sur le bouton d&rsquo;alimentation pendant 3 secondes pour l&rsquo;allumer\/l&rsquo;\u00e9teindre<\/p>\n<ul>\n<li><strong>longueur totale:<\/strong> environ 14,5 cm<\/li>\n<li><strong>Longueur d&rsquo;insertion:<\/strong> environ 11,7 cm<\/li>\n<li><strong>diam\u00e8tre du masseur:<\/strong> environ 2,2 &#8211; 3 cm<\/li>\n<li><strong>Alimentation:<\/strong> rechargeable via USB<\/li>\n<li><strong>Mat\u00e9riau:<\/strong> silicone de premi\u00e8re qualit\u00e9, ABS recouvert de m\u00e9tal<\/li>\n<li><strong>Couleur:<\/strong> Noir onyx<\/li>\n<\/ul>\n","protected":false},"featured_media":78208,"comment_status":"closed","ping_status":"closed","template":"","meta":{"_acf_changed":false,"iawp_total_views":23,"_glsr_average":0,"_glsr_ranking":0,"_glsr_reviews":0},"product_brand":[],"product_cat":[2085,171],"product_tag":[1813],"class_list":{"0":"post-78212","1":"product","2":"type-product","3":"status-publish","4":"has-post-thumbnail","6":"product_cat-anal-play","7":"product_cat-sex-toys","8":"product_tag-masseur-de-prostate-o-boy-7-speed-noir","10":"first","11":"outofstock","12":"taxable","13":"shipping-taxable","14":"purchasable","15":"product-type-simple"},"acf":[],"_links":{"self":[{"href":"https:\/\/poppers-online.ch\/fr\/wp-json\/wp\/v2\/product\/78212","targetHints":{"allow":["GET"]}}],"collection":[{"href":"https:\/\/poppers-online.ch\/fr\/wp-json\/wp\/v2\/product"}],"about":[{"href":"https:\/\/poppers-online.ch\/fr\/wp-json\/wp\/v2\/types\/product"}],"replies":[{"embeddable":true,"href":"https:\/\/poppers-online.ch\/fr\/wp-json\/wp\/v2\/comments?post=78212"}],"wp:featuredmedia":[{"embeddable":true,"href":"https:\/\/poppers-online.ch\/fr\/wp-json\/wp\/v2\/media\/78208"}],"wp:attachment":[{"href":"https:\/\/poppers-online.ch\/fr\/wp-json\/wp\/v2\/media?parent=78212"}],"wp:term":[{"taxonomy":"product_brand","embeddable":true,"href":"https:\/\/poppers-online.ch\/fr\/wp-json\/wp\/v2\/product_brand?post=78212"},{"taxonomy":"product_cat","embeddable":true,"href":"https:\/\/poppers-online.ch\/fr\/wp-json\/wp\/v2\/product_cat?post=78212"},{"taxonomy":"product_tag","embeddable":true,"href":"https:\/\/poppers-online.ch\/fr\/wp-json\/wp\/v2\/product_tag?post=78212"}],"curies":[{"name":"wp","href":"https:\/\/api.w.org\/{rel}","templated":true}]}}